{"id":1146,"date":"2012-02-21T22:12:50","date_gmt":"2012-02-21T22:12:50","guid":{"rendered":"http:\/\/www.elmundodegallasalva.es\/?page_id=1146"},"modified":"2015-10-13T15:26:51","modified_gmt":"2015-10-13T15:26:51","slug":"la-tableta-esmeralda-el-ojo-de-horus-y-los-iberos","status":"publish","type":"page","link":"http:\/\/www.elmundodegallasalva.es\/?page_id=1146","title":{"rendered":"La tableta esmeralda, el ojo de Horus y los \u00cdberos"},"content":{"rendered":"<address><span style=\"color: #000080;\"><strong>&#8230;..\u00bfSab\u00e9is vosotros porqu\u00e9 fue concedida la regi\u00f3n de Buto a Horus? Yo lo s\u00e9, pero vosotros, \u00a1vosotros no la sabeis!. Ra dio esa regi\u00f3n a Horus para resarcirse de la herida sufrida por su ojo, helo aqu\u00ed<\/strong><\/span><\/address>\n<address><span style=\"color: #000080;\"><strong>-Ra, en efecto,\u00a0 dijo a Horus: \u00abD\u00e9jame ver lo que ha sucedido a tu ojo\u00bb y lo mir\u00f3. <\/strong><\/span><\/address>\n<address><span style=\"color: #000080;\"><strong>-Despu\u00e9s dijo Ra a Horus: \u00abMira hacia all\u00ed; vigila a ese jabal\u00ed negro\u00bb\u00a0 y Horus le vigil\u00f3 sin descanso. El jabal\u00ed, furios\u00edsimo le asalt\u00f3.<\/strong><\/span><\/address>\n<address><span style=\"color: #000080;\"><strong>-Luego Horus dijo a Ra: \u00abVen a ver el golpe que\u00a0 Seth ha dado a mi ojo\u00bb y a causa del dolor, Horus empez\u00f3 a desesperarse.<\/strong><\/span><\/address>\n<address><span style=\"color: #000080;\"><strong>-Ra, dirigiendo las palabras a las divinidades que le rodeaban, entonces dijo: \u00abEncontrarle un lugar seguro para que pueda curar su herida, pues Seth convertido en Jabal\u00ed negro acaba de asestar un golpe muy rudo al Ojo de Horus Y a\u00f1adi\u00f3 Ra, dirigi\u00e9nsose siempre a las divinidades que le rodeaban: \u00abEse Jabal\u00ed Negro no inspira a Horus sino repugnancia. Pero yo os juro que Horus renacer\u00e1 a la salud.\u00a0 \u00a1Ah! \u00a1Qu\u00e9 repugnancia inspira a Horus ese Jabal\u00ed negro!<\/strong><\/span><\/address>\n<address><span style=\"color: #000080;\"><strong>-Mas tarde, cuando Horus lleg\u00f3 a Ser su propio hijo, los dioses del s\u00e9quito de Ra, en sacrificio expiatorio, trajeron a Horus toros, ovejas y puercos.<\/strong><\/span><\/address>\n<address><span style=\"color: #000080;\"><strong>-He aqu\u00ed los nombres de los hijos que tuvo Horus. Duatmutf, Hapi, Mestha, Kebhsennuf, e Isis es su madre.<\/strong><\/span><\/address>\n<address><span style=\"color: #000080;\"><strong>-Despu\u00e9s Horus dijo a Ra: \u00abConced\u00e9dme los dos gemelos divinos de Buto y los dos gemelos de Nekhem\u00bb <\/strong><\/span><\/address>\n<address><span style=\"color: #000080;\"><strong>-\u00a1Oh dioses!, en verdad han nacido en vuestros Cuerpos y conmigo permanecen hasta el Fin de los Tiempos. Entonces se calmar\u00e1 el Hurac\u00e1n de Fuego, reaparecer\u00e1 la Tierra en su nuevo esplendor, y su nombre misterioso ser\u00e1 \u00abHORUS-DE-LA-TABLETA-DE-ESMERALDA\u00bb&#8230;.<\/strong><\/span><\/address>\n<address><span style=\"color: #000080;\"><strong>(Para conocer los misterios de la regi\u00f3n de Buto, Libro Egipcio de los Muertos.<\/strong><\/span><\/address>\n<p style=\"text-align: center;\"><strong>Vemos en este fragmento del Libro de los muertos\u00a0 que un Jabal\u00ed atac\u00f3 a Horus, le hiri\u00f3 del Ojo y que Ra le di\u00f3 la regi\u00f3n de Buto para que sanara sus heridas y que a trav\u00e9s de Isis, que era su madre, tuvo a m\u00e1s hijos. Osea que Isis fue madre y esposa de\u00a0 Horus. Tambi\u00e9n hay que aclarar que las diosas quedaban embarazadas siendo v\u00edrgenes, osea que estamos hablando de nacimientos divinos y que tienen un sentido paralelo que permit\u00eda a los antiguos astr\u00f3logos fechar la \u00e9poca a la que se estaba aludiendo. <\/strong><\/p>\n<p style=\"text-align: center;\"><strong><a href=\"http:\/\/www.elmundodegallasalva.es\/wp-content\/uploads\/2012\/02\/carmen_fotos-2005.jpg\"><img loading=\"lazy\" class=\"aligncenter size-medium wp-image-1149\" title=\"carmen_fotos 2005\" src=\"http:\/\/www.elmundodegallasalva.es\/wp-content\/uploads\/2012\/02\/carmen_fotos-2005-300x240.jpg\" alt=\"\" width=\"300\" height=\"240\" srcset=\"http:\/\/www.elmundodegallasalva.es\/wp-content\/uploads\/2012\/02\/carmen_fotos-2005-300x240.jpg 300w, http:\/\/www.elmundodegallasalva.es\/wp-content\/uploads\/2012\/02\/carmen_fotos-2005.jpg 360w\" sizes=\"(max-width: 300px) 100vw, 300px\" \/><\/a><\/strong><\/p>\n<p style=\"text-align: center;\"><strong>Podemos entender tambi\u00e9n que los dioses se encarnan a si mismos, pero siempre a trav\u00e9s de una diosa, que es la que cura las heridas o alberga en su seno.<\/strong><\/p>\n<p style=\"text-align: center;\"><strong>Veamos otro fragmento del Libro Egipcio de los Muertos:<\/strong><\/p>\n<p style=\"text-align: left;\"><strong><span style=\"color: #000080;\"><em>\u00abNacida del\u00a0 Oc\u00e9ano Celeste,\u00a0 yo soy el Alma de Ra&#8230;..Me llena de horror la vista del Mal, pienso en el Bien y no vivo sino para la Verdad y la Justicia. Mi nombre sagrado, el nombre del Alma Divina, es puro de toda mancha&#8230;&#8230;.Yo soy la due\u00f1a de la Luz&#8230;..Yo soy quien ha creado las Tinieblas y las ha dispuesto en barreras infranqueables en los confines del Cielo&#8230;.el Cetro apretado en mis manos y dispuesto a rechazar los ataques\u00a0 de los Esp\u00edritus-Serpientes que acechan en sus escondrijos&#8230;.Yo soy el Alma Divina que en otro tiempo cre\u00f3 el Oc\u00e9ano Celeste.\u00a0 Es inabordable mi morada en la Regi\u00f3n de los Muertos&#8230;.He aqu\u00ed a mi Padre divino, Se\u00f1or del Crep\u00fasculo, cuyo cuerpo reposa en Heli\u00f3polis. Su poder se extiende sobre todos los seres de la Regi\u00f3n de los Muertos&#8230;\u00bb<\/em><\/span><br \/>\n<\/strong><\/p>\n<p style=\"text-align: center;\"><strong>Nacida del Oc\u00e9ano es Venus,\u00a0 la estrella que ilumina la Oscuridad\u00a0 y la Regi\u00f3n de los Muertos. Es la que Resucita y la Esmeralda que sana las heridas de Horus. El collar\u00a0 de esmerada que luce Horus en su cuello\u00a0 y la tablita que devuelve la Luz al Tercer Ojo.<\/strong><\/p>\n<p style=\"text-align: center;\"><strong>Veamos otro fragmento del Libro de los Muertos:<\/strong><\/p>\n<p><span style=\"color: #000080;\"><em><strong>\u00bb Yo soy la Cintura Luminosa, la que irradia en el Pecho de Nut y que expulsa las Tinieblas de la Noche&#8230;..Cuando ya se apagaba yo he liberado el Ojo de los Mundos&#8230;.En la Casa de la Luna yo he provisto a Thot de armas m\u00e1gicas &#8230;..Yo soy la diosa Nut, ella, \u00a1la que expulsa las tinieblas!&#8230;.Yo levanto y sostengo a los que lloran&#8230;.con las caras ocultas en sus manos&#8230;..sumidos en la desesperaci\u00f3n&#8230;..\u00a1Miradme! \u00a1En verdad yo soy la diosa Nut que llega entre vosotros!\u00a1He escuchado vuestros lamentos! \u00a1Abro la ruta de la Luz! \u00a1Yo soy Nut, que expulsa las tienblas&#8230;.\u00bb<\/strong><\/em><\/span><\/p>\n<p style=\"text-align: center;\"><em><strong><a href=\"http:\/\/www.elmundodegallasalva.es\/wp-content\/uploads\/2012\/02\/Rotaci\u00f3ncarmen_fotos-1464.jpg\"><img loading=\"lazy\" class=\"aligncenter size-medium wp-image-1158\" title=\"Rotaci\u00f3ncarmen_fotos 1464\" src=\"http:\/\/www.elmundodegallasalva.es\/wp-content\/uploads\/2012\/02\/Rotaci\u00f3ncarmen_fotos-1464-245x300.jpg\" alt=\"\" width=\"245\" height=\"300\" srcset=\"http:\/\/www.elmundodegallasalva.es\/wp-content\/uploads\/2012\/02\/Rotaci\u00f3ncarmen_fotos-1464-245x300.jpg 245w, http:\/\/www.elmundodegallasalva.es\/wp-content\/uploads\/2012\/02\/Rotaci\u00f3ncarmen_fotos-1464.jpg 288w\" sizes=\"(max-width: 245px) 100vw, 245px\" \/><\/a><\/strong><\/em><\/p>\n<p style=\"text-align: center;\"><strong>Como la mism\u00edsima Madona de Ripoll, Nut es la protectora de los afligidos y la terrible diosa que persigue a los asesinos que escapan de la Justicia de los hombres, la que escarmienta a la perdida humanidad con sus leyes c\u00e1rmicas y la mism\u00edsima Virgen del Camen patrona de los marina, la Venus o Astart\u00e9 reina de Espa\u00f1a y que hab\u00eda de venir al Final de los Tiempos a traer La Balanza y junto a ella habr\u00edan de estar los M\u00e1rtires en Cristo&#8230;..<\/strong><\/p>\n<p style=\"text-align: center;\"><strong>En otro fragmento del Libro de los Muertos vemos:<\/strong><\/p>\n<p style=\"text-align: left;\"><em><strong><span style=\"color: #000080;\">\u00ab&#8230;Yo estoy designado para suceder a Osiris, su Heredero, en la Regi\u00f3n de los Muertos. En verdad yo soy Horus, entre los Esp\u00edritus Santificados, due\u00f1o de su Diadema, due\u00f1o de la Luz&#8230;&#8230;<\/span>\u00ab<\/strong><\/em><\/p>\n<address>\u00a0<\/address>\n<p style=\"text-align: center;\"><strong>Ya he contado en muchas p\u00e1ginas que Horus y H\u00e9rcules son el mismo y que fueron los tres hijos de Geri\u00f3n el negro a los que di\u00f3 muerte Horus-H\u00e9rcules.\u00a0 V\u00e9ase el siguiente enlace:<\/strong><\/p>\n<h1 style=\"text-align: center;\"><a title=\"El Laberinto de la Oca y el Tridente de Poseid\u00f3n\" href=\"..\/?page_id=1136\" rel=\"bookmark\">El Laberinto de la Oca y el Tridente de Poseid\u00f3n<\/a><\/h1>\n<p style=\"text-align: center;\"><strong>Hemos visto en el enlace que los reyes m\u00edticos de Espa\u00f1a, descendientes de Jafet hijo de No\u00e9 fueron\u00a0 seis: T\u00fabal, Ibero, Idubeda, Brigo, Tago y Beto. A partir de ah\u00ed empez\u00f3 la famosa guerra de la Atl\u00e1ntida, la primera despu\u00e9s del Diluvio y que fue protagonacida por el Tit\u00e1n Geri\u00f3n que gobern\u00f3 la Pan\u00ednsula o Pen\u00ednsula y que fue de alguna manera el que puso fin a la era de C\u00e1ncer, representada por el Diluvio. Despu\u00e9s de \u201ccortar la cabeza de la Medusa\u201d,\u00a0 cosa que simboliza el fin de la era de C\u00e1ncer, empez\u00f3 la era de G\u00e9minis representada por los los mellizos que fueron el Caballo Alado Pegaso y Crisaor.<\/strong><\/p>\n<p style=\"text-align: center;\"><strong> Seg\u00fan consta en la Cosmolog\u00eda de Tolomeo: H\u00e9rcules-Horus mat\u00f3 a los tres hijos de Geri\u00f3n o gigante Tric\u00e9falo en\u00a0 La Coru\u00f1a (Galicia-Spain) y fueron enterrados debajo de la Torre de H\u00e9rcules de la citada ciudad.<\/strong><\/p>\n<p style=\"text-align: center;\"><strong>Hemos visto en el texto egipcio como a Horus se le da la Regi\u00f3n de Buto, <strong>para compensarlo por la herida de su ojo<\/strong>, que evidentemente es la Regi\u00f3n de Beto y que este \u00faltimo fue el sexto rey de Espa\u00f1a que di\u00f3 nombre a la B\u00e9tica. Hemos visto tambi\u00e9n en el citado atlas o libro de c\u00f3smologia, que Asterio o Mercurio Trismegistro era hermano de H\u00e9rcules-Horus y que di\u00f3 nombre a Asturias.<\/strong><\/p>\n<p style=\"text-align: center;\"><strong>Beto o Buto\u00a0 fue rey de Espa\u00f1a, que tambi\u00e9n se llam\u00f3 Vera Hesperia , a causa de la estrella occidental Vespero-Hespero que se trata de Venus y que segu\u00edan los marinos en alta mar para llegar a Espa\u00f1a, que llegaban derechitos al Cabo de Creus y sol\u00edan desembarcar en el Golgo de Rosas, que all\u00ed empezaban los templos de Venus.<\/strong><\/p>\n<p style=\"text-align: center;\"><strong>Venus se identific\u00f3 con Isis y todas las reinas de Espa\u00f1a se identificaban con Venus-Isis tambi\u00e9n. Eran todas guap\u00edsimas, requetasabias,\u00a0 iniciadas y pobre de aquel desgraciado que osara cantar lo contrario. Lo mismo val\u00eda para el rey de turno, que siempre era el Sol m\u00e1s brillante, valiente, vidente y salado.<\/strong><\/p>\n<p style=\"text-align: center;\"><strong>El Sol moraba en el Templo de Heliopolis, que al Final de los Tiempos mostrar\u00eda su esplendor. Hemos mencionado en otras p\u00e1ginas que hubo una Heliopolis de Hispalis, en Espa\u00f1a y que tambi\u00e9n hubo la Heliopolis de Egipto, que actualmente es un barrio de El Cairo poblado por coptos, que se han habido muchos incidentes ult\u00edmamente y muertos.<\/strong><\/p>\n<p style=\"text-align: center;\"><strong>Que muchos reyes se hayan identificado con el Sol o Ra no significa que lo hayan igualado y siempre han dejado claro la existencia de un Dios \u00fanico y as\u00ed lo mencionan los textos egipcios:<br \/>\n<\/strong><\/p>\n<p><span style=\"color: #003366;\"><em><strong>\u00ab&#8230;\u00a1Oh tu Subsistencia divina de la que proceden todas las Formas y todos los seres&#8230;.! Te adoran las divinidades de las cuatro Regiones del Espacio. Acabas, he aqu\u00ed, de pronunciar una palabra: y silenciosa la Tierra te escucha&#8230;.En una \u00e9poca que la Tierra con sus monta\u00f1as no exist\u00eda a\u00fan, t\u00fa reinabas ya en el Cielo; T\u00fa Divinidad \u00danica&#8230;.\u00bfT\u00fa el r\u00e1pido! \u00a1T\u00fa , el Se\u00f1or! \u00a1T\u00fa el creador de cuanto existe! \u00a1T\u00fa, el \u00fanico!\u00a1T\u00fa moldeaste la lengua de las Jerarqu\u00edas Divinas al Alba de los Tiempos!. Del primer Oc\u00e9ano t\u00fa arrancaste los Seres y en una Isla del Lago de Horus los salvaste&#8230;&#8230;.\u00a0 \u00a1Oh Osiris!\u00a1Su naturaleza Divina devuelve a mi Alma!Oh Se\u00f1or de los dioses, gloria a ti, Tu nombre sea alabado. \u00a1Oh Creador de Obras admirables! Mi cuerpo que reposa en la Tierra, para toda la Eternidad, acl\u00e1ralo con tus rayos!.\u00bb<\/strong><\/em><\/span><\/p>\n<address><strong>Fragmento del Himno a la Gloria, del Libro Egipcio de los Muertos.<\/strong><\/address>\n<p><strong>En el siguiente cap\u00edtulo del Libro de los Muertos vemos lo siguiente:<\/strong><\/p>\n<p><span style=\"color: #000080;\"><strong>\u00ab<em>&#8230;..yo soy el gran Fenix de Heliopolis. Del Libro del Destino en el que se escribe todo cuanto fue y cuanto ser\u00e1, yo soy el Guardi\u00e1n. En el momento en que aparece, yo soy el dios Amsu, y mi cabeza adornan las Plumas de la diosa Justicia y Verdad. He aqu\u00ed que a mi patria de origen llego, y espero el lugar de mi resiencia fija. Ha sido arrancado el Mal que exist\u00eda en m\u00ed, hasta sus ra\u00edces. Han sido barridas mis taras, mis defectos. Recorro yo las rutas del M\u00e1s All\u00e1&#8230;..Familiares me son, en verdad, la Ordenaci\u00f3n de los Mundos es la direcci\u00f3n de mi marcha. Llego hasta el pa\u00eds del horizonte, franqueo el Sagrado Portal&#8230;\u00a1Oh dioses!\u00a1Tended hacia mi vuestros brazos, vosotros que sal\u00eds\u00a0 en mi encuentro! Pues he llegado a ser un dios,\u00a0 \u00a1vuestro igual! Cuando la Batalla de Horus con Seth, en el momento que el Ojo Divino de Horus estaba a punto de apagarse, yo le devolv\u00ed su vigor. Yo puse en orden los Circuitos Celestes&#8230;. luego del Derrumbamiento de los mundos&#8230;&#8230;Yo soy aquel cuya alma\u00a0 reside en la divinidad noble de Djafi. Que ha bendecido el \u00c1rbol Sagrado de Heli\u00f3polis, durante la Noche de Destrucci\u00f3n de los Demonios&#8230;Yo soy el Gran Gato Divino&#8230;..\u00a1Oh Ra! \u00a1T\u00fa que reluces como el oro puro de tu Disco Solar, t\u00fa que habitas en el Huevo C\u00f3smico&#8230;&#8230;<\/em><\/strong><\/span><\/p>\n<p style=\"text-align: center;\"><span style=\"color: #000080;\"><strong><em><br \/>\n<\/em><\/strong><\/span><\/p>\n<p style=\"text-align: center;\"><span style=\"color: #000080;\"><strong><em><a href=\"http:\/\/www.elmundodegallasalva.es\/wp-content\/uploads\/2011\/06\/grifon.jpg\"><img loading=\"lazy\" class=\"size-medium wp-image-51 aligncenter\" title=\"grifon\" src=\"http:\/\/www.elmundodegallasalva.es\/wp-content\/uploads\/2011\/06\/grifon-300x224.jpg\" alt=\"\" width=\"300\" height=\"224\" srcset=\"http:\/\/www.elmundodegallasalva.es\/wp-content\/uploads\/2011\/06\/grifon-300x224.jpg 300w, http:\/\/www.elmundodegallasalva.es\/wp-content\/uploads\/2011\/06\/grifon.jpg 400w\" sizes=\"(max-width: 300px) 100vw, 300px\" \/><\/a><br \/>\n<\/em><\/strong><\/span><\/p>\n<p style=\"text-align: center;\"><strong>Hemos visto anteriormente que en Heli\u00f3polis reposa el Padre Divino de la diosa Nut, que se identifica con Venus y cuyo poder se extiende sobre todos los seres de la Regi\u00f3n de los Muertos y hemos visto tambi\u00e9n que hay un \u00c1rbol Sagrado en Heliop\u00f3lis que ha sido Bendecido en la Noche de Destrucci\u00f3n de los Demonios y que del primer Oc\u00e9ano el Creador Divino arranc\u00f3 los Seres y en una Isla del Lago de Horus los Salv\u00f3.<\/strong><\/p>\n<p style=\"text-align: center;\"><strong>Hemos visto tambi\u00e9n que se di\u00f3 a Horus la regi\u00f3n de Buto, que es la de Beto y que era Espa\u00f1a, la Pan\u00ednsula, o Pen\u00ednsula Ib\u00e9rica. Si nos fijamos los antiguos llamaban Pan\u00ednsula a la Regi\u00f3n de Beto porque antes hab\u00eda sido gobernada por Pan, eran todos muy paganos y\u00a0 era la Pan\u00ednsula,\u00a0 osea la insula de Pan o la isla de Pan, que luego ser\u00eda Pen\u00ednsula Ib\u00e9rica por Ibero, el hijo de T\u00fabal. Despu\u00e9s de Ibero gobern\u00f3 Idubeda, luego Brigo, luego\u00a0 Tago y luego fue la Regi\u00f3n de Beto\u00a0 que hered\u00f3 Horus-H\u00e9rcules tr\u00e1s un terrible combate en el que se hiri\u00f3 gravemente el tercer Ojo. <\/strong><\/p>\n<p style=\"text-align: center;\"><strong>Se ve cl\u00e1ramente que la Isla del lago de Horus y la Regi\u00f3n de Beto o Buto es la misma Pan\u00ednsula en que se salvaron los Seres durante la Destrucci\u00f3n de los Demonios y en donde estaba la Tableta Esmeralda o Collar de Venus que luc\u00eda Horus alrededor del cuello y en donde se Bendijo el \u00e1rbol Sagrado de Heli\u00f3polis.<br \/>\n<\/strong><\/p>\n<p style=\"text-align: center;\"><strong><a href=\"http:\/\/www.elmundodegallasalva.es\/wp-content\/uploads\/2012\/02\/Rotaci\u00f3ncarmen_fotos-052.jpg\"><img loading=\"lazy\" class=\"aligncenter size-medium wp-image-1159\" title=\"Rotaci\u00f3ncarmen_fotos 052\" src=\"http:\/\/www.elmundodegallasalva.es\/wp-content\/uploads\/2012\/02\/Rotaci\u00f3ncarmen_fotos-052-245x300.jpg\" alt=\"\" width=\"245\" height=\"300\" srcset=\"http:\/\/www.elmundodegallasalva.es\/wp-content\/uploads\/2012\/02\/Rotaci\u00f3ncarmen_fotos-052-245x300.jpg 245w, http:\/\/www.elmundodegallasalva.es\/wp-content\/uploads\/2012\/02\/Rotaci\u00f3ncarmen_fotos-052.jpg 288w\" sizes=\"(max-width: 245px) 100vw, 245px\" \/><\/a><br \/>\n<\/strong><\/p>\n<p style=\"text-align: center;\"><strong>Seg\u00fan los textos vedas:<\/strong><\/p>\n<address style=\"text-align: center;\"><span style=\"color: #993300;\"><strong>\u00abEl gran \u00c1rbol fue traido por los dioses,<\/strong><\/span><\/address>\n<address style=\"text-align: center;\"><span style=\"color: #993300;\"><strong>para combatir contra los vampiros y demonios<\/strong><\/span><\/address>\n<address style=\"text-align: center;\"><span style=\"color: #993300;\"><strong>\u00a1Que se levante, que prolifere su Semilla Santa!<\/strong><\/span><\/address>\n<address style=\"text-align: center;\"><span style=\"color: #993300;\"><strong>\u00a1Que podamos por \u00e9l conquistar todos los mundos!<\/strong><\/span><\/address>\n<p style=\"text-align: center;\"><strong>Del Huevo C\u00f3smico de Heli\u00f3polis ya he hablado en otros enlaces y de como se ha venerado en Ripoll con el nombre de San Hou o Santo Huevo en castellano.\u00a0 El \u00c1rbol Sagrado de Heli\u00f3polis lo dejaremos para otra p\u00e1gina.<br \/>\n<\/strong><\/p>\n<p style=\"text-align: center;\"><strong>Se ha considerado el agujero de San Hou o Santo Huevo una conexi\u00f3n con el infierno. M\u00e1s informaci\u00f3n en el enlace:<\/strong><\/p>\n<h1 style=\"text-align: center;\"><a title=\"La maldici\u00f3n del conde Arnau, el castillo de Blancafort y el Grial\" href=\"..\/?page_id=766\" rel=\"bookmark\">La maldici\u00f3n del conde Arnau, el castillo de Blancafort y el Grial<\/a><\/h1>\n<p style=\"text-align: center;\"><strong><br \/>\n<\/strong><\/p>\n","protected":false},"excerpt":{"rendered":"<p>&#8230;..\u00bfSab\u00e9is vosotros porqu\u00e9 fue concedida la regi\u00f3n de Buto a Horus? Yo lo s\u00e9, pero vosotros, \u00a1vosotros no la sabeis!.&hellip;<\/p>\n","protected":false},"author":1,"featured_media":0,"parent":2681,"menu_order":0,"comment_status":"open","ping_status":"open","template":"","meta":{"_monsterinsights_skip_tracking":false,"_monsterinsights_sitenote_active":false,"_monsterinsights_sitenote_note":"","_monsterinsights_sitenote_category":0},"_links":{"self":[{"href":"http:\/\/www.elmundodegallasalva.es\/index.php?rest_route=\/wp\/v2\/pages\/1146"}],"collection":[{"href":"http:\/\/www.elmundodegallasalva.es\/index.php?rest_route=\/wp\/v2\/pages"}],"about":[{"href":"http:\/\/www.elmundodegallasalva.es\/index.php?rest_route=\/wp\/v2\/types\/page"}],"author":[{"embeddable":true,"href":"http:\/\/www.elmundodegallasalva.es\/index.php?rest_route=\/wp\/v2\/users\/1"}],"replies":[{"embeddable":true,"href":"http:\/\/www.elmundodegallasalva.es\/index.php?rest_route=%2Fwp%2Fv2%2Fcomments&post=1146"}],"version-history":[{"count":0,"href":"http:\/\/www.elmundodegallasalva.es\/index.php?rest_route=\/wp\/v2\/pages\/1146\/revisions"}],"up":[{"embeddable":true,"href":"http:\/\/www.elmundodegallasalva.es\/index.php?rest_route=\/wp\/v2\/pages\/2681"}],"wp:attachment":[{"href":"http:\/\/www.elmundodegallasalva.es\/index.php?rest_route=%2Fwp%2Fv2%2Fmedia&parent=1146"}],"curies":[{"name":"wp","href":"https:\/\/api.w.org\/{rel}","templated":true}]}}