{"id":133,"date":"2011-07-05T15:25:12","date_gmt":"2011-07-05T15:25:12","guid":{"rendered":"http:\/\/www.elmundodegallasalva.es\/?page_id=133"},"modified":"2016-10-03T19:55:33","modified_gmt":"2016-10-03T19:55:33","slug":"el-mesias-y-la-puerta-dorada-leyendas-del-ripolles","status":"publish","type":"page","link":"http:\/\/www.elmundodegallasalva.es\/?page_id=133","title":{"rendered":"El Mes\u00edas y la Puerta Dorada"},"content":{"rendered":"<p><a href=\"http:\/\/www.elmundodegallasalva.es\/wp-content\/uploads\/2011\/07\/p-lanol-jer.jpg\"><img loading=\"lazy\" class=\"alignleft size-medium wp-image-134\" title=\"p-lanol jer\" src=\"http:\/\/www.elmundodegallasalva.es\/wp-content\/uploads\/2011\/07\/p-lanol-jer-300x225.jpg\" alt=\"\" width=\"300\" height=\"225\" \/><\/a> La palabra \u00abMes\u00edas\u00bb tiene cierta edad y con el tiempo las cosas cambian. En Tiempos de los sacerdotes esenios, que eran los que acostumbraban a levantar cartas astrales de los mes\u00edas, pues para ellos era el introductor a una nueva era, un rey y no ten\u00eda la significaci\u00f3n actual.<\/p>\n<p>Se dice que entre los rollos que aparecieron en el Mar Muerto, encontraron muchas cartas astrales de mes\u00edas, incluida la del que est\u00e1 por venir y que pone que es de signo Leo. Todo ello obedece a una concepci\u00f3n particular de las leyes del universo, ya que cuando empez\u00f3 la era de Piscis el mes\u00edas naci\u00f3 de una Virgen, que se corresponde con el signo de Virgo, que es justamente el opuesto!!<\/p>\n<p>La profec\u00eda o tradici\u00f3n dec\u00eda tambi\u00e9n que no pod\u00eda haber rey de Israel hasta la segunda venida de Cristo y que \u00e9ste iba a entrar por la Puerta Dorada de la monumental Jerusal\u00e9n, a consecuencia de lo cual la puerta fue cerrada, osea para que Cristo no pasara!<\/p>\n<p>La del dibujo es la Puerta Dorada de la muralla de la monumental Jerusal\u00e9n, que lleva al puente que cruza el r\u00edo Cedr\u00f3n y por la que pas\u00f3 Jesucristo cuando fue preso !<\/p>\n<p>Aunque la Puerta Dorada no solo se cerr\u00f3 en Jerusal\u00e9n sino que tambi\u00e9n estaba cerrada en Gerona, pero hace algunos a\u00f1os que se abri\u00f3 y actualmente permite el paso a los vehiculos.<\/p>\n<p>La figura que engloba al conjunto es el Rey o Mes\u00edas que seg\u00fan los esenios aparec\u00eda cada nueva era.<\/p>\n<p>Los esenios eran astr\u00f3logos y hacian cartas astrales a los Mes\u00edas que iban a venir. Supongo que la versi\u00f3n del Apocalipsis est\u00e1 relacionada con la versi\u00f3n de los esenios, aquella que dice: HA VENCIDO EL LE\u00d3N DE JUD\u00c1 QUE SOMETER\u00c1 A LAS NACIONES CON UNA VARA DE HIERRO\u00bb<\/p>\n<p>Hay que entender de astrolog\u00eda para poder apreciar el significado en su plenitud de las profec\u00edas. Yo me esfuerzo en explicar y no se si consigo que me entiendan. La cosa es que cada era tiene un MES\u00cdAS del signo opuesto. As\u00ed la era de Piscis est\u00e1 representada por un Mes\u00edas que nace de una Virgen, que simboliza al signo zodiacal de Virgo o el signo opuesto. Aunque en realidad lo que se nos est\u00e1 diciendo es que Jes\u00fas era de signo Virgo.<\/p>\n<p><a href=\"http:\/\/www.elmundodegallasalva.es\/wp-content\/uploads\/2011\/07\/apoc-creu.jpg\"><img loading=\"lazy\" class=\"alignright size-medium wp-image-136\" title=\"apoc creu\" src=\"http:\/\/www.elmundodegallasalva.es\/wp-content\/uploads\/2011\/07\/apoc-creu-300x225.jpg\" alt=\"\" width=\"300\" height=\"225\" \/><\/a>La era de Acuario nos viene de un Mes\u00edas Le\u00f3n, osea de signo zodiacal Leo y el Le\u00f3n es el REY o la UNIDAD. Adem\u00e1s la era de Piscis es la \u00faltima de una Macroera y por ello se situa en ella el Final de los Tiempos o el D\u00eda de las Grandes Mutaciones.<\/p>\n<p>\u00abAl final de los tiempos habr\u00e1 un consorcio divino formado por la Hilera de los santos\u00bb.<\/p>\n<p>En el Apocalipsis de San Juan podemos leer:<\/p>\n<p>Apo,2,7- \u00abAl que tenga oidos que oiga, lo que el esp\u00edritu dice a las Iglesias\u00bb.\u00bbAl vencedor le dar\u00e9 de comer del \u00e1rbol de la vida, que est\u00e1 en el paraiso de Dios\u00bb<\/p>\n<p>Apo,11- \u00abEl vencedor no ser\u00e1 v\u00edctima de la segunda muerte&#8230;\u00bb<\/p>\n<p>Apo, 2,17 &#8211; \u00abAl vencedor, le dar\u00e9 el man\u00e1 escondido y una piedra blanca, y en la piedra escribir\u00e9 un nombre nuevo, que s\u00f3lo conoce el que lo recibe..\u00bb<\/p>\n<p>Apo,2,26- \u00abAl vencedor, al que permanezca fiel a mi servicio hasta el fin, le dar\u00e9 poder sobre las naciones, a las que apacentar\u00e1 con una vara de hierro&#8230;..y le dar\u00e9 la estrella de la ma\u00f1ana..\u00bb<\/p>\n<p>Apo,3,5- \u00ab..El vencedor ser\u00e1 revestido de vestiduras blancas. Yo no borrar\u00e9 jam\u00e1s su nombre del libro de la vida y reconocer\u00e9 su nombre delante de mi Padre y los \u00e1ngeles..\u00bb<\/p>\n<p>Apo,3,12 &#8211; \u00abAl vencedor le har\u00e9 columna del templo de mi Dios, el nombre nombre de la ciudad de mi Dios- La nueva Jerusal\u00e9n, que baja del cielo junto a mi Dios- y mi nombre nuevo\u00bb<\/p>\n<p>Apo, 3,21 &#8211; \u00abAl vencedor lo sentar\u00e9 conmigo en mi trono, igual que yo, que he vencido y me he sentado con mi padre en su trono&#8230;\u00bb<\/p>\n<p>&nbsp;<\/p>\n","protected":false},"excerpt":{"rendered":"<p>La palabra \u00abMes\u00edas\u00bb tiene cierta edad y con el tiempo las cosas cambian. En Tiempos de los sacerdotes esenios, que&hellip;<\/p>\n","protected":false},"author":1,"featured_media":0,"parent":1335,"menu_order":0,"comment_status":"open","ping_status":"open","template":"","meta":{"_monsterinsights_skip_tracking":false,"_monsterinsights_sitenote_active":false,"_monsterinsights_sitenote_note":"","_monsterinsights_sitenote_category":0},"_links":{"self":[{"href":"http:\/\/www.elmundodegallasalva.es\/index.php?rest_route=\/wp\/v2\/pages\/133"}],"collection":[{"href":"http:\/\/www.elmundodegallasalva.es\/index.php?rest_route=\/wp\/v2\/pages"}],"about":[{"href":"http:\/\/www.elmundodegallasalva.es\/index.php?rest_route=\/wp\/v2\/types\/page"}],"author":[{"embeddable":true,"href":"http:\/\/www.elmundodegallasalva.es\/index.php?rest_route=\/wp\/v2\/users\/1"}],"replies":[{"embeddable":true,"href":"http:\/\/www.elmundodegallasalva.es\/index.php?rest_route=%2Fwp%2Fv2%2Fcomments&post=133"}],"version-history":[{"count":0,"href":"http:\/\/www.elmundodegallasalva.es\/index.php?rest_route=\/wp\/v2\/pages\/133\/revisions"}],"up":[{"embeddable":true,"href":"http:\/\/www.elmundodegallasalva.es\/index.php?rest_route=\/wp\/v2\/pages\/1335"}],"wp:attachment":[{"href":"http:\/\/www.elmundodegallasalva.es\/index.php?rest_route=%2Fwp%2Fv2%2Fmedia&parent=133"}],"curies":[{"name":"wp","href":"https:\/\/api.w.org\/{rel}","templated":true}]}}