{"id":1449,"date":"2012-05-21T21:32:57","date_gmt":"2012-05-21T21:32:57","guid":{"rendered":"http:\/\/www.elmundodegallasalva.es\/?page_id=1449"},"modified":"2012-05-21T21:32:57","modified_gmt":"2012-05-21T21:32:57","slug":"el-enigma-del-conde-salomon-y-los-judios","status":"publish","type":"page","link":"http:\/\/www.elmundodegallasalva.es\/?page_id=1449","title":{"rendered":"El enigma del Conde Salom\u00f3n y los Judios"},"content":{"rendered":"<p style=\"text-align: center;\">Se sabe muy poco del conde Salom\u00f3n, pero casualmente es una antigua canci\u00f3n la que lo relaciona con la casa de Judah y con ciertos sucesos sucedidos en el a\u00f1o 804 de nuestra era, en mi pueblo natal que es Gombr\u00e9n.<\/p>\n<p style=\"text-align: center;\">En Ripoll hay una monta\u00f1a que antiguamente se llam\u00f3 Podio Salomonis y que actualmente se menciona en el mapa como Puig Salom\u00f3. Casualidades de la vida, hace alg\u00fan tiempo que me encontr\u00e9 unos planos de la monumental Jerusal\u00e9n Celeste y pude darme cuenta de una constante en la construcci\u00f3n que siempre se repite\u00a0 en las antiguas construcciones monumentales. Al principio pens\u00e9 que ciudades como Girona o Ripoll imitaban a Jerural\u00e9n, \u00bfpero ya no estoy tan segura de quien imita a quien?<\/p>\n<p style=\"text-align: center;\"><a href=\"http:\/\/www.elmundodegallasalva.es\/wp-content\/uploads\/2011\/07\/p-lanol-jer.jpg\"><img loading=\"lazy\" class=\"alignleft size-medium wp-image-134\" title=\"p-lanol jer\" src=\"http:\/\/www.elmundodegallasalva.es\/wp-content\/uploads\/2011\/07\/p-lanol-jer-300x225.jpg\" alt=\"\" width=\"300\" height=\"225\" \/><\/a><\/p>\n<p style=\"text-align: center;\">\n<p style=\"text-align: center;\">En la foto vemos un fragmento del pano monumental de Jerusal\u00e9n, con su Huerto de los Olivos y que en Ripoll se corresponder\u00eda con\u00a0 San Bartomeu o el antiguo Podio Salomonis. En el plano de la Monumental Jerusal\u00e9n se accede al huerto de los Olivos o Getzeman\u00ed por la Puerta Dorada, que en el caso de Ripoll ser\u00eda el antiguo puente del Ter que sale al camino de la Font del Amoroset y que lleva a San Bartomeu.<\/p>\n<p style=\"text-align: center;\">\u00a0<a href=\"http:\/\/www.elmundodegallasalva.es\/wp-content\/uploads\/2012\/04\/carmen_fotos-1067.jpg\"><img loading=\"lazy\" class=\"alignright size-medium wp-image-1391\" title=\"carmen_fotos 1067\" src=\"http:\/\/www.elmundodegallasalva.es\/wp-content\/uploads\/2012\/04\/carmen_fotos-1067-300x240.jpg\" alt=\"\" width=\"300\" height=\"240\" srcset=\"http:\/\/www.elmundodegallasalva.es\/wp-content\/uploads\/2012\/04\/carmen_fotos-1067-300x240.jpg 300w, http:\/\/www.elmundodegallasalva.es\/wp-content\/uploads\/2012\/04\/carmen_fotos-1067.jpg 360w\" sizes=\"(max-width: 300px) 100vw, 300px\" \/><\/a>La foto de la derecha se corresponde con\u00a0 los restos de la ermita de San Bartomeu y seg\u00fan se dice hay unos pasadizos que comunican San Bartomeu, el Catllar y San Antonio, que son tres de las cuatro monta\u00f1itas que rodean Ripoll y que se corresponden con el plano de la monumental Jerusal\u00e9n.<\/p>\n<p style=\"text-align: center;\">\u00a0Ripoll perteneci\u00f3 al condado de la Cerda\u00f1a y uno de los condes de dicho condado fue el conde Salom\u00f3n, del que apenas se dispone de informaci\u00f3n. Pero este conde Salom\u00f3n fue el que subi\u00f3 a Montgrony como bien dice la canci\u00f3n del gozo de la Virgen de Mongrony cuyo fragmento mostramos a continuaci\u00f3n:<\/p>\n<p style=\"text-align: center;\">\u00ab&#8230;..Cuando de los \u00e1rabes era Espa\u00f1a, subyugada por todo lugar, Catalu\u00f1a se sinti\u00f3 extra\u00f1a, sin fueros ni derechos. Compasivo Dios le fabrica nueva Torre de David y \u00c9l mismo se fortifica por su madre Judit(femenino de Judah)&#8230;&#8230;Admirados de tal prodigio Salom\u00f3n y Quintili\u00e1, llenos de gozo por tal vestigio, a la fuente subieron y a la virgen que enamora hacen presentes de mucho importe&#8230;.\u00bb<\/p>\n<p style=\"text-align: center;\">Seg\u00fan un viejo c\u00f3dice del monasterio de Ripoll: Quintili\u00e1 era se\u00f1or del castillo de Mogorono (que es como antiguamente se denominaba Montgrony) y en donde se supone que Carlomagno o su lugarteniente Otge Catal\u00f3 (que en realidad se llamaba Otge Goland)\u00a0 inici\u00f3 la reconquista junto con los cristianos que se hab\u00edan refugiado en estas monta\u00f1as y que fueron representados por los Nueve Barones de la Fama.<\/p>\n<p>\u00a0<a href=\"http:\/\/www.elmundodegallasalva.es\/wp-content\/uploads\/2012\/05\/Imagen-236.jpg\"><img loading=\"lazy\" class=\"alignleft size-medium wp-image-1450\" title=\"Imagen 236\" src=\"http:\/\/www.elmundodegallasalva.es\/wp-content\/uploads\/2012\/05\/Imagen-236-300x225.jpg\" alt=\"\" width=\"300\" height=\"225\" srcset=\"http:\/\/www.elmundodegallasalva.es\/wp-content\/uploads\/2012\/05\/Imagen-236-300x225.jpg 300w, http:\/\/www.elmundodegallasalva.es\/wp-content\/uploads\/2012\/05\/Imagen-236.jpg 640w\" sizes=\"(max-width: 300px) 100vw, 300px\" \/><\/a> En la foto vemos una representaci\u00f3n de los judios que se halla en el museo des judios de Girona-Gerona y aparecen portando el Candelabro tradicional.<\/p>\n<p>Se dice que los judios llegaron a Girona hacia el a\u00f1o 1000, aunque eso no significa que anteriormente no estuvieran y que tuvieran que marcharse cuando invandieron los \u00e1rabes, como los dem\u00e1s pobladores de la Tres Veces Inmortal Ciudad de Girona-Gerona, que es como la llamany que tuvieran que refugiarse en el Pirineo como los dem\u00e1s.<\/p>\n<p><a href=\"http:\/\/www.elmundodegallasalva.es\/wp-content\/uploads\/2012\/05\/Imagen-237.jpg\"><img loading=\"lazy\" class=\"alignright\" title=\"Imagen 237\" src=\"http:\/\/www.elmundodegallasalva.es\/wp-content\/uploads\/2012\/05\/Imagen-237-300x225.jpg\" alt=\"\" width=\"300\" height=\"225\" \/><\/a>Es posible que fueran los judios los que lucharan junto a Carlomagno, durante la reconquista y que tuvieran mucho que ver con esa famosa Nueva Torre de David que compasivo Dios fabricara en Mongrony . Si en Girona vemos en los relieves a los judios portando el Candelabro, im\u00e1genes parecidas se ven en Ripoll pero es el Arca de la Alianza lo que se porta.<\/p>\n<p>Si bien Girona consta como la primera escuela cabalista de Espa\u00f1a, no ser\u00eda de extra\u00f1ar que se hubiese \u00absalvado\u00bb en el Pirineo , como todo lo dem\u00e1s y que en realidad los judios en Espa\u00f1a tuvieran un origen bastante m\u00e1s antiguo que lo que la historia oficial nos suele contar.<\/p>\n<p>&nbsp;<\/p>\n","protected":false},"excerpt":{"rendered":"<p>Se sabe muy poco del conde Salom\u00f3n, pero casualmente es una antigua canci\u00f3n la que lo relaciona con la casa&hellip;<\/p>\n","protected":false},"author":1,"featured_media":0,"parent":1335,"menu_order":0,"comment_status":"open","ping_status":"open","template":"","meta":{"_monsterinsights_skip_tracking":false,"_monsterinsights_sitenote_active":false,"_monsterinsights_sitenote_note":"","_monsterinsights_sitenote_category":0},"_links":{"self":[{"href":"http:\/\/www.elmundodegallasalva.es\/index.php?rest_route=\/wp\/v2\/pages\/1449"}],"collection":[{"href":"http:\/\/www.elmundodegallasalva.es\/index.php?rest_route=\/wp\/v2\/pages"}],"about":[{"href":"http:\/\/www.elmundodegallasalva.es\/index.php?rest_route=\/wp\/v2\/types\/page"}],"author":[{"embeddable":true,"href":"http:\/\/www.elmundodegallasalva.es\/index.php?rest_route=\/wp\/v2\/users\/1"}],"replies":[{"embeddable":true,"href":"http:\/\/www.elmundodegallasalva.es\/index.php?rest_route=%2Fwp%2Fv2%2Fcomments&post=1449"}],"version-history":[{"count":0,"href":"http:\/\/www.elmundodegallasalva.es\/index.php?rest_route=\/wp\/v2\/pages\/1449\/revisions"}],"up":[{"embeddable":true,"href":"http:\/\/www.elmundodegallasalva.es\/index.php?rest_route=\/wp\/v2\/pages\/1335"}],"wp:attachment":[{"href":"http:\/\/www.elmundodegallasalva.es\/index.php?rest_route=%2Fwp%2Fv2%2Fmedia&parent=1449"}],"curies":[{"name":"wp","href":"https:\/\/api.w.org\/{rel}","templated":true}]}}