{"id":1627,"date":"2012-12-31T21:00:53","date_gmt":"2012-12-31T21:00:53","guid":{"rendered":"http:\/\/www.elmundodegallasalva.es\/?page_id=1627"},"modified":"2017-07-14T02:55:44","modified_gmt":"2017-07-14T02:55:44","slug":"1627-2","status":"publish","type":"page","link":"http:\/\/www.elmundodegallasalva.es\/?page_id=1627","title":{"rendered":"La profec\u00eda de Thoth abre la puerta al 2013"},"content":{"rendered":"<p style=\"text-align: center;\">Yo soy Thoth, amo de los dos Cuernos de la Luna; mis manos son puras y mi letra perfecta.Yo aborrezco la Iniquidad y detesto el Mal; yo fijo por escrito la Justicia. Yo destruyo la Mentira y testimonio la Verdad entre los dioses. En los dos mundos mis palabras son poderosas. Yo humillo al injusto victorioso y levanto al d\u00e9bil escarnecido&#8230;..Yo soy el se\u00f1or de la Ley Escrita y el Purificador de las Dos Tierras&#8230;&#8230;.Yo soy Thoth, que triunfo de los enemigos de Osiris y que en vista de las cat\u00e1strofes que les esperan, dispone los mundos del ma\u00f1ana&#8230;&#8230;(Cap\u00edtulo CLX Libro de los Muertos)<\/p>\n<p style=\"text-align: center;\"><a href=\"http:\/\/www.elmundodegallasalva.es\/wp-content\/uploads\/2011\/06\/portal-dimensional1.jpg\"><img loading=\"lazy\" class=\"aligncenter size-medium wp-image-57\" title=\"portal dimensional\" src=\"http:\/\/www.elmundodegallasalva.es\/wp-content\/uploads\/2011\/06\/portal-dimensional1-300x225.jpg\" alt=\"\" width=\"300\" height=\"225\" srcset=\"http:\/\/www.elmundodegallasalva.es\/wp-content\/uploads\/2011\/06\/portal-dimensional1-300x225.jpg 300w, http:\/\/www.elmundodegallasalva.es\/wp-content\/uploads\/2011\/06\/portal-dimensional1.jpg 640w\" sizes=\"(max-width: 300px) 100vw, 300px\" \/><\/a><\/p>\n<p style=\"text-align: center;\">Como se puede apreciar en la portalada del monasterio de Ripoll, es el mism\u00edsimo dios Thoth, que suele representarse con cabeza de ibis, el que sujeta una especie de Vagina C\u00f3smica que simboliza un segundo nacimiento o el nacimiento a otros mundos. Es Thoth el que dispone los mundos del ma\u00f1ana y el Purificador de las Dos Tierras.\u00a0 Ayuda en dicha purificaci\u00f3n la diosa escorpi\u00f3n Serkit, amarrando y encadenando a los condenados.<\/p>\n<p>\u00a0 Existe una fuerza cargada de destrucci\u00f3n, que es necesaria para la purificaci\u00f3n, pero que no siendo un fin en si misma su destino \u00faltimo es autodestruirse. Es por ello que no hay que combatirla directamente, sino m\u00e1s bien desprenderse de ella interiormente, completada nuestra purificaci\u00f3n. El mal pues se expande y purifica la \u00a0Tierra en virtud de su destrucci\u00f3n, bajo el control del dios Thoth que conocemos tambi\u00e9n como Asterio y que como su nombre indica da raz\u00f3n de ser a los monasterios y no pod\u00eda faltar en el monasterio de Ripoll, en la gran necr\u00f3polis, custodiando o amparando a las personas de Ley y como no castigando o encadenando a las bestias infernales o delincuentes que escapan a la justicia humana;\u00a0 sean jueces, pol\u00edticos, presidentes o personas relevantes.<\/p>\n<p style=\"text-align: center;\">Sin duda es premonitorio que tal d\u00eda como hoy, \u00faltimo d\u00eda del a\u00f1o 2012, se celebren las campanadas de fin de a\u00f1o desde el monasterio de Ripoll y que adem\u00e1s se haya nombrado Ripoll capital de la cultura 2013. No es casualidad que se vayan a celebrar las campanadas de Fin de A\u00f1o desde el carism\u00e1tico monasterio, donde han reposado por a\u00f1os santos como el Rey de Arag\u00f3n, cuyo cad\u00e1ver incorrupto fue profanado en su d\u00eda por los miqueletes y arrastrado por las calles del pueblo.\u00a0 No podr\u00eda ser de otra manera,\u00a0 que estando J\u00fapiter el gran ben\u00e9fico en el sigo de G\u00e9minis y el nodo norte y Saturno en el signo del Escorpi\u00f3n, se ponga en marcha la gran Purificaci\u00f3n que ha de expandirse por toda la Tierra.<\/p>\n<p style=\"text-align: center;\">El despertar del 2013 ser\u00e1 testigo de como el Gran Thoth humilla a los poderosos, que sin duda har\u00e1n el rid\u00edculo desde \u00a0Ripoll agitando la bandera de Arag\u00f3n cuyo rey o lo que queda descansa en el monasterio. Las campanas anunciar\u00e1n al mundo la Gran Puricaci\u00f3n que desde la cuna de Catalu\u00f1a habr\u00e1 de expandirse por el mundo.<\/p>\n<p style=\"text-align: center;\"><a href=\"http:\/\/www.elmundodegallasalva.es\/wp-content\/uploads\/2012\/03\/tumba-ram\u00f3n-berenguer.jpg\"><img loading=\"lazy\" class=\"aligncenter size-medium wp-image-1355\" title=\"tumba ram\u00f3n berenguer\" src=\"http:\/\/www.elmundodegallasalva.es\/wp-content\/uploads\/2012\/03\/tumba-ram\u00f3n-berenguer-300x225.jpg\" alt=\"\" width=\"300\" height=\"225\" srcset=\"http:\/\/www.elmundodegallasalva.es\/wp-content\/uploads\/2012\/03\/tumba-ram\u00f3n-berenguer-300x225.jpg 300w, http:\/\/www.elmundodegallasalva.es\/wp-content\/uploads\/2012\/03\/tumba-ram\u00f3n-berenguer.jpg 640w\" sizes=\"(max-width: 300px) 100vw, 300px\" \/><\/a><\/p>\n<p style=\"text-align: center;\">Vemos en la foto la placa conmemorativa, con la corona del rey de Arag\u00f3n y su escudo, cuya bandera se dedican a ondear los independentistas catalanes ignorantes de la historia, de su propia historia y es que tarde o temprano se ha de pagar el haber profanado santos e incendiado miles de documentos que por siglos atesor\u00f3 la historia en el citado cenobio de Santa Mar\u00eda de Ripoll, que un d\u00eda fuera cuna de la ciencias y cuyo saber se difundi\u00f3 por Europa y el mundo.<\/p>\n<p style=\"text-align: center;\">Ha sido el mism\u00edsimo presidente Artur M\u00e1s, que envuelto en la bander\u00e1 de Arag\u00f3n quiere hacer de Catalu\u00f1a una nueva naci\u00f3n y para que su rid\u00edculo sea m\u00e1s patente ha nombrado Ripoll cuna de la cultura catalana 2013. El dios Thoth empieza pu\u00e9s la purificaci\u00f3n empezando por el chulo presidente, que no ha tenido bastante con el rid\u00edculo que ha hecho en las elecciones y que quiere pasar a la historia como el legendario Conde Arnau, siendo maldito y vagando en pena por las naciones.<\/p>\n<p style=\"text-align: center;\">Una nueva placa habr\u00e1 que poner en Ripoll, que rece estas lac\u00f3nicas palabras:<\/p>\n<p style=\"text-align: center;\">EXPULSAVIT ARTUR MAS CATALANIS DE TERRA SUA<\/p>\n<p style=\"text-align: center;\">El 2013 no pasar\u00e1 sin que algunos catalanes tengan que escapar o los echen , pero sirvan de consuelo las palabras del texto egipcio:<\/p>\n<div style=\"text-align: center;\">El ayer me ha dado a Luz. He aqu\u00ed que hoy yo he creado los ma\u00f1ana&#8230;&#8230;&#8230;Yo soy el Demonio Rojo que reivindica el Ojo Divino. Ayer he franqueado la Puerta de la Muerte y he aqu\u00ed que hoy llego al t\u00e9rmino de mi viaje. Pues la poderosa Diosa para m\u00ed abre la Puerta que guarda la entrada de la Ruta. He aqu\u00ed que ataco a mi enemigo y que le subyugo; se ha rendido y no lo soltar\u00e9&#8230;..Delante de los Jueces del Mundo Inferior que rodea a Osiris, le reducir\u00e9 a la Nada&#8230;&#8230;Yo soy el Se\u00f1or de las Espadas y yo me defender\u00e9 contra todo ataque. Yo soy el Escriba&#8230;,.soy el Se\u00f1or de las Metamorfosis&#8230;pues yo poseo, virtualmente en m\u00ed, las Formas y las Esencias\u00a0 de todos los dioses. (Fragmentos del Libro de los muertos, cap. CLVI)<\/div>\n<div style=\"text-align: center;\"><a href=\"http:\/\/www.elmundodegallasalva.es\/wp-content\/uploads\/2012\/01\/Rotaci\u00f3ncarmen_fotos-1436.jpg\"><img loading=\"lazy\" class=\"aligncenter size-medium wp-image-948\" title=\"Rotaci\u00f3ncarmen_fotos 1436\" src=\"http:\/\/www.elmundodegallasalva.es\/wp-content\/uploads\/2012\/01\/Rotaci\u00f3ncarmen_fotos-1436-245x300.jpg\" alt=\"\" width=\"245\" height=\"300\" srcset=\"http:\/\/www.elmundodegallasalva.es\/wp-content\/uploads\/2012\/01\/Rotaci\u00f3ncarmen_fotos-1436-245x300.jpg 245w, http:\/\/www.elmundodegallasalva.es\/wp-content\/uploads\/2012\/01\/Rotaci\u00f3ncarmen_fotos-1436.jpg 288w\" sizes=\"(max-width: 245px) 100vw, 245px\" \/><\/a><\/div>\n<h1 style=\"text-align: center;\"><\/h1>\n<p style=\"text-align: center;\">M\u00e1s informaci\u00f3n en :<\/p>\n<h1 style=\"text-align: center;\"><a title=\"El Sagrado Coraz\u00f3n, Hermes y la quema de Ripoll\" href=\"http:\/\/www.elmundodegallasalva.es\/?page_id=1354\" rel=\"bookmark\">El Sagrado Coraz\u00f3n, Hermes y la quema de Ripoll<\/a><\/h1>\n","protected":false},"excerpt":{"rendered":"<p>Yo soy Thoth, amo de los dos Cuernos de la Luna; mis manos son puras y mi letra perfecta.Yo aborrezco&hellip;<\/p>\n","protected":false},"author":1,"featured_media":0,"parent":2007,"menu_order":0,"comment_status":"open","ping_status":"open","template":"","meta":{"_monsterinsights_skip_tracking":false,"_monsterinsights_sitenote_active":false,"_monsterinsights_sitenote_note":"","_monsterinsights_sitenote_category":0},"_links":{"self":[{"href":"http:\/\/www.elmundodegallasalva.es\/index.php?rest_route=\/wp\/v2\/pages\/1627"}],"collection":[{"href":"http:\/\/www.elmundodegallasalva.es\/index.php?rest_route=\/wp\/v2\/pages"}],"about":[{"href":"http:\/\/www.elmundodegallasalva.es\/index.php?rest_route=\/wp\/v2\/types\/page"}],"author":[{"embeddable":true,"href":"http:\/\/www.elmundodegallasalva.es\/index.php?rest_route=\/wp\/v2\/users\/1"}],"replies":[{"embeddable":true,"href":"http:\/\/www.elmundodegallasalva.es\/index.php?rest_route=%2Fwp%2Fv2%2Fcomments&post=1627"}],"version-history":[{"count":0,"href":"http:\/\/www.elmundodegallasalva.es\/index.php?rest_route=\/wp\/v2\/pages\/1627\/revisions"}],"up":[{"embeddable":true,"href":"http:\/\/www.elmundodegallasalva.es\/index.php?rest_route=\/wp\/v2\/pages\/2007"}],"wp:attachment":[{"href":"http:\/\/www.elmundodegallasalva.es\/index.php?rest_route=%2Fwp%2Fv2%2Fmedia&parent=1627"}],"curies":[{"name":"wp","href":"https:\/\/api.w.org\/{rel}","templated":true}]}}