{"id":1840,"date":"2013-02-06T02:36:53","date_gmt":"2013-02-06T02:36:53","guid":{"rendered":"http:\/\/www.elmundodegallasalva.es\/?page_id=1840"},"modified":"2013-02-06T04:21:48","modified_gmt":"2013-02-06T04:21:48","slug":"el-grial-y-las-armas-magicas-de-la-casa-de-la-luna","status":"publish","type":"page","link":"http:\/\/www.elmundodegallasalva.es\/?page_id=1840","title":{"rendered":"El Grial y las armas m\u00e1gicas de la Casa de la Luna"},"content":{"rendered":"<p>&nbsp;<\/p>\n<p><img loading=\"lazy\" class=\"alignleft size-medium wp-image-37\" style=\"color: #333333;\" alt=\"gallasalva\" src=\"http:\/\/www.elmundodegallasalva.es\/wp-content\/uploads\/2011\/06\/gallasalva-184x300.jpg\" width=\"184\" height=\"300\" srcset=\"http:\/\/www.elmundodegallasalva.es\/wp-content\/uploads\/2011\/06\/gallasalva-184x300.jpg 184w, http:\/\/www.elmundodegallasalva.es\/wp-content\/uploads\/2011\/06\/gallasalva.jpg 210w\" sizes=\"(max-width: 184px) 100vw, 184px\" \/><em><strong><em><strong>\u201d<span style=\"color: #808000;\"> Yo soy la Cintura Luminosa, la que irradia en el Pecho de Nut y que expulsa las Tinieblas de la Noche\u2026..Cuando ya se apagaba yo he liberado el Ojo de los Mundos\u2026.En la Casa de la Luna yo he provisto a Thot de ar<\/span><\/strong><\/em><span style=\"color: #808000;\">mas m\u00e1gicas \u2026..Yo soy la diosa Nut, ella, \u00a1la que expulsa las tinieblas!\u2026.Yo levanto y sostengo a los que lloran\u2026.con las caras ocultas en sus manos\u2026..sumidos en la desesperaci\u00f3n\u2026..\u00a1Miradme! \u00a1En verdad yo soy la diosa Nut que llega entre vosotros!\u00a1He escuchado vuestros lamentos! \u00a1Abro la ruta de la Luz! \u00a1Yo soy Nut, que expulsa las tinieblas\u2026.\u201d<\/span><\/strong><\/em><\/p>\n<p>Como se puede apreciar en diversos textos del Libro de los Muertos Egipcio, se identifica al Grial con un Collar de esmeraldas que irradia del pecho de Nut o Venus y que cura\u00a0las heridas del Tercer Ojo del guerrero espiritual. Es una Tableta de Esmeraldas que luce la Diosa en el Pecho y que expulsa a las Tinieblas de La noche. Es tambi\u00e9n la Tintura Luminosa con la que puede ser pintado el hombre y volverlo inmortal, seg\u00fan si ha servido a Dios bien o mal.Es el Soma o elixir inmortal \u00a0o bebida que inflama el coraz\u00f3n del h\u00e9roe. Es el \u00c1rbol que trajeron los dioses, cuya semilla prolifera para expulsar a los vampiros y demonios. Es el Pan Consagrado que devuelve a los muertos a la Vida. Es la Rosa M\u00edstica que nos protege de todo mal y que ha de florecer al Final, devolviendo al hombre su naturaleza inmortal.<\/p>\n<address><span style=\"color: #808000;\"><strong>Fragm<\/strong><strong>ento del Himno a la Gloria, del Libro Egipcio de los Muertos:<\/strong><\/span><\/address>\n<address><span style=\"color: #808000;\"><strong>\u201c<em>\u2026..yo soy el gran F\u00e9nix de Heliopolis. Del Libro del Destino en el que se escribe todo cuanto fue y cuanto ser\u00e1, yo soy el Guardi\u00e1n. En el momento en que aparece, yo soy el dios Amsu, y mi cabeza adornan las Plumas de la diosa Justicia y Verdad. He aqu\u00ed que a mi patria de origen llego, y espero el lugar de mi residencia fija. Ha sido arrancado el Mal que exist\u00eda en m\u00ed, hasta sus ra\u00edces. Han sido barridas mis taras, mis defectos. Recorro yo las rutas del M\u00e1s All\u00e1\u2026..Familiares me son, en verdad, la Ordenaci\u00f3n de los Mundos es la direcci\u00f3n de mi marcha. Llego hasta el pa\u00eds del horizonte, franqueo el Sagrado Portal\u2026\u00a1Oh dioses!\u00a1Tended hacia mi vuestros brazos, vosotros que sal\u00eds\u00a0 en mi encuentro! Pues he llegado a ser un dios,\u00a0 \u00a1vuestro igual! Cuando la Batalla de Horus con Seth, en el momento que el Ojo Divino de Horus estaba a punto de apagarse, yo le devolv\u00ed su vigor. Yo puse en orden los Circuitos Celestes\u2026. luego del Derrumbamiento de los mundos\u2026\u2026Yo soy aquel cuya alma\u00a0 reside en la divinidad noble de Djafi. Que ha bendecido el \u00c1rbol Sagrado de Heli\u00f3polis, durante la Noche de Destrucci\u00f3n de los Demonios\u2026Yo soy el Gran Gato Divino\u2026..\u00a1Oh Ra! \u00a1T\u00fa que reluces como el oro puro de tu Disco Solar, t\u00fa que habitas en el Huevo C\u00f3smico\u2026\u2026<\/em><\/strong><\/span><\/address>\n<p><img loading=\"lazy\" class=\"alignright size-medium wp-image-1420\" alt=\"Rotaci\u00f3nDSC03083\" src=\"http:\/\/www.elmundodegallasalva.es\/wp-content\/uploads\/2012\/05\/Rotaci\u00f3nDSC03083-225x300.jpg\" width=\"225\" height=\"300\" srcset=\"http:\/\/www.elmundodegallasalva.es\/wp-content\/uploads\/2012\/05\/Rotaci\u00f3nDSC03083-225x300.jpg 225w, http:\/\/www.elmundodegallasalva.es\/wp-content\/uploads\/2012\/05\/Rotaci\u00f3nDSC03083.jpg 480w\" sizes=\"(max-width: 225px) 100vw, 225px\" \/>Vemos en este Fragmento del Himno de la Gloria que se menciona un Libro del Destino y un Guardi\u00e1n y que se supone que el iniciado o difunto \u00a0que recita esto, \u00a0llega a la Patria de Origen despu\u00e9s que le ha sido arrancado el\u00a0mal, hasta sus ra\u00edces. Se puede apreciar entonces que lo del Pecado Original es algo muy extendido en el mundo antiguo y que se combate con las armas m\u00e1gicas de la Casa de la Luna. Los h\u00e9roes o doctores como Thot son provistos de armas m\u00e1gicas en la Casa de la Luna \u00a0o \u00a0adornados con Plumas de la Diosa Justicia que se identifica con Venus.<\/p>\n<p>En muchas p\u00e1ginas he mencionado que nuestra Macroera es la de Libra, que se identifica con Venus y con la b\u00fasqueda del equilibrio entre el bien y el mal. Evidentemente experimentamos el mal ampliamente, para poder controlarlo o entenderlo. Dicho de otro modo: aprendemos lo que est\u00e1 mal en carne propia, padeciendo como bellacos las m\u00e1s duras circunstancias hasta saturarnos o pudrirnos en el Nigredo de Saturno para por fin purificarnos, \u00a0trasmutarnos en oro fino \u00a0y \u00a0brillar como soles divinos. \u00a0Todo ese proceso de maduraci\u00f3n espiritual est\u00e1 guardado por Venus, ella es en realidad la Guardiana del P\u00f3rtico de la Gloria, la que con sus Leyes C\u00e1rmicas nos Escarmienta para divinizarnos o purificarnos. Es la Madre que que nos alumbra, nos alimenta, nos limpia, nos ense\u00f1a a manejarnos como seres divinos y nos castiga si nos comportamos como pepinos.<a href=\"http:\/\/www.elmundodegallasalva.es\/wp-content\/uploads\/2012\/01\/Rotaci\u00f3ncarmen_fotos-1454.jpg\"><img loading=\"lazy\" class=\"alignleft size-medium wp-image-947\" alt=\"Rotaci\u00f3ncarmen_fotos 1454\" src=\"http:\/\/www.elmundodegallasalva.es\/wp-content\/uploads\/2012\/01\/Rotaci\u00f3ncarmen_fotos-1454-245x300.jpg\" width=\"245\" height=\"300\" srcset=\"http:\/\/www.elmundodegallasalva.es\/wp-content\/uploads\/2012\/01\/Rotaci\u00f3ncarmen_fotos-1454-245x300.jpg 245w, http:\/\/www.elmundodegallasalva.es\/wp-content\/uploads\/2012\/01\/Rotaci\u00f3ncarmen_fotos-1454.jpg 288w\" sizes=\"(max-width: 245px) 100vw, 245px\" \/><\/a><\/p>\n<p>Identificada como Sibila Eritrea, Venus es la Guardiana del P\u00f3rtico de la Gloria de la catedral de Santiago de Compostela y la que porta la Profec\u00eda del Final de los Tiempos. La que permite la entrada a la Nueva Macroera de Escorpi\u00f3n, la que expulsa las Tinieblas. Ella es la Se\u00f1ora de la Casa de la Luna, la que controla la Casa realmente&#8230;aunque luego vengan Toth u otros dioses diciendo que son de la Casa de la Luna los amos&#8230;..<br \/>\n.<\/p>\n","protected":false},"excerpt":{"rendered":"<p>&nbsp; \u201d Yo soy la Cintura Luminosa, la que irradia en el Pecho de Nut y que expulsa las Tinieblas&hellip;<\/p>\n","protected":false},"author":1,"featured_media":0,"parent":214,"menu_order":0,"comment_status":"open","ping_status":"open","template":"","meta":{"_monsterinsights_skip_tracking":false,"_monsterinsights_sitenote_active":false,"_monsterinsights_sitenote_note":"","_monsterinsights_sitenote_category":0},"_links":{"self":[{"href":"http:\/\/www.elmundodegallasalva.es\/index.php?rest_route=\/wp\/v2\/pages\/1840"}],"collection":[{"href":"http:\/\/www.elmundodegallasalva.es\/index.php?rest_route=\/wp\/v2\/pages"}],"about":[{"href":"http:\/\/www.elmundodegallasalva.es\/index.php?rest_route=\/wp\/v2\/types\/page"}],"author":[{"embeddable":true,"href":"http:\/\/www.elmundodegallasalva.es\/index.php?rest_route=\/wp\/v2\/users\/1"}],"replies":[{"embeddable":true,"href":"http:\/\/www.elmundodegallasalva.es\/index.php?rest_route=%2Fwp%2Fv2%2Fcomments&post=1840"}],"version-history":[{"count":0,"href":"http:\/\/www.elmundodegallasalva.es\/index.php?rest_route=\/wp\/v2\/pages\/1840\/revisions"}],"up":[{"embeddable":true,"href":"http:\/\/www.elmundodegallasalva.es\/index.php?rest_route=\/wp\/v2\/pages\/214"}],"wp:attachment":[{"href":"http:\/\/www.elmundodegallasalva.es\/index.php?rest_route=%2Fwp%2Fv2%2Fmedia&parent=1840"}],"curies":[{"name":"wp","href":"https:\/\/api.w.org\/{rel}","templated":true}]}}