{"id":1929,"date":"2013-03-05T22:29:08","date_gmt":"2013-03-05T22:29:08","guid":{"rendered":"http:\/\/www.elmundodegallasalva.es\/?page_id=1929"},"modified":"2013-03-06T02:15:12","modified_gmt":"2013-03-06T02:15:12","slug":"ripoll-la-verguenza-de-la-iglesia-de-jesucristo","status":"publish","type":"page","link":"http:\/\/www.elmundodegallasalva.es\/?page_id=1929","title":{"rendered":"Ripoll,  la verg\u00fcenza de la Iglesia de Jesucristo"},"content":{"rendered":"<p><a href=\"http:\/\/www.elmundodegallasalva.es\/wp-content\/uploads\/2013\/03\/SAM_0525.jpg\"><img loading=\"lazy\" class=\"alignleft size-medium wp-image-1931\" alt=\"SAM_0525\" src=\"http:\/\/www.elmundodegallasalva.es\/wp-content\/uploads\/2013\/03\/SAM_0525-300x168.jpg\" width=\"300\" height=\"168\" srcset=\"http:\/\/www.elmundodegallasalva.es\/wp-content\/uploads\/2013\/03\/SAM_0525-300x168.jpg 300w, http:\/\/www.elmundodegallasalva.es\/wp-content\/uploads\/2013\/03\/SAM_0525-1024x576.jpg 1024w, http:\/\/www.elmundodegallasalva.es\/wp-content\/uploads\/2013\/03\/SAM_0525.jpg 1696w\" sizes=\"(max-width: 300px) 100vw, 300px\" \/><\/a>Este 2013 se ha nombrado a Ripoll capital de la cultura catalana 2013 y el acto de inaguraci\u00f3n fue muy concurrido. Sin embargo dada la importancia tan grande del ilustre cenobio en donde se celebro el acto, sin duda fue algo vergonzoso frente a la hist\u00f3ria. Ya desde el principio hubieron incidentes con el cura, que se negaba que las autoridades locales colocaran una bandera estelada en lo alto del Monasterio y desp\u00faes se neg\u00f3 el acosado sacerdote a que colgaran una bandera catalana enorme delante de la fachada del Glorioso monasterio. <a href=\"http:\/\/www.elmundodegallasalva.es\/wp-content\/uploads\/2013\/03\/SAM_0554.jpg\"><img loading=\"lazy\" class=\"alignright size-medium wp-image-1932\" alt=\"SAM_0554\" src=\"http:\/\/www.elmundodegallasalva.es\/wp-content\/uploads\/2013\/03\/SAM_0554-300x240.jpg\" width=\"300\" height=\"240\" srcset=\"http:\/\/www.elmundodegallasalva.es\/wp-content\/uploads\/2013\/03\/SAM_0554-300x240.jpg 300w, http:\/\/www.elmundodegallasalva.es\/wp-content\/uploads\/2013\/03\/SAM_0554.jpg 720w\" sizes=\"(max-width: 300px) 100vw, 300px\" \/><\/a>El acto transcurri\u00f3 sin incidentes y termin\u00f3 que al final baj\u00f3 de lo alto de la sacrist\u00eda la bandera de Catalu\u00f1a y todos se pon\u00edan en pie al himno de los Segadores. Fue como una especie de misa pol\u00edtiquera y en la que se sustituy\u00f3 a Virgen Sant\u00edsima por la bandera y a Jesucristo por unos sacos de arena que imitaban una trinchera y unas ruedas que portaban unos encapuchados, mientras se nombraban s\u00f3lo algunos de los personajes relevantes del Monasterio, mientras otros eran tapados con una tela y la mayor\u00eda no importaron. Evidentemente los m\u00e1s aclamados fueron Guifredo el Peloso, elevado a fundador <a href=\"http:\/\/www.elmundodegallasalva.es\/wp-content\/uploads\/2013\/03\/SAM_0569.jpg\"><img loading=\"lazy\" class=\"alignleft size-medium wp-image-1933\" alt=\"SAM_0569\" src=\"http:\/\/www.elmundodegallasalva.es\/wp-content\/uploads\/2013\/03\/SAM_0569-300x168.jpg\" width=\"300\" height=\"168\" srcset=\"http:\/\/www.elmundodegallasalva.es\/wp-content\/uploads\/2013\/03\/SAM_0569-300x168.jpg 300w, http:\/\/www.elmundodegallasalva.es\/wp-content\/uploads\/2013\/03\/SAM_0569-1024x576.jpg 1024w, http:\/\/www.elmundodegallasalva.es\/wp-content\/uploads\/2013\/03\/SAM_0569.jpg 1696w\" sizes=\"(max-width: 300px) 100vw, 300px\" \/><\/a>de la imaginaria naci\u00f3n de Catalu\u00f1a y el abad Oliba.<\/p>\n<p>Vemos en las fotos detalles del acto y la tumba que est\u00e1 detr\u00e1s de la tela es la de Ram\u00f3n Berenguer III y lo que qued\u00f3 de Ram\u00f3n Berenguer IV, despu\u00e9s de que los miqueletes arrastraran el cad\u00e1ver incorrupto del Santo por las calles de Ripoll.<\/p>\n<p>Por descontado que la profanaci\u00f3n de tumbas y la quema del archivo milenario por parte de los miqueletes no se mencion\u00f3 y record\u00f3 bastante la cosa a aquel oscuro tiempo de la historia en que a grito de libertad se profanaban los muertos, se apu\u00f1alaban sacerdotes y es que <a href=\"http:\/\/www.elmundodegallasalva.es\/wp-content\/uploads\/2012\/02\/DSC02945.jpg\"><img loading=\"lazy\" class=\"alignright size-medium wp-image-1165\" alt=\"DSC02945\" src=\"http:\/\/www.elmundodegallasalva.es\/wp-content\/uploads\/2012\/02\/DSC02945-300x225.jpg\" width=\"300\" height=\"225\" srcset=\"http:\/\/www.elmundodegallasalva.es\/wp-content\/uploads\/2012\/02\/DSC02945-300x225.jpg 300w, http:\/\/www.elmundodegallasalva.es\/wp-content\/uploads\/2012\/02\/DSC02945.jpg 640w\" sizes=\"(max-width: 300px) 100vw, 300px\" \/><\/a>sin duda la actitud irreverente por parte de los que trataban de burlar al sufrido p\u00e1rroco, tratando de colgar si o si la bandera estelada, aunque fuese disimuladamante entre los arcos y\u00a0 todos los asistentes vimos a lo menos dos al final del acto. Por todo ello y para que se conozca la historia, he desclasificado algunos documentos que son top secret para los pol\u00edticos.<\/p>\n<address>Vemos en una rese\u00f1a hist\u00f3rica de Jos\u00e9 M\u00aa Pellicer\u00a0 y Pag\u00e9s\u00a0 de 1888 sobre de Santa Mar\u00eda del monasterio de\u00a0 Ripoll, el nobil\u00edsimo origen y gloriosos recuerdos de este c\u00e9lebre santuario, hasta el milenario de su primera dedicaci\u00f3n:\u00a0 <span style=\"color: #800000;\">&#8230;&#8230;Las paredes est\u00e1n atestadas de vers\u00edculos b\u00edblicos, alternadas con profusi\u00f3n de ricas pinturas murales y sobre tabla. Los altares son siete, n\u00famero de m\u00edstico significado. El obispo Mir\u00f3n Bonofilio y Oliva Cabreta hab\u00edan elevado 46 a\u00f1os antes en el templo de Cuix\u00e1 siete altares en honor de los siete dones del Esp\u00edritu Santo. Oliba era abat de Cux\u00e1 y , apoder\u00e1ndose de la idea de su tio y de su padre la reprodujo en el crucero de su bas\u00edlica. <\/span><\/address>\n<address><span style=\"color: #800000;\"><a href=\"http:\/\/www.elmundodegallasalva.es\/wp-content\/uploads\/2012\/02\/DSC03029.jpg\"><img loading=\"lazy\" class=\"size-medium wp-image-1167 alignleft\" alt=\"DSC03029\" src=\"http:\/\/www.elmundodegallasalva.es\/wp-content\/uploads\/2012\/02\/DSC03029-300x225.jpg\" width=\"300\" height=\"225\" srcset=\"http:\/\/www.elmundodegallasalva.es\/wp-content\/uploads\/2012\/02\/DSC03029-300x225.jpg 300w, http:\/\/www.elmundodegallasalva.es\/wp-content\/uploads\/2012\/02\/DSC03029.jpg 640w\" sizes=\"(max-width: 300px) 100vw, 300px\" \/><\/a>Ocup\u00e9monos ahora de los tres suntuosos regalos con que la adorn\u00f3. <strong>Descuella en primer t\u00e9rmino la Portada, grandioso arco de triunfo al Catolicismo,<\/strong> an\u00e1logo en su forma \u00e1 los que la antiguedad griega y romana erig\u00eda a sus h\u00e9roes. Los autores que tratan de las construcciones religiosas del siglo XI est\u00e1n acordes en calificar la puerta central de los templos como la parte capital, la obra maestra del artista. Varios son los templos rom\u00e1nicos que hemos visitado \u00f3 de que tenemos noticia, y creemos poder decir muy alto que, entre esta clase de obras maestras, ninguna iguala en Europa \u00e1 la de Santa Mar\u00eda de Ripoll.<\/span><\/address>\n<address><span style=\"color: #800000;\">En sus altos relieves presidi\u00f3 tacto exquisito en escoger los pasajes del antiguo testamento m\u00e1s adecuados al nuevo, y <strong>se logr\u00f3 reunir en su cuadro el pasado, presente y porvenir de la Iglesia de Jesucristo.<\/strong><\/span><\/address>\n<address><span style=\"color: #800000;\"><a href=\"http:\/\/www.elmundodegallasalva.es\/wp-content\/uploads\/2011\/06\/portal-dimensional1.jpg\"><img loading=\"lazy\" class=\"size-medium wp-image-57 alignright\" alt=\"portal dimensional\" src=\"http:\/\/www.elmundodegallasalva.es\/wp-content\/uploads\/2011\/06\/portal-dimensional1-300x225.jpg\" width=\"300\" height=\"225\" srcset=\"http:\/\/www.elmundodegallasalva.es\/wp-content\/uploads\/2011\/06\/portal-dimensional1-300x225.jpg 300w, http:\/\/www.elmundodegallasalva.es\/wp-content\/uploads\/2011\/06\/portal-dimensional1.jpg 640w\" sizes=\"(max-width: 300px) 100vw, 300px\" \/><\/a>No desmerece la obra una vez descifrada, antes sube de punto la admiraci\u00f3n que excita. En ella sabor\u00e9a el alma los sublimes recuerdos de los patriarcas, grandes reyes y profetas; en ella contempla las maravillas que Dios obr\u00f3 por su pueblo al conducirle \u00e0 la tierra de promisi\u00f3n; all\u00ed aparecen las dos columnas de la Iglesia Pedro y Pablo, con los pasajes m\u00e1s tiernos y milagrosos de la Ley de Gracia&#8230;..<\/span><\/address>\n<address><span style=\"color: #800000;\">&#8230;despejamos los escombros que ocultaban gran parte de lo que resta, y creimos hacer un peque\u00f1o servicio \u00e1 las artes copi\u00e1ndolo, completando y haciendo del mismo la siguiente descripci\u00f3n: <\/span><\/address>\n<address><span style=\"color: #800000;\"><strong>En el crucero, ante la capilla de la Sant\u00edsima Virgen, se extiende un rect\u00e1ngulo de 11 metros de largo por 9 de ancho,<\/strong> rodeado de una sencilla cenefa\u00a0 compuesta de cuadrados unidos en diagonal. Otra cenefa divide el rect\u00e1ngulo en otros dos de \u00e1rea diferente. En el menor dos enormes peces se miran de frente y se prolongan en l\u00ednea ondulante en direcciones opuestas . De la cabeza del de la derecha salen de un mismo v\u00e9rtice, \u00e1 manera de rayos, l\u00edneas rojas tres veces (ter) repetidas. Otros dos peces bajan en direcciones opuestas, desde la parte superior hasta juntarse sus colas debajo de las cabezas de los anteriores, dejando en medio un espacio cuadrilongo. Otros dos peque\u00f1os peces se ven, uno cabeza abajo en medio del arco formado por el cuerpo del de la derecha, otro cabeza arriba en el de la izquierda. <\/span><\/address>\n<address><span style=\"color: #800000;\">Por medio de una acertada\u00a0 y feliz combinaci\u00f3n, presenta en su conjunto esta parte del mos\u00e1ico el anagrama de Mar\u00eda.<\/span><\/address>\n<address><span style=\"color: #800000;\">No podr\u00eda darse de otro modo m\u00e1s sencillo, elegante y original para expresar en lenguaje simb\u00f3lico la situaci\u00f3n de Santa Mar\u00eda en la confluencia del Ter y del Fraser, distintivo topogr\u00e1fico \u00fanico necesario, del que nunca se olvidaron en sus privilegios los reyes Francos, ni en sus bulas los Sumos Pont\u00edfices. Los dos grandes peces representan el Ter y el Fraser desde su origen, llegando a su m\u00e1ximum de su divergencia en Rivas y Camprod\u00f3n; los menores indican con sus cabezas el punto en que los r\u00edos empiezan \u00e1 converger y, con sus colas unidas, su confluencia; los peque\u00f1os con la disposici\u00f3n de sus cabezas nos dicen que, despues de juntarse ambos rios, el Ter conserva el nombre de su origen (caput aquarum) al paso que el freser encuentra su fin. <\/span><\/address>\n<address><span style=\"color: #800000;\"><strong>Encima de la cenefa compuesta de un ramaje ondulado con rosas equidistantes en cada arco, hay el \u00e1rea del segundo rect\u00e1ngulo. Es este ocupado por tres l\u00edneas de circunferencias. En los espacios comprendidos entre los cuatro arcos formados por aquellas, est\u00e1n dibujadas cruces, cuyos lados son flores de lis<\/strong> (esta cruz servir\u00eda de modelo a la que adopt\u00f3 la Orden de Calatrava y el grabado sobre la casulla de Santo Tom\u00e1s de Bibille). En los veinte y cuatro c\u00edrculos se observan varias figuras dignas de notarse. Tales son corderos delante de un \u00e1rbol de tres ramas, gallos con actitud de luchar contra dragones, pavos reales ahuyentando horribles m\u00f3nstruos, lobos seguidos de cuclillos, jabal\u00edes echando ascuas, con serpientes erguidas que les deslizan veneno sobre el lomo.<\/span><\/address>\n<address><span style=\"color: #800000;\"><strong>El conjunto parece representar\u00a0 la victoria, en el valle ripoll\u00e9s, del cristianismo contra el mahometismo. Presta gran fundamento \u00e1 esta opini\u00f3n el Cordero de Dios que quita los pecados del mundo, ocupando los c\u00edrculos de preferencia. El nombre de rio-pullo est\u00e1 bien simbolizado(adem\u00e1s de los peces de la parte inferior) por el gallo repetido en diferentes c\u00edrculos; el valle por los lobos y jav\u00e0lies; el esp\u00edritu del mal \u00f3 , si se quiere el mahometismo, por las serpientes, dragones\u00a0 o m\u00f3nstruos que en la lucha\u00a0 con el Cordero y el Gallo emblem\u00e1ticos, aparecen constantemente vencidos.<\/strong><\/span><\/address>\n<address><span style=\"color: #800000;\">Para la realizaci\u00f3n de este singular mos\u00e1ico del siglo XI, s\u00f3lo se emplearon los tres colores primitivos: rojo, amarillo y azul sobre fondo blanco. El nombre del autor se lee en los primeros cuadrados de la cenefa de la izquierda, fu\u00e9 el monje Arnaldo, quien pudo tener noticia y a\u00fan haber visitado el de Ceciliano, descubierto cerca de Gerona en una antigua posesi\u00f3n del abad ripoll\u00e9s: en material y en la ejecuci\u00f3n es de un m\u00e9rito muy superior el de Ceciliano; pero merece conservarse con respeto, por su significado y antiguedad cristiana, el de la bas\u00edlica de Santa Mar\u00eda.<\/span><\/address>\n<address><span style=\"color: #800000;\"><strong>El altar mayor , incomparable trono que Oliva erigi\u00f3 \u00e1 la celestial protectora de los Pr\u00edncipes Catalanes, era la tercera obra maestra que ostentaba la bas\u00edlica.<\/strong> Consist\u00eda en una mesa de jazpe rojizo, apoyada en grupos primorosamente esculturados, representante de las luchas entre las pasiones y la raz\u00f3n . <strong>En los \u00e1ngulos se levantaban cuatro esbeltas columnas, destinadas \u00e1 sustentar una especie de c\u00fapula, que con su forma semejante \u00e1 una copa hecha por el fruto del nelumbo se llamaba Ciborium<\/strong> ( de kiborion, fruto del nelumbo especie de nenufar, com\u00fan en Egipto.Copa hecha con este fruto, Ciborium) . Un precioso velo , semejante al que Godmaro regal\u00f3 el d\u00eda de la primera dedicaci\u00f3n, adornaba los intercolumnios, y ocultaba el altar durante la consagraci\u00f3n. <strong>Otro de rico brocado se veia sobre el ara, en recuerdo de los de colores de sangre\u00a0 que los primitivos cristianos extend\u00edan sobre las tumbas de los m\u00e1rtires. Del centro de Ciborium estaba suspendida una paloma de oro , en la que se guardaban las sagradas formas reservadas a los enfermos.<\/strong><\/span><\/address>\n<address><span style=\"color: #800000;\">El retablo del altar era un exquisito trabajo de orfebrer\u00eda cuajada de rub\u00edes, carbunclos y otras piedras preciosas, en el que se hab\u00edan invertido ciento sesenta onzas de oro y gran cantidad de plata.<\/span><\/address>\n<address><span style=\"color: #800000;\">Recordaba por su valor intr\u00ednsico y art\u00edstico el pallioto \u00f3 frontal de oro\u00a0 de San Ambrosio de Mill\u00e1n y la palla de oro de Venecia. Se conpon\u00eda de varios cuadros de la vida de la Virgen, cuyo asunto ser\u00eda el que ostentaron las preciosas claves, cuando las b\u00f3vedas de ca\u00f1\u00f3n fueron sustituidas por b\u00f3bedas ojivales. Nada m\u00e1s pod\u00e9mos a\u00f1adir, por haber desaparecido este incomparable tesoro en el\u00a0 siglo XV. Era anterior al de la catedral de Gerona, por ser regalo particular del mismo Oliva, como afirma el autor de Gesta Comitorum.<\/span><\/address>\n<address><span style=\"color: #800000;\">Si codiciada fu\u00e9 esta joya bajo el punto de vista art\u00edstico y de riqueza material, no ten\u00eda precio considerada como sagrado relicario de inestimables prendas y recuerdos religiosos. Oigamos \u00e1 este prop\u00f3sito \u00e1 un autorizado monje de \u00e1quel siglo. \u00abDigno de veneraci\u00f3n por sus m\u00edsticos dones de espiritual significado, y ungido con el sagrado crisma para inmolar la Hostia de nuestro Redentor; fu\u00e9 erigido el Altar con la invocaci\u00f3n del nombre de Dios, y con laudatorias\u00a0 aclamaciones de los concurrentes. Para c\u00famulo de su mayor santificaci\u00f3n, se depositaron en \u00e9l con suma reverencia muchas prendas de santos, en las cuales el templo abundaba, aumentadas con las que de nuevo concedieron los fieles&#8230;&#8230;.\u00bb.Las reliquias \u00e1 que se refiere el pasaje anterior,<strong> se guardaron hasta 1835 en cuatro arquillas de plata dorada, art\u00edsticamente labradas\u00a0 con primoros relieves. Las principales eran las siguientes: Part\u00edculas del Lignum crucis, del Santo Sepulcro, del Pesebre, de la tohalla conque Cristo enjuag\u00f3 los pies \u00e1 sus discipulos y del vestido de la Sant\u00edsima Virgen. Reliquias de los santos m\u00e1rtires Pedro y Pablo, de San Saturnino primer ap\u00f3stol de nuestra patria, de San F\u00e9lix y San Narciso de Gerona, de Poncio, Dionisio, R\u00fastico, Euleterio, de los m\u00e1rtires de la legi\u00f3n Tebana, de Sebasti\u00e1n, Vicente, V\u00edctor, Desiderio, Primo, Marcelino, Geminiano, Alejandro, F\u00e9lix, Justo, V\u00edctor y de otro del mismo nombre; de Fel\u00edcula, del m\u00e1rtir ind\u00edgena Urbico, de Hip\u00f3lito y de los m\u00e1rtires llamados Massae, de Marcial, de Salvio y de su madre Le\u00f3nidas, de los Santos Inocentes y otros cuarenta m\u00e1rtires; de cornelio, de Valent\u00edn y de Donato obispo. As\u00ed mismo reliqu\u00edas de San Mart\u00edn obispo de Tours, de San Benito Legislador admirable de la \u00f3rden de su nombre, y de los santos confesores Ambrosio, Gregorio, Lamberto, Ganderico, Justo, Laurencio y R\u00f3mulo. Por \u00faltimo cabellos de Santa Cecilia, restos de Santa Escol\u00e1stica hermana de San Benito, de Santa Eulalia barcelonesa, y de santa Fel\u00edcitas, madre feliz de siete hijos m\u00e1rtires.<\/strong><\/span><a href=\"http:\/\/www.elmundodegallasalva.es\/wp-content\/uploads\/2011\/11\/carmen_fotos-034.jpg\"><img loading=\"lazy\" class=\"alignleft size-medium wp-image-559\" alt=\"madona de ripoll\" src=\"http:\/\/www.elmundodegallasalva.es\/wp-content\/uploads\/2011\/11\/carmen_fotos-034-240x300.jpg\" width=\"240\" height=\"300\" srcset=\"http:\/\/www.elmundodegallasalva.es\/wp-content\/uploads\/2011\/11\/carmen_fotos-034-240x300.jpg 240w, http:\/\/www.elmundodegallasalva.es\/wp-content\/uploads\/2011\/11\/carmen_fotos-034.jpg 288w\" sizes=\"(max-width: 240px) 100vw, 240px\" \/><\/a><\/address>\n<p>Sin duda la nueva consagraci\u00f3n o el intento, del monasterio de Ripoll\u00a0 como cuna de la imaginaria naci\u00f3n de Catalu\u00f1a, con sus sacos de arena emulando trincheras y sus ruedas &#8230;dista mucho de las varias consagraciones que ha tenido el ilustre Cenobio Rivipollense de Santa Mar\u00eda de Ripoll, en las que se honrr\u00f3 a la Divina Protectora debidamente&#8230;.mientras que en esta ocasi\u00f3n lo que se honrr\u00f3 fue una bandera y se pas\u00f3 de la Virgen ol\u00edmpicamente. Luego es normal que la Virgen de Mongrony, que la reprenta, haya decicido intervenir y maldecir a Jordi Pujol y los de CIU y colaboradores&#8230;que de culo y cuesta abajo se ir\u00e1n todos al carajo&#8230;..esto es algo que en sue\u00f1os me ha sido revelado a mi y unas cuantas cositas m\u00e1s que ir\u00e9 descodificando en este blog!<\/p>\n<p>M\u00e1s informasci\u00f3n enel siguiente enlace:<\/p>\n<address>\u00a0<a title=\"El Sagrado Coraz\u00f3n, Hermes y la quema de Ripoll\" href=\"http:\/\/www.elmundodegallasalva.es\/?page_id=1354\" rel=\"bookmark\">El Sagrado Coraz\u00f3n, Hermes y la quema de Ripoll<\/a><\/address>\n","protected":false},"excerpt":{"rendered":"<p>Este 2013 se ha nombrado a Ripoll capital de la cultura catalana 2013 y el acto de inaguraci\u00f3n fue muy&hellip;<\/p>\n","protected":false},"author":1,"featured_media":0,"parent":2,"menu_order":0,"comment_status":"open","ping_status":"open","template":"template-fullwidth.php","meta":{"_monsterinsights_skip_tracking":false,"_monsterinsights_sitenote_active":false,"_monsterinsights_sitenote_note":"","_monsterinsights_sitenote_category":0},"_links":{"self":[{"href":"http:\/\/www.elmundodegallasalva.es\/index.php?rest_route=\/wp\/v2\/pages\/1929"}],"collection":[{"href":"http:\/\/www.elmundodegallasalva.es\/index.php?rest_route=\/wp\/v2\/pages"}],"about":[{"href":"http:\/\/www.elmundodegallasalva.es\/index.php?rest_route=\/wp\/v2\/types\/page"}],"author":[{"embeddable":true,"href":"http:\/\/www.elmundodegallasalva.es\/index.php?rest_route=\/wp\/v2\/users\/1"}],"replies":[{"embeddable":true,"href":"http:\/\/www.elmundodegallasalva.es\/index.php?rest_route=%2Fwp%2Fv2%2Fcomments&post=1929"}],"version-history":[{"count":0,"href":"http:\/\/www.elmundodegallasalva.es\/index.php?rest_route=\/wp\/v2\/pages\/1929\/revisions"}],"up":[{"embeddable":true,"href":"http:\/\/www.elmundodegallasalva.es\/index.php?rest_route=\/wp\/v2\/pages\/2"}],"wp:attachment":[{"href":"http:\/\/www.elmundodegallasalva.es\/index.php?rest_route=%2Fwp%2Fv2%2Fmedia&parent=1929"}],"curies":[{"name":"wp","href":"https:\/\/api.w.org\/{rel}","templated":true}]}}