{"id":1943,"date":"2013-03-08T01:34:32","date_gmt":"2013-03-08T01:34:32","guid":{"rendered":"http:\/\/www.elmundodegallasalva.es\/?page_id=1943"},"modified":"2021-11-27T23:43:00","modified_gmt":"2021-11-27T23:43:00","slug":"las-profecias-de-la-madona-de-ripoll-y-el-gran-oraculo-del-pirineo","status":"publish","type":"page","link":"http:\/\/www.elmundodegallasalva.es\/?page_id=1943","title":{"rendered":"El Grial de Ripoll"},"content":{"rendered":"<div><a href=\"http:\/\/www.elmundodegallasalva.es\/wp-content\/uploads\/2011\/11\/carmen_fotos-040.jpg\"><img loading=\"lazy\" class=\"alignleft size-medium wp-image-566\" alt=\"carmen_fotos 040\" src=\"http:\/\/www.elmundodegallasalva.es\/wp-content\/uploads\/2011\/11\/carmen_fotos-040-240x300.jpg\" width=\"240\" height=\"300\" srcset=\"http:\/\/www.elmundodegallasalva.es\/wp-content\/uploads\/2011\/11\/carmen_fotos-040-240x300.jpg 240w, http:\/\/www.elmundodegallasalva.es\/wp-content\/uploads\/2011\/11\/carmen_fotos-040.jpg 288w\" sizes=\"(max-width: 240px) 100vw, 240px\" \/><\/a><\/p>\n<address><span style=\"color: #800000;\">Se\u00f1al\u00f3se para la dedicaci\u00f3n el d\u00eda 15 de enero de 1032, fecha que la tradici\u00f3n ha venido recordando como la m\u00e1s gloriosa para el monasterio \u00a1Gloriosa fue ciertamente, y jam\u00e1s las altas monta\u00f1as que circundan el pintoresco valle han presenciado otra semejante! La fama del monumento y la solemnidad de la fiesta atrajo a la confluencia del Ter y del Fraser la flor de Catalu\u00f1a, de Aquitania y Provenza, la estaci\u00f3n era r\u00edgida, m\u00e1s el entusiasmo religioso hac\u00eda llevadera toda privaci\u00f3n, toda fatiga, y \u00bfque eran los riscos peligrosos de los nevados montes, ni la ventisca de los angostos puertos que tenian que atravesar, comparado con el inefable consuelo que sus almas sentir\u00edan ante la <strong>Santa Imagen protectora de la tierra catalana<\/strong>? ( \u00abNon enim poterant Pont\u00edfifices et Sacerdotes, Levitae et Clereci ceterique vulgui nulla sufferre molestia, eo quod perfuderat eos gratias Spiritus Sancti ob dedicaciones el gaudia templi.\u00bb Ap\u00e9n. Marcae hisp. n\u00ba112, pag 898, lo que por analog\u00eda aplicamos \u00e1 los concurrentes a la dedicaci\u00f3n de Santa Maria<\/span>.)<\/address>\n<\/div>\n<div>Es Jos\u00e9 M\u00aa Pellicer, el que en 1888 y cuando nuevamente se consagr\u00f3 el monasterio de la foto, \u00a0que tuvo que ser nuevamente reconstruido, hizo la rese\u00f1a hist\u00f3rica.<\/div>\n<div><a href=\"http:\/\/www.elmundodegallasalva.es\/wp-content\/uploads\/2011\/09\/dsc02121.jpg\"><img loading=\"lazy\" class=\"alignright size-medium wp-image-347\" alt=\"dsc02121\" src=\"http:\/\/www.elmundodegallasalva.es\/wp-content\/uploads\/2011\/09\/dsc02121-300x225.jpg\" width=\"300\" height=\"225\" srcset=\"http:\/\/www.elmundodegallasalva.es\/wp-content\/uploads\/2011\/09\/dsc02121-300x225.jpg 300w, http:\/\/www.elmundodegallasalva.es\/wp-content\/uploads\/2011\/09\/dsc02121.jpg 640w\" sizes=\"(max-width: 300px) 100vw, 300px\" \/><\/a>\u00bfNo se si exista en el mundo un monasterio o bas\u00edlica que haya sido destruido, incendiado o arrasado tantas veces y reconstruido como el de Ripoll? \u00a0\u00bf Tampoco se si haya existido \u00a0monumento m\u00e1s majestuoso dedicado a Santa Mar\u00eda o Madona de Ripoll, que haya sido cuna de las ciencias y haya aportado tanto conocimiento y luz al mundo? Tampoco se si exista rid\u00edculo m\u00e1s grande, \u00a0que el que hacen los actuales pol\u00edticos catalanes frente a la historia y sobretodo en este 2013 en que ha sido nombrado Ripoll capital de la cultura catalana y en cuyo acto de inauguraci\u00f3n ni \u00a0se mencion\u00f3 a \u00a0la Santa Imagen protectora de la tierra catalana, que adem\u00e1s fue sustituida por una bandera.<\/div>\n<div>He hablado en otros enlaces sobre la Madona de Ripoll, que se vener\u00f3 desde muy antiguo y que se identific\u00f3 con Ceres y por ello los habitantes de la Cerda\u00f1a o antigua Ceretania, a la que pertenec\u00eda antiguamente el monasterio, somos ceretanos.<\/div>\n<div>\u00a0Se identificaba a Ceres con una Piedra Negra o con Pandora o la Panadera que portaba una espiga y que era la esposa de <a href=\"http:\/\/www.elmundodegallasalva.es\/wp-content\/uploads\/2011\/07\/carmen_fotos-023.jpg\"><img loading=\"lazy\" class=\"alignleft size-medium wp-image-286\" alt=\"carmen_fotos 023\" src=\"http:\/\/www.elmundodegallasalva.es\/wp-content\/uploads\/2011\/07\/carmen_fotos-023-300x240.jpg\" width=\"300\" height=\"240\" srcset=\"http:\/\/www.elmundodegallasalva.es\/wp-content\/uploads\/2011\/07\/carmen_fotos-023-300x240.jpg 300w, http:\/\/www.elmundodegallasalva.es\/wp-content\/uploads\/2011\/07\/carmen_fotos-023.jpg 360w\" sizes=\"(max-width: 300px) 100vw, 300px\" \/><\/a>Pan. Era tambi\u00e9n por tanto la madre de Mitra, el torero que degollaba el Toro Sagrado.<\/div>\n<div>He mencionado tambi\u00e9n en otros \u00a0enlaces que la Madona de Ripoll se identific\u00f3 con Pirene, la reina atlante supuestamente enterrada en la Cima del Canig\u00f3 y el Canig\u00f3 es una monta\u00f1a que hay bastante cerca de Ripoll , recto hac\u00eda arriba si fu\u00e9ramos sorteando los obst\u00e1culos y siendo abajo el monasterio de Ripoll , osea por la parte trasera o Norte que es la que se ve en la primera foto. \u00a0Aunque posiblemente los antiguos prefer\u00edan usar un pasadizo subterr\u00e1neo, del que hab\u00eda junto el monasterio una entrada y que rellen\u00f3 el ayuntamiento cuando se hizo el actual paseo y se soterraron los contenedores de basura. \u00a0Otras entradas que hab\u00eda al subterr\u00e1neo tuvieron que ser tapadas tambi\u00e9n, a causa del f\u00e9tido olor que desprend\u00edan y que molestaba a los vecinos.<\/div>\n<div>Mi querid\u00edsimo t\u00edo Jaime Niub\u00f3, que fuera un m\u00e1rtir de la corrupci\u00f3n en Catalu\u00f1a, sol\u00eda contarme sus andanzas por los subterr\u00e1neos de Ripoll, cuando trabaja de alba\u00f1il y que a pesar de sus muchos kil\u00f3metros nunca lleg\u00f3 a recorrer los pasadizos al completo, pero que casi lleg\u00f3 a Ribas de Fresser una vez. Sin embargo tambi\u00e9n se puede llegar a San\u00a0<a href=\"http:\/\/www.elmundodegallasalva.es\/wp-content\/uploads\/2011\/07\/blancafort-029.jpg\"><img loading=\"lazy\" class=\"alignright size-medium wp-image-1494\" alt=\"blancafort 029\" src=\"http:\/\/www.elmundodegallasalva.es\/wp-content\/uploads\/2011\/07\/blancafort-029-300x225.jpg\" width=\"300\" height=\"225\" srcset=\"http:\/\/www.elmundodegallasalva.es\/wp-content\/uploads\/2011\/07\/blancafort-029-300x225.jpg 300w, http:\/\/www.elmundodegallasalva.es\/wp-content\/uploads\/2011\/07\/blancafort-029.jpg 640w\" sizes=\"(max-width: 300px) 100vw, 300px\" \/><\/a>Amand, la monta\u00f1a que hay debajo del Taga y posiblemente hayan otras entradas que vayan recorriendo de norte a sur el antiguo meridiano de Par\u00eds o Rosa y actualmente llamado Verde.<\/div>\n<div>En la foto de la izquierda vemos las monta\u00f1as de Mongrony, que se comunican con los pasadizos subterr\u00e1neos y las que se ven nevadas ya son la parte de Ribas . En la foto de la derecha vemos la capilla de la Virgen de Mongrony, que \u00a0est\u00e1 a la izquierda de la roca de la foto anterior y m\u00e1s o menos encima est\u00e1 el agujero de San Hou o el que fuera el Gran Or\u00e1culo del Pirineo , llamado Or\u00e1culo de Fuego tambi\u00e9n y en donde profetizaba la Isisbila Pirene. Tambi\u00e9n existen subterr\u00e1neos en Ripoll, que se dirigen hacia Gerona y a los que se entraba por la Piedra del Dag\u00f3n, que se cerr\u00f3 esa entrada y que era por donde se paseaba el Drag\u00f3n de Coll de Coll de Canes, que mat\u00f3 el caballero Dolcet, armado con un espejo y una lanza y con la intervenci\u00f3n del patrono de Ripoll San Eudald.<\/div>\n<div>Se representaba a la Isisbila Pirene rodeada de delfines o peces, en las monedas \u00edberas y se vener\u00f3 en Ripoll desde los tiempos remotos. Tenemos constancia que ya antes del a\u00f1o 888, que fue cuando se consagr\u00f3 de nuevo un monasterio dedicado a Santa Mar\u00eda, ya hab\u00eda existido otro dedicado a San Juan Bautista y que hubo divisi\u00f3n de opiniones en el pueblo porque unos quer\u00edan dedicar el nuevo monasterio a San Juan Bautista, como el anterior que hab\u00eda sido arrasado por los moros y otros opinaban que hab\u00eda de dedicarse a Santa Mar\u00eda porque se hab\u00eda venerado all\u00ed desde tiempo inmemorial. La cosa se solucion\u00f3 construyendo dos monasterios, el uno en Ripoll y el otro que es el actual de San Juan de las Abadesas, dedicado a San Juan Bautista y as\u00ed consta tambi\u00e9n en las rese\u00f1as hist\u00f3ricas de Jos\u00e9 M\u00aa Pellicer de 1888:<\/p>\n<address><span style=\"color: #800000;\">\u2026despejamos los escombros que ocultaban gran parte de lo que resta, y creimos hacer un peque\u00f1o servicio \u00e1 las artes copi\u00e1ndolo, completando y haciendo del mismo la siguiente descripci\u00f3n:<\/span><\/address>\n<address><span style=\"color: #800000;\"><strong>En el crucero, ante la capilla de la Sant\u00edsima Virgen, se extiende un rect\u00e1ngulo de 11 metros de largo por 9 de ancho,<\/strong>\u00a0rodeado de una sencilla cenefa\u00a0 compuesta de cuadrados unidos en diagonal. Otra cenefa divide el rect\u00e1ngulo en otros dos de \u00e1rea diferente. En el menor <strong>dos enormes peces se miran de frente y se prolongan en l\u00ednea ondulante en direcciones opuestas <\/strong>. De la cabeza del de la derecha salen de un mismo v\u00e9rtice, \u00e1 manera de rayos, l\u00edneas rojas tres veces (ter) repetidas. Otros dos peces bajan en direcciones opuestas, desde la parte superior hasta juntarse sus colas debajo de las cabezas de los anteriores, dejando en medio un espacio cuadrilongo. Otros dos peque\u00f1os peces se ven, uno cabeza abajo en medio del arco formado por el cuerpo del de la derecha, otro cabeza arriba en el de la izquierda.<\/span><\/address>\n<address><span style=\"color: #800000;\"><strong style=\"font-size: 13px;\">Por medio de una acertada\u00a0 y feliz combinaci\u00f3n, presenta en su conjunto esta parte del mos\u00e1ico el anagrama de Mar\u00eda.<\/strong><\/span><\/address>\n<address><span style=\"color: #800000;\"><strong><a href=\"http:\/\/www.elmundodegallasalva.es\/wp-content\/uploads\/2013\/03\/Ampurias.jpg\"><span style=\"color: #800000;\"><img loading=\"lazy\" class=\"alignleft\" alt=\"Ampurias\" src=\"http:\/\/www.elmundodegallasalva.es\/wp-content\/uploads\/2013\/03\/Ampurias.jpg\" width=\"275\" height=\"129\" \/><\/span><\/a><\/strong>No podr\u00eda darse de otro modo m\u00e1s sencillo, elegante y original para expresar en lenguaje simb\u00f3lico la situaci\u00f3n de Santa Mar\u00eda en la confluencia del Ter y del Fraser, distintivo topogr\u00e1fico \u00fanico necesario, del que nunca se olvidaron en sus privilegios los reyes Francos, ni en sus bulas los Sumos Pont\u00edfices. Los dos grandes peces representan el Ter y el Fraser desde su origen, llegando a su m\u00e1ximum de su divergencia en Rivas y Camprod\u00f3n; los menores indican con sus cabezas el punto en que los r\u00edos empiezan \u00e1 converger y, con sus colas unidas, su confluencia; los peque\u00f1os con la disposici\u00f3n de sus cabezas nos dicen que, despues de juntarse ambos rios, el Ter conserva el nombre de su origen (caput aquarum) al paso que el freser encuentra su fin.<\/span><\/address>\n<p><a href=\"http:\/\/www.elmundodegallasalva.es\/wp-content\/uploads\/2012\/02\/DSC03006.jpg\"><img loading=\"lazy\" class=\"alignright  wp-image-1169\" alt=\"DSC03006\" src=\"http:\/\/www.elmundodegallasalva.es\/wp-content\/uploads\/2012\/02\/DSC03006.jpg\" width=\"269\" height=\"202\" srcset=\"http:\/\/www.elmundodegallasalva.es\/wp-content\/uploads\/2012\/02\/DSC03006.jpg 640w, http:\/\/www.elmundodegallasalva.es\/wp-content\/uploads\/2012\/02\/DSC03006-300x225.jpg 300w\" sizes=\"(max-width: 269px) 100vw, 269px\" \/><\/a>Vemos pues que esa Mar\u00eda rodeada de delfines es la misma que aparece en las monedas \u00edberas de Amprurias y que pasa por griega, pero que es evidente fue una gran reina de Espa\u00f1a, \u00a0m\u00e1s conocida como Sibila Eritrea e inventora de la copla y posiblemente la copa, que dicto leyes en forma de coplas y madre del caballo alado Pegaso y de Crisaor. \u00a0La vemos en forma de Sirena portando una Copa, en el claustro monasterio de Ripoll, que se agarra la cola con la mano simbolizando la macroera de Libra o con dos colas, \u00a0representando los dos grandes ciclos que son la Macroera de Libra y la era de Piscis .<\/p>\n<p>Es Pellicer en la ya citada rese\u00f1a hist\u00f3rica que nos dice tambi\u00e9n lo siguiente:<\/p>\n<address><strong><a href=\"http:\/\/www.elmundodegallasalva.es\/wp-content\/uploads\/2012\/02\/DSC02960.jpg\"><img loading=\"lazy\" class=\"alignleft size-medium wp-image-1170\" alt=\"DSC02960\" src=\"http:\/\/www.elmundodegallasalva.es\/wp-content\/uploads\/2012\/02\/DSC02960-300x225.jpg\" width=\"300\" height=\"225\" srcset=\"http:\/\/www.elmundodegallasalva.es\/wp-content\/uploads\/2012\/02\/DSC02960-300x225.jpg 300w, http:\/\/www.elmundodegallasalva.es\/wp-content\/uploads\/2012\/02\/DSC02960.jpg 640w\" sizes=\"(max-width: 300px) 100vw, 300px\" \/><\/a><span style=\"color: #800000;\">El altar mayor , incomparable trono que Oliva erigi\u00f3 \u00e1 la celestial protectora de los Pr\u00edncipes Catalanes, era la tercera obra maestra que ostentaba la bas\u00edlica.<\/span><\/strong><span style=\"color: #800000;\">\u00a0Consist\u00eda en una mesa de jazpe rojizo, apoyada en grupos primorosamente esculturados, representante de las luchas entre las pasiones y la raz\u00f3n .\u00a0<strong>En los \u00e1ngulos se levantaban cuatro esbeltas columnas, destinadas \u00e1 sustentar una especie de c\u00fapula, que con su forma semejante \u00e1 una copa hecha por el fruto del nelumbo se llamaba Ciborium<\/strong>\u00a0( de kiborion, fruto del nelumbo especie de nenufar, com\u00fan en Egipto.Copa hecha con este fruto, Ciborium) . Un precioso velo , semejante al que Godmaro regal\u00f3 el d\u00eda de la primera dedicaci\u00f3n, adornaba los intercolumnios, y ocultaba el altar durante la consagraci\u00f3n.\u00a0<strong>Otro de rico brocado se veia sobre el ara, en recuerdo de los de colores de sangre\u00a0 que los primitivos cristianos extend\u00edan sobre las tumbas de los m\u00e1rtires. Del centro de Ciborium estaba suspendida una paloma de oro , en la que se guardaban las sagradas formas reservadas a los <a href=\"http:\/\/www.elmundodegallasalva.es\/wp-content\/uploads\/2012\/01\/Rotaci%C3%B3nDSC03169.jpg\"><span style=\"color: #800000;\"><img loading=\"lazy\" class=\"alignright\" title=\"Rotaci\u00f3nDSC03169\" alt=\"\" src=\"http:\/\/www.elmundodegallasalva.es\/wp-content\/uploads\/2012\/01\/Rotaci%C3%B3nDSC03169-225x300.jpg\" width=\"225\" height=\"300\" \/><\/span><\/a>enfermos.<\/strong><\/span><\/address>\n<p>Vemos claramente que la Madona de Ripoll se est\u00e1 identificando con Venus y que est\u00e1 relacionada con los templos de Venus que poblaron de cabo a rabo la zona y que sol\u00edan frecuentar los primitivos cristianos con fruto abundant\u00edsimo, como dir\u00eda la cr\u00f3nica de San Narciso:Correr\u00eda el a\u00f1o 307 cuando San Narciso lleg\u00f3 a Gerona, despu\u00e9s de predicar en el golfo de Rosas y en el Ampurd\u00e1n,\u00a0 en donde hab\u00eda predicado hac\u00eda poco, con fruto abundant\u00edsimo,\u00a0 el glorioso ap\u00f3stol de Gerona San F\u00e9lix el Africano.<\/p>\n<p>Aqu\u00ed hay que aclarar que justamente en el golfo de Rosas, es donde empieza la L\u00ednea de Venus, en el Cap de Creus o Cabo de Cruces, que termina en Finisterre y que est\u00e1 plagada de templos de Venus. El mismo San Pedro de Roda, que hay en la cima del Cap de Creus, era un templo de Venus que tambi\u00e9n frecuentaron en su d\u00eda las santas alquimistas.<\/p>\n<p>Vemos tambi\u00e9n en el detalle de la estola de la momia de San Narciso, de la iglesia San F\u00e9lix de Gerona, a la Paloma \u00a0y una especie de olla donde se est\u00e1 bendiciendo a alguien<strong>.<\/strong><\/p>\n<address>\u00a0<span style=\"color: #800000;\">Volvemos a la rese\u00f1a hist\u00f3rica de Jos\u00e9 Mar\u00eda Pellicer, que nos cuenta:<\/span><\/address>\n<address><span style=\"color: #800000;\">\u201d \u2026Subyugada Espa\u00f1a por los \u00e1rabes, el emir Alhahor se propuso llevar sus conquistas a los confines de las Galias, y ofrecer otro reino por despojos al califa de Damasco. Con esta mira se dirigi\u00f3 en 718 a los Djebal-al-Bortab (Pirineos), destruyendo de paso entre otras poblaciones las de los valles del Ter y del Fraser, las que por ser clave de las Cerda\u00f1as han sido siempre punto de concurso a todas las militares expediciones. El enemigo degoll\u00f3 o puso en fuga a todos los monta\u00f1eses, encrudeci\u00e9ndose de un modo salvaje contra la religi\u00f3n de Cristo y sus ministros. Carcasona, Nimes, Narbona y toda la Galia g\u00f3tica hasta el Garona, no pudiendo hacer frente al \u00edmpetu de sus armas, se le rindieron.\u00a0Sucediole Al-Samah, qui\u00e9n ante los muros de Tolosa fue derrotado y muerto por Eudes, duque de Aquitania en 721. Esta insigne victoria fu\u00e9 el principio de la reconquista piren\u00e1ica, y<strong> los anales de los francos, cuyo c\u00f3dice original se guardaba en el archivo de Santa Mar\u00eda de Ripoll con estas lac\u00f3nicas pero gloriosas palabras: DCCXXI. Expugnavit Eodo sarracenos de terra sua.\u00bb<\/strong><\/span><\/address>\n<p>Vemos aqu\u00ed que consta que se guard\u00f3 en Ripoll el c\u00f3dice original de los anales de los francos, que est\u00e1 relacionado con la reconquista y sabemos que en Ripoll descansan tambi\u00e9n los h\u00e9roes de la reconquista y adem\u00e1s se guardaron reliquias de innumerables santos, que inclu\u00edan a los m\u00e1rtires de los romanos y volviendo a Pellicer y su rese\u00f1a hist\u00f3rica de Ripoll nos dice:<\/p>\n<p><span style=\"color: #800000;\">\u00ab&#8230;se guardaron hasta 1835 en cuatro arquillas de plata dorada, art\u00edsticamente labradas\u00a0 con primorosos relieves. Las principales eran las siguientes: Part\u00edculas del Lignum crucis, del Santo Sepulcro, del Pesebre, de la tohalla conque Cristo enjuag\u00f3 los pies \u00e1 sus discipulos y del vestido de la Sant\u00edsima Virgen. Reliquias de los santos m\u00e1rtires Pedro y Pablo, de San Saturnino primer ap\u00f3stol de nuestra patria, de San F\u00e9lix y San Narciso de Gerona, de Poncio, Dionisio, R\u00fastico, Euleterio, de los m\u00e1rtires de la legi\u00f3n Tebana, de Sebasti\u00e1n, Vicente, V\u00edctor, Desiderio, Primo, Marcelino, Geminiano, Alejandro, F\u00e9lix, Justo, V\u00edctor y de otro del mismo nombre; de Fel\u00edcula, del m\u00e1rtir ind\u00edgena Urbico, de Hip\u00f3lito y de los m\u00e1rtires llamados Massae, de Marcial, de Salvio y de su madre Le\u00f3nidas, de los Santos Inocentes y otros cuarenta m\u00e1rtires; de cornelio, de Valent\u00edn y de Donato obispo. As\u00ed mismo reliqu\u00edas de San Mart\u00edn obispo de Tours, de San Benito Legislador admirable de la \u00f3rden de su nombre, y de los santos confesores Ambrosio, Gregorio, Lamberto, Ganderico, Justo, Laurencio y R\u00f3mulo. Por \u00faltimo cabellos de Santa Cecilia, restos de Santa Escol\u00e1stica hermana de San Benito, de Santa Eulalia barcelonesa, y de santa Fel\u00edcitas, madre feliz de siete hijos m\u00e1rtires.\u00bb<\/span><\/p>\n<p>Sin duda cuando los Miqueletes arrasaron Ripoll y ardieron miles de c\u00f3dices milenarios nos dejaron desnudos de Historia y nos siguen todav\u00eda tratando de confundir de manera vergonzosa los politiqueros actuales, tratando de imponer su culto a la bandera, imponer su ideolog\u00eda y que les recemos a ellos como si fueran santos o m\u00e1rtires de la historia de Catalu\u00f1a, a la que desprecian en el fondo e insultan con su comportamiento. \u00a0Pero a pesar de todo la Verdad es algo que perdura siempre, que resucita una y otra y otra vez y las veces que sean necesarias, porque est\u00e1 imprimida en nuestros genes o c\u00f3digo gen\u00e9tico. La tenemos escrita dentro y nos brota como manantial eterno, mientras quede una gota de sangre de los que descendemos de aquello!<\/p>\n<p>&nbsp;<\/p>\n<address>\u00a0<\/address>\n<address>\u00a0<\/address>\n<address>\u00a0<\/address>\n<\/div>\n<p>&nbsp;<\/p>\n","protected":false},"excerpt":{"rendered":"<p>Se\u00f1al\u00f3se para la dedicaci\u00f3n el d\u00eda 15 de enero de 1032, fecha que la tradici\u00f3n ha venido recordando como la&hellip;<\/p>\n","protected":false},"author":1,"featured_media":0,"parent":2231,"menu_order":0,"comment_status":"closed","ping_status":"open","template":"","meta":{"_monsterinsights_skip_tracking":false,"_monsterinsights_sitenote_active":false,"_monsterinsights_sitenote_note":"","_monsterinsights_sitenote_category":0},"_links":{"self":[{"href":"http:\/\/www.elmundodegallasalva.es\/index.php?rest_route=\/wp\/v2\/pages\/1943"}],"collection":[{"href":"http:\/\/www.elmundodegallasalva.es\/index.php?rest_route=\/wp\/v2\/pages"}],"about":[{"href":"http:\/\/www.elmundodegallasalva.es\/index.php?rest_route=\/wp\/v2\/types\/page"}],"author":[{"embeddable":true,"href":"http:\/\/www.elmundodegallasalva.es\/index.php?rest_route=\/wp\/v2\/users\/1"}],"replies":[{"embeddable":true,"href":"http:\/\/www.elmundodegallasalva.es\/index.php?rest_route=%2Fwp%2Fv2%2Fcomments&post=1943"}],"version-history":[{"count":1,"href":"http:\/\/www.elmundodegallasalva.es\/index.php?rest_route=\/wp\/v2\/pages\/1943\/revisions"}],"predecessor-version":[{"id":3881,"href":"http:\/\/www.elmundodegallasalva.es\/index.php?rest_route=\/wp\/v2\/pages\/1943\/revisions\/3881"}],"up":[{"embeddable":true,"href":"http:\/\/www.elmundodegallasalva.es\/index.php?rest_route=\/wp\/v2\/pages\/2231"}],"wp:attachment":[{"href":"http:\/\/www.elmundodegallasalva.es\/index.php?rest_route=%2Fwp%2Fv2%2Fmedia&parent=1943"}],"curies":[{"name":"wp","href":"https:\/\/api.w.org\/{rel}","templated":true}]}}