{"id":2,"date":"2011-06-05T02:02:01","date_gmt":"2011-06-05T02:02:01","guid":{"rendered":"http:\/\/www.elmundodegallasalva.es\/?page_id=2"},"modified":"2017-05-10T14:08:03","modified_gmt":"2017-05-10T14:08:03","slug":"pagina-ejemplo","status":"publish","type":"page","link":"http:\/\/www.elmundodegallasalva.es\/?page_id=2","title":{"rendered":"Octava Esfera o macroera de Escorpio y la era de Acuario"},"content":{"rendered":"<h2><a href=\"http:\/\/www.elmundodegallasalva.es\/wp-content\/uploads\/2011\/06\/gallasalva1.jpg\"><img loading=\"lazy\" class=\"size-medium wp-image-39 alignleft\" title=\"gallasalva\" src=\"http:\/\/www.elmundodegallasalva.es\/wp-content\/uploads\/2011\/06\/gallasalva1-184x300.jpg\" alt=\"\" width=\"184\" height=\"300\" \/><\/a><span style=\"color: #808000;\">Bienvenido al mundo de Gallasalva<\/span><\/h2>\n<p>Una rueda de ocho radios es luz y quien lo comprende alcanza mundos luminosos. Esta es una web especial para viajeros del imposible, para aquellos que ven el invisible y para los que lo irreal es real. A las fronteras de una nueva era y de una nueva macroera,\u00a0 cuando la confusi\u00f3n reina en nuestro globo Tierra, no nos queda otro remedio que prepararnos interiormente para afrontar el imprevisto.<\/p>\n<p>Todas las grandes civilizaciones creyeron en la Resurrecci\u00f3n del Final de los Tiempos o en el D\u00eda de las Grandes Metamorfosis, que como no podr\u00eda ser de otra manera suceder\u00eda al final de la era de Piscis y que se corresponde con el final de la macroera de Libra.<\/p>\n<p>Sin duda Piscis es un signo mutante por excelencia, el que permite la m\u00e1xima adaptaci\u00f3n a lo m\u00e1s inimaginable. El Escorpi\u00f3n es el Guardi\u00e1n de la Puerta y el Sagitario es el mism\u00edsimo imposible que sale disparado en su propia flecha y Capricornio es la fijaci\u00f3n.<br \/>\nTodos los Signos del Zod\u00edaco tienen su funci\u00f3n, como una gran orquesta y cada uno toca su intrumento cuando lo manda el director,\u00a0 que en este caso podr\u00edamos definir como Dios o Gran Engranaje de Estrellas.<br \/>\nEstamos al final no solamente de una Era sino de una Macroera y ello es algo excepcional.<br \/>\nMi intenci\u00f3n es hacer un recorrido por las diferentes culturas e ir viendo la importancia que dieron al Final de los Tiempos, que no del mundo y as\u00ed tener una visi\u00f3n m\u00e1s ajustada de la cosa. Sorprende de ver que para muchos el final era una etapa gloriosa, un retorno a nuestro origen divino y la victoria sobre la muerte!<\/p>\n<p><iframe loading=\"lazy\" title=\"Profec\u00edas de la Peregrina Celeste\" width=\"688\" height=\"387\" src=\"https:\/\/www.youtube.com\/embed\/OU16EvAv1dA?feature=oembed\" frameborder=\"0\" allow=\"accelerometer; autoplay; clipboard-write; encrypted-media; gyroscope; picture-in-picture\" allowfullscreen><\/iframe><\/p>\n<p><span style=\"color: #333399;\">Seg\u00fan el\u00a0 Mazde\u00edsmo, que es una religi\u00f3n dualista del antiguo Ir\u00e1n: <\/span><span style=\"color: #333399;\">Zervan Akarena, el ser eterno anterior a la creaci\u00f3n, eman\u00f3 dos principios: el bien u Ormuz (Aura Mazda) y el mal Arim\u00e1n (Ayra-Lanya). Estos dos principios comparten la obra de la creaci\u00f3n y durante 12.000 a\u00f1os sostienen entre si una lucha constante.\u00a0 Esta lucha lucha de doce mil a\u00f1os est\u00e1 dividida en cuatro fases.(Esos 12.000 a\u00f1os han de entenderse como 12 eras , que tienen m\u00e1s de 2.000 a\u00f1os cada una y que son\u00a0 30\u00ba x 12\u00ba = 360\u00ba)<br \/>\n<\/span><\/p>\n<address><span style=\"color: #333399;\">En la primera fase Ormuz se dedica a la obra de la creaci\u00f3n, mientras su adversario Arim\u00e1n se prepara para combatirla.<\/span><\/address>\n<address><span style=\"color: #333399;\">En la segunda fase Ahrim\u00e1n sale de las tinieblas para atacar a Ormuz, pero es cegado por la Luz Divina y cae al abismo.<\/span><\/address>\n<address><span style=\"color: #333399;\">En la tercera fase vuelve el maligno a invadir el Gorotman en donde vive Ormuz, acompa\u00f1ado de los Devas, pero Mitra lo arroja del cielo y llega a la Tierra.<\/span><\/address>\n<address><span style=\"color: #333399;\">En las cuarta fase el mal se trasforma en Serpiente y se esconde bajo la corteza terrestre, secando los g\u00e9rmenes y despu\u00e9s de matar a Kaiomorts se dirige al Para\u00edso en donde habitaban Meskia y Meskianea y los enga\u00f1a y consigue que se le sometan y la descendencia hereda la corrupci\u00f3n en la Tierra y pierden la inmortalidad y desde entonces esperan la resurrecci\u00f3n al Final de los Tiempos y la llegada del cometa Gurker, que escapar\u00e1 a la vigilancia de la Luna, que rige su curso y chocar\u00e1 con la Tierra estremeci\u00e9ndola, abras\u00e1ndola toda y purificando las potencias del mal y se unir\u00e1n Ormuz y Arim\u00e1n en el seno de la Unidad\u00a0 y ser\u00e1n creados un nuevo Cielo y una nueva Tierra.<\/span><\/address>\n<address><span style=\"color: #333399;\"><a href=\"http:\/\/www.elmundodegallasalva.es\/wp-content\/uploads\/2012\/02\/carmen_fotos-1458.jpg\"><img loading=\"lazy\" class=\"alignright size-medium wp-image-1230\" src=\"http:\/\/www.elmundodegallasalva.es\/wp-content\/uploads\/2012\/02\/carmen_fotos-1458-300x240.jpg\" alt=\"\" width=\"300\" height=\"240\" srcset=\"http:\/\/www.elmundodegallasalva.es\/wp-content\/uploads\/2012\/02\/carmen_fotos-1458-300x240.jpg 300w, http:\/\/www.elmundodegallasalva.es\/wp-content\/uploads\/2012\/02\/carmen_fotos-1458.jpg 360w\" sizes=\"(max-width: 300px) 100vw, 300px\" \/><\/a><strong><br \/>\n<\/strong><\/span>Uno de los personajes m\u00e1s famosos que nos llegan de la historia es Nostradamus, biznieto de un jud\u00edo converso llamado Abraham Salom\u00f3n, que cambi\u00f3 su nombre por el de Pierre de Nostradame, para poder ejercer su profesi\u00f3n de m\u00e9dico de la corte.<br \/>\nEl abuelo materno de Nostradamus era Jean de Saint-R\u00e8my, gran m\u00e9dico, astr\u00f3logo y cabalista. Nostradamus aprendi\u00f3 de sus abuelos literatura, lat\u00edn, griego, hebreo lenguas arcaicas de Provenza, c\u00e1bala, alquimia, astrolog\u00eda, astronom\u00eda, matem\u00e1ticas, geometr\u00eda, medicina y adem\u00e1s estudi\u00f3 filosof\u00eda en Avi\u00f1\u00f3n&#8230;..Tuvo acceso a conocimientos antiguos prohibidos en la \u00e9poca y acceso a libros que tuvieron que ser quemados a causa de la inquisici\u00f3n. Lo m\u00e1s conocido de Nostradamus son sus Centurias, pero para entenderlas nos conviene ver la carta a su hijo Cesar.<br \/>\n<em><span style=\"color: #808000;\">Fragmentos de la carta de Nostradamus a su hijo, Salon 1555&#8243;&#8230;.He querido ensamblar un tanto obscuramente: y son perpetuos vaticinios, a partir de ahora hasta el a\u00f1o 3799&#8230;&#8230;todos ellos tendr\u00e1n la duraci\u00f3n en el reino de la luna&#8230;.gracias a la inspiraci\u00f3n revelada el profeta es capaz de juzgarlo todo y comprende que este esp\u00edritu divino le ha sido otorgado por el Creador por medio de una sugesti\u00f3n natural. El sabe entonces que aquello que predice es verdadero\u00a0 y que igual que la luz y la llamita es eficaz y no puede de manera<\/span> <span style=\"color: #808000;\">alguna sobrepujarse&#8230;&#8230;&#8230; antes de la gran conflagraci\u00f3n universal, se producir\u00e1 tan cantidad de Diluvios y grandes inundaciones que no quedar\u00e1n muchos territorios sin estar cubiertos por el agua y durar\u00e1 todo ello tanto tiempo que, a excepci\u00f3n de quienes vivan en el mar o en la monta\u00f1a todos absolutamente todos perecer\u00e1n ; as\u00ed mismo antes y despu\u00e9s de tales inundaciones, en muchas regiones, las lluvias ser\u00e1n tan exiguas y caer\u00e1n del cielo tantas cantidades de fuego y piedras al rojo vivo , que todo quedar\u00e1 consumido, reducido a la nada; todo ello suceder\u00e1 antes de la \u00faltima conflagalaci\u00f3n ; ya que , si bien el planeta Marte rematar\u00e1 su ciclo no sabemos si lo emprender\u00e1 de nuevo al final de su \u00faltimo periodo, porque entonces quedar\u00e1n reunidos los distintos planetas, unos en Acuario<\/span><span style=\"color: #808000;\"> por muchos a\u00f1os y otros en C\u00e1ncer durante un tiempo mucho m\u00e1s largo y continuado. Ahora estamos siendo conducidos por la Luna, mediante el absoluto y total poder del Dios eterno y cuando ella haya completado su ciclo entero, vendr\u00e1 el Sol y luego Saturno. Porque seg\u00fan los signos celestes, el reino de Saturno es aquel durante el cual el mundo se acercar\u00e1 a su revoluci\u00f3n&#8230;&#8230;&#8230;.Observa aqu\u00ed todo cuanto puede verse en los movimientos celestes: actualmente estamos en el s\u00e9ptimo millar en el cual todo tiene su fin y nos acercamos al octavo, donde est\u00e1 el firmamento de la octava esfera, que se encuentra en la dimensi\u00f3n latitudinal, donde el gran Dios\u00a0 eterno vendr\u00e1 a rematar la revoluci\u00f3n . Entonces las im\u00e1genes celestes volver\u00e1n a moverse\u00a0 y el<\/span><\/em> <em><span style=\"color: #808000;\">movimiento superior<\/span><\/em><em><span style=\"color: #808000;\"> , que hace que la Tierra sea estable y firme, no se inclinar\u00e1 por los siglos de los siglos, seg\u00fan reza la cita : non inclinatibur in saeculum saeculi. Esto es lo que se cumplir\u00e1 y no de otra forma por la voluntad de Dios, a pesar de las muchas y ambiguas opiniones de las gentes influenciadas por sue\u00f1os mahometanos que exceden a toda raz\u00f3n natural; adem\u00e1s algunas veces ocurre que el Dios Creador, por medio de los ministros de sus mensajeros \u00edgneos, tal cual una llama misiva, viene a proponer a nuestros sentidos exteriores, inclusive a nuestro<\/span><\/em><em><span style=\"color: #808000;\">s ojos, las causas de futura predicci\u00f3n, para que aquel a quien ha querido manifest\u00e1rsela pueda a su vez dar de ellas testimonio y presagio. Sin embargo, esta parte parece haber tenido la visi\u00f3n y ha permitido que fuese comprendida&#8230;..\u00bb<\/span><\/em><br \/>\nVemos en el fragmento de Nostradamus que dice que ahora estamos en el s\u00e9ptimo millar, que en otras palabras viene a ser la\u00a0 s\u00e9ptima macroera de Libra, que se corresponde con la era de Piscis, cuando todo llega a su fin o Final de los Tiempos. Aunque en realilad la era de Piscis es la \u00faltima de la Macroera o la \u00faltima de 12 eras, como se puede apreciar en diversos documentos antiguos se contaba a la era de Virgo como a la primera y en ella se situaban nuestros primeros padres Ad\u00e1n y Eva, para hacerla coincidir con la macroera.<br \/>\nEvidentemente que el ser humano es much\u00edsimo m\u00e1s antiguo, pero no el que est\u00e1 hecho a imagen y semejanza de Dios y capaz de trascender la materia.<br \/>\nEn los diferentes textos que existen de la Creaci\u00f3n se aprecia m\u00e1s o menos lo mismo, aunque el que el fragmento que se adjunta a continuacci\u00f3n es algo m\u00e1s rarito\u00a0 y aparezcan las palabras Gea e Isis o la Cabeza de Jano-Saturno junto a extra\u00f1as letras que he sido incapaz de identificar:<strong><a href=\"http:\/\/www.elmundodegallasalva.es\/wp-content\/uploads\/2011\/06\/manuscrit.jpg\"><img loading=\"lazy\" class=\"alignright size-medium wp-image-69\" title=\"manuscrit\" src=\"http:\/\/www.elmundodegallasalva.es\/wp-content\/uploads\/2011\/06\/manuscrit-300x97.jpg\" alt=\"\" width=\"300\" height=\"97\" srcset=\"http:\/\/www.elmundodegallasalva.es\/wp-content\/uploads\/2011\/06\/manuscrit-300x97.jpg 300w, http:\/\/www.elmundodegallasalva.es\/wp-content\/uploads\/2011\/06\/manuscrit.jpg 400w\" sizes=\"(max-width: 300px) 100vw, 300px\" \/><\/a><\/strong><\/address>\n<p><em><span style=\"color: #808000;\">Auit de celu et terra: Terra ain erat inanis vacua et tenebre erant subfaci emabyssi&#8230;&#8230;&#8230;&#8230;. Hab\u00eda Cielo y tierra: La tierra era inanimada y vac\u00eda y las tinieblas estaban sobre la faz del abismo, y el esp\u00edritu de Dios se mov\u00eda sobre la faz de las aguas. Dijo Dios: Sea la luz,\u00a0y fue la luz y vio Dios que la luz era buena y apart\u00f3 la luz de las tinieblas. Llam\u00f3 a la luz d\u00eda y a las tinieblas noche y fue la tarde y la ma\u00f1ana un d\u00eda. Y dijo Dios: Sea un extendimiento en medio de las aguas y haya divisi\u00f3n entre aguas y aguas, e hizo Dios un extendimiento y apart\u00f3 las aguas que estaban debajo del extendimiento, de las aguas que estaban sobre el\u00a0 extendimiento&#8230;<\/span><\/em><\/p>\n<p>Dios Cre\u00f3 elmundo es seis d\u00edas y al s\u00e9ptimo descans\u00f3. En realidad eso debemos interpretarlo como que la Creaci\u00f3n a imagen de Dios tarda seis macroeras y seis eras\u00a0 y que a la s\u00e9ptima macroera era y la s\u00e9ptima\u00a0 era\u00a0 reposa.<br \/>\n6 es el n\u00famero del fruto y equivale al signo de Virgo. La semilla divina tarda 6 macroeras\u00a0 en macromadurar\u00a0 y seis eras en madurar.<br \/>\nSi contamos a la era de Acuario como a la primera, que es la primera de nuestra Macroera, observando que los signos zodiacales de las eras van en sentido inverso de lo normal, tenemos:<br \/>\n1\u00aa era la de Acuario\u00a0\u00a0\u00a0 2\u00aa era la de Capricornio\u00a0\u00a0\u00a0 3\u00aa era la de Sagitario\u00a0\u00a0\u00a0\u00a0 4\u00aa era la de Escorpio\u00a0 5\u00aaera la de Libra\u00a0 y\u00a0\u00a0 6\u00aaera la de Virgo<br \/>\nSi contamos los signos del zod\u00edaco en sentido normal, osea teniendo en cuenta que el primer signo es Aries resulta:<br \/>\n1\u00ba signo de Aries\u00a0\u00a0 2\u00ba signo de Tauro\u00a0\u00a0 3\u00ba signo de G\u00e9minis\u00a0 4\u00ba signo de C\u00e1ncer\u00a0\u00a0 5\u00ba signo de Leo\u00a0\u00a0\u00a0 6\u00ba signo de Virgo<br \/>\nOsea que tanto si miramos el sentido de los signos de las eras, como si contamos los signos en el orden inverso normal o el de las macroeras el resultado es que la era de Virgo es la n\u00ba6.<br \/>\n6 es el n\u00famero del signo de Virgo que es adem\u00e1s principio y final de un ciclo, primavera u oto\u00f1o seg\u00fan la latitud en la geograf\u00eda terrestre.<\/p>\n<p>Virgo o n\u00ba 6 se identifica como el Fruto de Dios\u00a0 o el \u00c1ngel Caido en acci\u00f3n. El Hijo de Dios es el n\u00ba5\u00a0 y en acci\u00f3n es 5+1. Osea que el n\u00ba 6 representa la acci\u00f3n primera del Hijo de Dios, en su primeta etapa de Creaci\u00f3n independiente del Padre, que se supone que en el s\u00e9ptimo d\u00eda descansa.<br \/>\n666 es una Trinidad o triple Caida;\u00a0 que es a la vez Padre o Esposo de la Tierra a la que fecunda, Hijo de Dios\u00a0 y Esp\u00edritu que subyace en el interior de cada uno de nosotros .<br \/>\nHemos quedado que la era de Virgo era la sexta de la Macroera y la primera de un ciclo de siete eras en que la era de Piscis es la \u00faltima en los dos sentidos.<\/p>\n<p>Virgo 1\u00aa \u00a0 \u00a0\u00a0 Leo 2\u00aa\u00a0 \u00a0 \u00a0 C\u00e1ncer 3\u00aa\u00a0 \u00a0 \u00a0\u00a0 G\u00e9minis 4\u00aa \u00a0 \u00a0\u00a0 Tauro 5\u00aa\u00a0\u00a0\u00a0\u00a0\u00a0 Aries 6\u00aa\u00a0\u00a0\u00a0\u00a0 Piscis 7\u00aa. Sin embargo los antiguos sab\u00edan que est\u00e1bamos en la s\u00e9ptima Macroera de Libra y la identificaban con Venus y su Mes\u00edas era Aries, el Cordero que habr\u00eda de venir al Final de nuestra era de Piscis, que es tambi\u00e9n final de una Macroera.<\/p>\n<p>Al final de la era de Piscis, la llamada era s\u00e9ptima\u00a0 por los antiguos\u00a0 e<strong> i<\/strong>dentificada con el n\u00ba 7 que se corresponde con la macroera\u00a0 de Libra y las macreras van\u00a0 en el sentido normal de los signos del zod\u00edaco, ser\u00eda el JUICIO FINAL y cuando se abre la PUERTA DEL UMBRAL\u00a0 que permite la RESURRECCI\u00d3N CORPORAL\u00a0 o SUBLIMACI\u00d3N DE LA MATERIA\u00a0 o cuando se completa la gran obra alqu\u00edmica de la CREACI\u00d3N\u00a0 y ya entramos en la llamada OCTAVA ESFERA o n\u00famero 8 que se corresponderia con la era de Acuario y con el signo de Escorpio.<\/p>\n<p><a href=\"http:\/\/www.elmundodegallasalva.es\/wp-content\/uploads\/2011\/07\/gall1.jpg\"><img loading=\"lazy\" class=\"alignleft wp-image-223 size-medium\" src=\"http:\/\/www.elmundodegallasalva.es\/wp-content\/uploads\/2011\/07\/gall1-211x300.jpg\" alt=\"\" width=\"211\" height=\"300\" srcset=\"http:\/\/www.elmundodegallasalva.es\/wp-content\/uploads\/2011\/07\/gall1-211x300.jpg 211w, http:\/\/www.elmundodegallasalva.es\/wp-content\/uploads\/2011\/07\/gall1.jpg 400w\" sizes=\"(max-width: 211px) 100vw, 211px\" \/><\/a><span style=\"color: #333399;\">Existe una puerta dimensional que s\u00f3lo puede ser abierta al final de los tiempos, al final de la era de Piscis o era Mutante. <\/span><\/p>\n<p><span style=\"color: #333399;\">La era de Piscis es mutante porqu\u00e9 en ella el hombre se despoja de su condici\u00f3n humana y adquiere la dimensi\u00f3n ang\u00e9lica. Junto a la puerta dimensional est\u00e1n los seres de luz o personas que ya han superado la dura prueba de la metempsicosis o sucesivas reencarnaciones y permanecen a la espera del D\u00eda de la Alegr\u00eda o la Amargura, esto ser\u00e1 al final de la era de Piscis.<\/span><\/p>\n<p><span style=\"color: #333399;\">Al final de la era de Piscis ser\u00e1 la resurrecci\u00f3n o retorno. Resurreccion de la Muerte y retorno a la condicci\u00f3n \u00e1ngelica o divina. La llegada a la era de Acuario ser\u00e1 en nuestra nueva condici\u00f3n Ang\u00e9lica, la condici\u00f3n humana no se corresponde con la era de Acuario.<\/span><\/p>\n<p><span style=\"color: #333399;\">Todos los secretos o tesoros est\u00e1n bien guardados, tienen su guardi\u00e1n y \u00e9l tiene la clave o llave de la puerta. C\u00f3mo que Dios aprieta pero no ahoga, siempre hay personas de buena voluntad que intentan ayudar y facilitar las cosas y graban en las piedras mensajes para que perduren en el tiempo. Tambi\u00e9n hay personas que se esfuerzan en descifrar las piedras, tarea dificil ya que las palabras y s\u00edmbolos tienen edad.<\/span><\/p>\n<p><span style=\"color: #333399;\">Hemos visto que el seis se corresponde con el signo de Virgo; con la Macroera de Virgo,\u00a0 con la era de Virgo y con el signo de Virgo corriente. <\/span><span style=\"color: #333399;\">El siete se corresponde con la Macroera de Libra, con el signo de Libra corriente y que llaman era s\u00e9ptima a la de Piscis tambi\u00e9n. Se corresponde con el n\u00famero 7 , la balanza y se identifica ese n\u00famero con el Juicio del Final de los Tiempos. Teminado el macrojuicio se entra en la Macroera de Escorpio, que se represnta como la puerta o rueda de ocho radios y la primera era de la macroera es la era de Acuario.<\/span><\/p>\n<figure id=\"attachment_1224\" aria-describedby=\"caption-attachment-1224\" style=\"width: 300px\" class=\"wp-caption alignright\"><a href=\"http:\/\/www.elmundodegallasalva.es\/wp-content\/uploads\/2011\/06\/DSC03068.jpg\"><img loading=\"lazy\" class=\"size-medium wp-image-1224\" src=\"http:\/\/www.elmundodegallasalva.es\/wp-content\/uploads\/2011\/06\/DSC03068-300x225.jpg\" alt=\"\" width=\"300\" height=\"225\" srcset=\"http:\/\/www.elmundodegallasalva.es\/wp-content\/uploads\/2011\/06\/DSC03068-300x225.jpg 300w, http:\/\/www.elmundodegallasalva.es\/wp-content\/uploads\/2011\/06\/DSC03068.jpg 640w\" sizes=\"(max-width: 300px) 100vw, 300px\" \/><\/a><figcaption id=\"caption-attachment-1224\" class=\"wp-caption-text\">Litograf\u00eda del siglo 19<\/figcaption><\/figure>\n<p><span style=\"color: #333399;\">Vemos en el dibujo que encima de la puerta pone 1777, que se identifica con el Juicio Final y San Pedro est\u00e1 en la Puerta con la llave. Un \u00e1ngel, que simboliza el signo de Acuario tambi\u00e9n,\u00a0 est\u00e1 subiendo el alma de un difunto y finalmente es la Reina del Cielo o la Virgen la que conduce al Trono, en donde est\u00e1n Dios y Jes\u00fas.<\/span><\/p>\n<p><span style=\"color: #333399;\"><span style=\"color: #000000;\">Sin duda es interesant\u00edma la visi\u00f3n egipcia del Final de los Tiempos y el Libro Egipcio de los Muertos cuenta como nadie\u00a0 quer\u00eda perderse ese Final Glorioso, por nada del mundo y sin duda choca con el pensamiento\u00a0 mayoritario actual, que desprecia el mundo espiritual verdadero y en donde el \u00fanico dios es el dinero y encima llaman paganos a modo de insulto a los antiguos dioses.<br \/>\n<\/span><\/span><\/p>\n<p>Son interesant\u00edsimos los textos vedas, de los que se va hablando en distintas p\u00e1ginas y\u00a0 la visi\u00f3n del Cristian\u00edsmo antiguo, que deja entrever cuan alejados est\u00e1n algunos de su origen. Sin duda el Cristian\u00edsmo antiguo ilustra como nadie el Final de los Tiempos y la entrada a la Octava\u00a0 Esfera o macroera de Escorpio.<\/p>\n","protected":false},"excerpt":{"rendered":"<p>Bienvenido al mundo de Gallasalva Una rueda de ocho radios es luz y quien lo comprende alcanza mundos luminosos. Esta&hellip;<\/p>\n","protected":false},"author":1,"featured_media":0,"parent":0,"menu_order":1,"comment_status":"open","ping_status":"open","template":"","meta":{"_monsterinsights_skip_tracking":false,"_monsterinsights_sitenote_active":false,"_monsterinsights_sitenote_note":"","_monsterinsights_sitenote_category":0},"_links":{"self":[{"href":"http:\/\/www.elmundodegallasalva.es\/index.php?rest_route=\/wp\/v2\/pages\/2"}],"collection":[{"href":"http:\/\/www.elmundodegallasalva.es\/index.php?rest_route=\/wp\/v2\/pages"}],"about":[{"href":"http:\/\/www.elmundodegallasalva.es\/index.php?rest_route=\/wp\/v2\/types\/page"}],"author":[{"embeddable":true,"href":"http:\/\/www.elmundodegallasalva.es\/index.php?rest_route=\/wp\/v2\/users\/1"}],"replies":[{"embeddable":true,"href":"http:\/\/www.elmundodegallasalva.es\/index.php?rest_route=%2Fwp%2Fv2%2Fcomments&post=2"}],"version-history":[{"count":0,"href":"http:\/\/www.elmundodegallasalva.es\/index.php?rest_route=\/wp\/v2\/pages\/2\/revisions"}],"wp:attachment":[{"href":"http:\/\/www.elmundodegallasalva.es\/index.php?rest_route=%2Fwp%2Fv2%2Fmedia&parent=2"}],"curies":[{"name":"wp","href":"https:\/\/api.w.org\/{rel}","templated":true}]}}