{"id":2015,"date":"2014-01-16T23:27:57","date_gmt":"2014-01-16T23:27:57","guid":{"rendered":"http:\/\/www.elmundodegallasalva.es\/?page_id=2015"},"modified":"2015-09-12T22:06:52","modified_gmt":"2015-09-12T22:06:52","slug":"lista-de-martires-cristianos","status":"publish","type":"page","link":"http:\/\/www.elmundodegallasalva.es\/?page_id=2015","title":{"rendered":"Los arios, el Cristianismo, los \u00edberos y el Anticristo"},"content":{"rendered":"<address><a href=\"http:\/\/www.elmundodegallasalva.es\/wp-content\/uploads\/2013\/07\/800px-Map_of_the_Achaemenid_Empire.jpg\"><img loading=\"lazy\" class=\"aligncenter size-full wp-image-2237\" src=\"http:\/\/www.elmundodegallasalva.es\/wp-content\/uploads\/2013\/07\/800px-Map_of_the_Achaemenid_Empire.jpg\" alt=\"800px-Map_of_the_Achaemenid_Empire\" width=\"800\" height=\"387\" srcset=\"http:\/\/www.elmundodegallasalva.es\/wp-content\/uploads\/2013\/07\/800px-Map_of_the_Achaemenid_Empire.jpg 800w, http:\/\/www.elmundodegallasalva.es\/wp-content\/uploads\/2013\/07\/800px-Map_of_the_Achaemenid_Empire-300x145.jpg 300w\" sizes=\"(max-width: 800px) 100vw, 800px\" \/><\/a>Seg\u00fan la Cosmolog\u00eda de Tolomeo: \u00abEl noveno mapa de Asia contiene Aria, Paropan\u00edsades, Drangiana, Aracosia y Gedrosia. Su paralelo central tiene la proporci\u00f3n\u00a0 respecto al meridiano de trece a quince. El mapa est\u00e1 rodeado por el oriente por la India, por el sur por el mar, por el occidente por ambas Carmanias y por Partia, por el norte por Margiana y por Bactriana.<\/address>\n<address>Ciudades importantes de Aria son: Aria, Bitaxa y Alejand\u00eda de Aria.<\/address>\n<address>Ciudades importantes de Paropan\u00edsides son: Naulibis y Carura (tambi\u00e9n llamada Orcospana).<\/address>\n<address>Ciudades importantes de Drangiana son: Prothasia y Ariaspa.<\/address>\n<address>Ciudades importantes de Aracosia son: Alejandr\u00eda y Archotos.<\/address>\n<address>Ciudades importantes de Gedrosia son: Cuni, Musarna y Arbis.<\/address>\n<address>\u00a0<\/address>\n<address>Como vemos en el mapa los arios y la regi\u00f3n de Aria est\u00e1n en Asia y actualmente es un territorio al noroeste de Afganist\u00e1n y se corresponde con el valle del r\u00edo Hari Rud.<\/address>\n<address>En tiempos de los romanos el Cristianismo estaba muy extendido por toda Asia, entre los arios o las tribus de raza blanca\u00a0 y los romanos se dedicaban a exterminarlos .<\/address>\n<address>En el Libro de Cosmolog\u00eda de Tolomeo encontramos una lista de m\u00e1rtires cristianos y haciendo un resumen y empezando por la A encontramos:<\/address>\n<address>\u00abAntioqu\u00eda (Asia) , de la que se dice que el n\u00famero de m\u00e1rtires es similar al n\u00famero de piedras de los muros de esta ciudad. Aqu\u00ed es donde San Ignacio, disc\u00edpulo del ap\u00f3stol San Juan escribi\u00f3 varias cartas asegurando que hab\u00eda tocado al Cristo, despu\u00e9s de su resurrecci\u00f3n y fue conducido encadenado a Roma y\u00a0 devorado por las fieras, en el segundo a\u00f1o del principado de Trajano.<\/address>\n<address>Anario (Asia), en donde murieron martirizados 14 soldados cristianos siendo emperador Licinio el Ap\u00f3stata. En este lugar hab\u00edan mil iglesias y cien mil siervas de los cristianos en tiempos de Ludovico, rey de los Francos.<\/address>\n<address>Ciudad de Albana (Asia), en donde muere despellejado el ap\u00f3stol San Bartolome a manos de Astragu\u00e9&#8230;&#8230;..\u00bb<\/address>\n<address>Continuando por la A, aunque resumiendo encontramos la ciudad de \u00abAmbrodax, que junto a la naci\u00f3n de los Partos, es decir: Carmania, Aria, Margiana, Drangiana y la regi\u00f3n de Paropaniso, el ap\u00f3stol san Tom\u00e1s predic\u00f3 a los habitantes de la Bactrania y de la Gedrosia hasta el mar Hicarnio(Caspio)\u00bb<\/address>\n<address>Fue en Alejandr\u00eda de Aria, que en su d\u00eda fundara Alejandro Magno, que el ap\u00f3stol San Bartolom\u00e9 encaden\u00f3 a un demonio negro en presencia del rey\u00a0 Polemio . Es en la ciudad de Albana, que el mismo ap\u00f3stol Bartolom\u00e9, de noble estirpe, cubierto con un manto blanco, adornado con gemas por todas partes , oraba de rodillas 100 veces durante el d\u00eda y otras tantas por la noche.<\/address>\n<address>\n<figure id=\"attachment_2132\" aria-describedby=\"caption-attachment-2132\" style=\"width: 140px\" class=\"wp-caption alignleft\"><a href=\"http:\/\/www.elmundodegallasalva.es\/wp-content\/uploads\/2013\/12\/Sibila-Eritrea.jpg\"><img loading=\"lazy\" class=\"size-medium wp-image-2132\" src=\"http:\/\/www.elmundodegallasalva.es\/wp-content\/uploads\/2013\/12\/Sibila-Eritrea-140x300.jpg\" alt=\"portadora de la \u00faltima profec\u00eda\" width=\"140\" height=\"300\" srcset=\"http:\/\/www.elmundodegallasalva.es\/wp-content\/uploads\/2013\/12\/Sibila-Eritrea-140x300.jpg 140w, http:\/\/www.elmundodegallasalva.es\/wp-content\/uploads\/2013\/12\/Sibila-Eritrea.jpg 300w\" sizes=\"(max-width: 140px) 100vw, 140px\" \/><\/a><figcaption id=\"caption-attachment-2132\" class=\"wp-caption-text\">portadora de la \u00faltima profec\u00eda<\/figcaption><\/figure>\n<p>Es en Ancira, sede metropilitana, en Asia que San Jacobo el Mayor comenz\u00f3 a Predicar, ocupando el lugar del beato evangelista San Juan, hermano suyo, por toda Asia Menor. Despu\u00e9s fue hacia Hispania y muri\u00f3 en Jerusal\u00e9n.<\/p>\n<\/address>\n<address>Es en la B que encontramos Babilonia, ciudad de Asia en donde los ap\u00f3stoles San Sim\u00f3n y San Tadeo bautizan al rey persa, a la reina Gnina y al hijo de ambos Eutropio, que fuera testigo del milagro de los panes y los peces, ya que era uno de los que estaban en la mesa comiendo y que fue enviado por el ap\u00f3stol san Pedro a Poitiers, ciudad de la Galia en donde sufri\u00f3 martirio.<\/address>\n<address>Fue en Babilonia que miles de a\u00f1os antes naci\u00f3 y profetiz\u00f3 la Sibila Eritrea, que fuera la hija del rey de los Medas y por ello llamada Medea o Medusa y que se convirti\u00f3 en reina de los \u00edberos a trav\u00e9s de Abraham, que era rey de los \u00edberos y que se la llam\u00f3 Ceres y di\u00f3 nombre a la Ceretania, actual Cerda\u00f1a. Osea que era reina de los galos o gallos de la Galia que fundaron Galacia o Galilea antes de Cristo. Ella es la que porta la profec\u00eda del Fin de los Tiempos y es la famosa Pirene reina de la Atl\u00e1ntida, que se salv\u00f3 de la gran cat\u00e1strofe,\u00a0 es tambi\u00e9n Isis,\u00a0 es la Virgen Negra del Montsalvat que se venera tambi\u00e9n en La Meca y la madre de Mitra. Ella es la que vino en la barca de los Argonautas, con Jas\u00f3n y el famoso Velloncino de Oro del Carnero Alado Crisomalo. El rey de los Medas , Medei o Midas es el mismo que convert\u00eda aquello que tocaba en oro y apodado Jas\u00f3n , que es un derivado de la palabra \u00abgaza\u00bb que significa tersoro . Ella hered\u00f3 el reino de los \u00edberos, por ser su padre sobrino de Abraham, que era el Heber, hijo de T\u00fabal y da lugar a la misteriosa \u00abprofec\u00eda de los reyes encantados\u00bb del Ripoll\u00e9s y los inmensos caudales de oro del Pirineo, invisibles al ojo humano, que habr\u00edan de aparecer al Final de los Tiempos y que fueron muy codiciados por los romanos. <a href=\"http:\/\/www.elmundodegallasalva.es\/wp-content\/uploads\/2012\/03\/Rotaci\u00f3nDSC03062.jpg\"><img loading=\"lazy\" class=\"alignright size-medium wp-image-1327\" src=\"http:\/\/www.elmundodegallasalva.es\/wp-content\/uploads\/2012\/03\/Rotaci\u00f3nDSC03062-225x300.jpg\" alt=\"Rotaci\u00f3nDSC03062\" width=\"225\" height=\"300\" srcset=\"http:\/\/www.elmundodegallasalva.es\/wp-content\/uploads\/2012\/03\/Rotaci\u00f3nDSC03062-225x300.jpg 225w, http:\/\/www.elmundodegallasalva.es\/wp-content\/uploads\/2012\/03\/Rotaci\u00f3nDSC03062.jpg 480w\" sizes=\"(max-width: 225px) 100vw, 225px\" \/><\/a><\/address>\n<address>Fue pues la avidez de oro lo que empuj\u00f3 a los romanos a invadir Hispania y la Galia y por a\u00f1os esplotaron numerosas minas que no es que fueran abandonadas por agotadas, sino que echaron a los romanos. Espa\u00f1a sigue siendo la reserva de oro m\u00e1s importante de Europa, con miles de mineros parados y en Catalu\u00f1a siguen a la espera la reina Medea,\u00a0\u00a0 la encantada de la cueva\u00a0 e hija del Gran Turco, que fuera el rey Midas y esperan tambi\u00e9n los cuantiosos tesoros invisibles o incomprensibles para el ojo humano, porque son tesoros de un mundo antiguo que fueron preservados del Diluvio y\u00a0 que han de servir para Salvar a la perdida humanidad en este Final de Macroera, en que caer\u00e1 el Eje de la Tierra y se dentendr\u00e1 el giro y luego girar\u00e1 nuestro planeta al rev\u00e9s, con todo lo que ello conlleva.<\/address>\n<address>Es en el contexto del final de nuestra macroera de Libra, que se caracteriza por el empacho de las ciencias del Bien y del Mal, que el Anticristo y Mahoma juegan un papel esencial y es que no existe el crecimiento o evoluci\u00f3n espiritual, sin sufrimiento.<\/address>\n<address>Nunca, de no ser por las constantes guerras, se hubiese desarrollado la tegnolog\u00eda espacial y estar\u00eda este mundo preparado para entrar a la nueva Macroera de Escorpi\u00f3n. Pero el Mal, no siendo un fin en si mismo, ha de autodestruirse al final y de ah\u00ed que fue predecible la batalla que se ha de librar en el Pirineo!!!!!<\/address>\n<address>M\u00e1s informaci\u00f3n sobre Medea en esta otra p\u00e1gina:<\/address>\n<address>\n<h2><a title=\"La profec\u00eda de Melusina\" href=\"http:\/\/www.elmundodegallasalva.es\/?page_id=79\" rel=\"bookmark\">\u00a0La profec\u00eda de Melusina<\/a><\/h2>\n<\/address>\n","protected":false},"excerpt":{"rendered":"<p>Seg\u00fan la Cosmolog\u00eda de Tolomeo: \u00abEl noveno mapa de Asia contiene Aria, Paropan\u00edsades, Drangiana, Aracosia y Gedrosia. Su paralelo central&hellip;<\/p>\n","protected":false},"author":1,"featured_media":0,"parent":2681,"menu_order":0,"comment_status":"open","ping_status":"open","template":"template-fullwidth.php","meta":{"_monsterinsights_skip_tracking":false,"_monsterinsights_sitenote_active":false,"_monsterinsights_sitenote_note":"","_monsterinsights_sitenote_category":0},"_links":{"self":[{"href":"http:\/\/www.elmundodegallasalva.es\/index.php?rest_route=\/wp\/v2\/pages\/2015"}],"collection":[{"href":"http:\/\/www.elmundodegallasalva.es\/index.php?rest_route=\/wp\/v2\/pages"}],"about":[{"href":"http:\/\/www.elmundodegallasalva.es\/index.php?rest_route=\/wp\/v2\/types\/page"}],"author":[{"embeddable":true,"href":"http:\/\/www.elmundodegallasalva.es\/index.php?rest_route=\/wp\/v2\/users\/1"}],"replies":[{"embeddable":true,"href":"http:\/\/www.elmundodegallasalva.es\/index.php?rest_route=%2Fwp%2Fv2%2Fcomments&post=2015"}],"version-history":[{"count":0,"href":"http:\/\/www.elmundodegallasalva.es\/index.php?rest_route=\/wp\/v2\/pages\/2015\/revisions"}],"up":[{"embeddable":true,"href":"http:\/\/www.elmundodegallasalva.es\/index.php?rest_route=\/wp\/v2\/pages\/2681"}],"wp:attachment":[{"href":"http:\/\/www.elmundodegallasalva.es\/index.php?rest_route=%2Fwp%2Fv2%2Fmedia&parent=2015"}],"curies":[{"name":"wp","href":"https:\/\/api.w.org\/{rel}","templated":true}]}}