{"id":2073,"date":"2013-09-12T14:07:25","date_gmt":"2013-09-12T14:07:25","guid":{"rendered":"http:\/\/www.elmundodegallasalva.es\/?page_id=2073"},"modified":"2015-10-13T15:19:32","modified_gmt":"2015-10-13T15:19:32","slug":"el-vendepatrias-espanol-profecia-de-jacinto-verdaguer","status":"publish","type":"page","link":"http:\/\/www.elmundodegallasalva.es\/?page_id=2073","title":{"rendered":"El vendepatrias espa\u00f1ol, profec\u00eda de Jacinto Verdaguer"},"content":{"rendered":"<address>Como se puede apreciar en los poemas\u00a0 de Jacinto Verdaguer los vedepatrias catalanes son muy antiguos, osea que no fue Jordi Pujol el primero, a pesar de que sea uno de los m\u00e1s remarcables sin despreciar a Artur Mas o a Montilla.<\/address>\n<address>Caracter\u00edstico de los vendepatrias es el victimismo y el golpearse el pecho, cosas que aprenden en la masoner\u00eda.<\/address>\n<address><a href=\"http:\/\/www.elmundodegallasalva.es\/wp-content\/uploads\/2013\/09\/SAM_0896.jpg\"><img loading=\"lazy\" class=\"alignleft size-medium wp-image-2049\" src=\"http:\/\/www.elmundodegallasalva.es\/wp-content\/uploads\/2013\/09\/SAM_0896-300x168.jpg\" alt=\"SAM_0896\" width=\"300\" height=\"168\" srcset=\"http:\/\/www.elmundodegallasalva.es\/wp-content\/uploads\/2013\/09\/SAM_0896-300x168.jpg 300w, http:\/\/www.elmundodegallasalva.es\/wp-content\/uploads\/2013\/09\/SAM_0896-1024x576.jpg 1024w, http:\/\/www.elmundodegallasalva.es\/wp-content\/uploads\/2013\/09\/SAM_0896.jpg 1696w\" sizes=\"(max-width: 300px) 100vw, 300px\" \/><\/a>\u00a1Per \u00e7o faig nosa i volen matarme: \u00a0perqu\u00e8 callo,<\/address>\n<address>perqu\u00e8 tinch art i glories, comer\u00e7 en terra i mar,<\/address>\n<address>perqu\u00e8 ab totes mes for\u00e7es tit\u00e1niques treballo,<\/address>\n<address>industria, lleys y llengua me volent arrancar!<\/address>\n<address>\u00a1Van fent la patria esclava de Fransa i \u00a0d\u00b4Inglaterra,<\/address>\n<address>comer\u00e7, agricultura, marina, tot s\u00b4aterra!<\/address>\n<address>Germans los de la plana, germans los de la serra,\u00a0<\/address>\n<address>\u00bf\u00e1 nostre mare Espanya la deixarem lligar?<\/address>\n<address>Jacinto Verdaguer<\/address>\n<address>\u00a0<\/address>\n<address>\u00a1Por eso molesto y quieren matarme: porqu\u00e9 callo,<\/address>\n<address>porque tengo arte y glorias, comercio en tierra y mar,<\/address>\n<address>porque con todas mis fuerzas tit\u00e1nicas trabajo,<\/address>\n<address>industria, leyes y lengua me quieren arrancar!<\/address>\n<address>\u00a1Van haciendo la patria esclava de Francia, de Inglaterra,<\/address>\n<address>comercio, agricultura, marina, todo se aterra!<\/address>\n<address>Hermanos los de la llana, hermanos los de la sierra,<\/address>\n<address>\u00bfa nuestra madre Espa\u00f1a la dejaremos atar?<\/address>\n<address>Jacinto Verdaguer<\/address>\n<address>Como habr\u00e1n visto en la foto y a pesar de que entone els segadors muy bien, Artur Mas es un vendepatrias t\u00edpico, que usa el victimismo para tapar sus verg\u00fcenzas y que no se arruga , ni se inmuta, ni se arrodilla pidiendo perd\u00f3n a Santa Mar\u00eda de Ripoll por tanta indecencia. Nada que ver con aquellos antiguos catalanes como Wifredo y Winidilada que en su d\u00eda construyeron el monasterio de Ripoll para el perd\u00f3n de sus pecados.<\/address>\n<address>\u00a0<\/address>\n<address><a href=\"http:\/\/www.elmundodegallasalva.es\/wp-content\/uploads\/2012\/04\/Rotaci%C3%B3ncarmen_fotos-2027.jpg\"><img loading=\"lazy\" class=\"alignright\" title=\"Rotaci\u00f3ncarmen_fotos 2027\" src=\"http:\/\/www.elmundodegallasalva.es\/wp-content\/uploads\/2012\/04\/Rotaci%C3%B3ncarmen_fotos-2027-245x300.jpg\" alt=\"\" width=\"245\" height=\"300\" \/><\/a><\/address>\n<address>\u00a0\u00a0<\/address>\n<p>Como podemos apreciar en el escrito de Verdaguer, el gran poeta catal\u00e1n consideraba a Espa\u00f1a su madre y la de los catalanes, a la que se hab\u00eda de salvar de las garras de los \u00a0envidiosos de los franceses e ingleses. Pero \u00a0sobretodo hab\u00eda de ser salvada de los mismos espa\u00f1oles o catalanes que la quer\u00edan esclavizar para regal\u00e1rsela y es que en este pa\u00eds siempre han habido p\u00e9simos pol\u00edticos, traidores o pasados de rosca que se han empe\u00f1ado en destruir o dividir la tierra m\u00e1s hermosa que ha existido en la historia.<\/p>\n<p>Sin duda Verdaguer le escribir\u00eda un poema a Artur Mas o unos cuantos y no para cantar sus glorias o sus penas, sino por vendepatrias espa\u00f1ol que brilla mas que el sol!<\/p>\n<p>Es el mismo Verdaguer, que en su obra titulada la Atlantida , canta as\u00ed:<\/p>\n<address>Y \u00bfQuien salv\u00f3 aquel nido de la legi\u00f3n \u00edbera<\/address>\n<address>al perecer el \u00e1rbol del cataclismo en pos?<\/address>\n<address>\u00a1Espa\u00f1a!, \u00bfqui\u00e9n te salva,si la nave ligera que a remolque segu\u00edas, hundi\u00f3se?<\/address>\n<address>\u00a1S\u00f3lo Dios!<\/address>\n<address>\u00c9l coloc\u00f3 el tesoro de Atl\u00e1ntida en tu popa:<\/address>\n<address>te atrac\u00f3 al Pirineo de \u00e1guilas nidal;<\/address>\n<address>te puso tras el muro de la riente Europa,<\/address>\n<address>mecida por dos mares cual Venus ancestral.<\/address>\n<address>El dios de las riquezas por ello en ti pusieron los griegos, tus monta\u00f1as de oro al ver surgir;<\/address>\n<address>tus tesoros m\u00e1s grandes que los de Colcos fueron;<\/address>\n<address>t\u00fa diste Ed\u00e9n a Homero, a Salom\u00f3n Ofir.<\/address>\n<address>Y los pueblos al verte de Atl\u00e1ntida heredera<\/address>\n<address>te dicen en su entierro: \u00ab\u00a1Cual ella otra no hay!<\/address>\n<address>\u00bfQu\u00e9 importa a las abejas que no haya primavera si,flor de las edades, les quedas t\u00fa?\u00bb Mas \u00a1ay!<\/address>\n","protected":false},"excerpt":{"rendered":"<p>Como se puede apreciar en los poemas\u00a0 de Jacinto Verdaguer los vedepatrias catalanes son muy antiguos, osea que no fue&hellip;<\/p>\n","protected":false},"author":1,"featured_media":0,"parent":2007,"menu_order":0,"comment_status":"open","ping_status":"open","template":"","meta":{"_monsterinsights_skip_tracking":false,"_monsterinsights_sitenote_active":false,"_monsterinsights_sitenote_note":"","_monsterinsights_sitenote_category":0},"_links":{"self":[{"href":"http:\/\/www.elmundodegallasalva.es\/index.php?rest_route=\/wp\/v2\/pages\/2073"}],"collection":[{"href":"http:\/\/www.elmundodegallasalva.es\/index.php?rest_route=\/wp\/v2\/pages"}],"about":[{"href":"http:\/\/www.elmundodegallasalva.es\/index.php?rest_route=\/wp\/v2\/types\/page"}],"author":[{"embeddable":true,"href":"http:\/\/www.elmundodegallasalva.es\/index.php?rest_route=\/wp\/v2\/users\/1"}],"replies":[{"embeddable":true,"href":"http:\/\/www.elmundodegallasalva.es\/index.php?rest_route=%2Fwp%2Fv2%2Fcomments&post=2073"}],"version-history":[{"count":0,"href":"http:\/\/www.elmundodegallasalva.es\/index.php?rest_route=\/wp\/v2\/pages\/2073\/revisions"}],"up":[{"embeddable":true,"href":"http:\/\/www.elmundodegallasalva.es\/index.php?rest_route=\/wp\/v2\/pages\/2007"}],"wp:attachment":[{"href":"http:\/\/www.elmundodegallasalva.es\/index.php?rest_route=%2Fwp%2Fv2%2Fmedia&parent=2073"}],"curies":[{"name":"wp","href":"https:\/\/api.w.org\/{rel}","templated":true}]}}