{"id":214,"date":"2011-07-11T14:09:23","date_gmt":"2011-07-11T14:09:23","guid":{"rendered":"http:\/\/www.elmundodegallasalva.es\/?page_id=214"},"modified":"2016-10-03T19:57:31","modified_gmt":"2016-10-03T19:57:31","slug":"astrologia-y-alquimia","status":"publish","type":"page","link":"http:\/\/www.elmundodegallasalva.es\/?page_id=214","title":{"rendered":"Astrolog\u00eda y Alquimia"},"content":{"rendered":"<p><a href=\"http:\/\/www.elmundodegallasalva.es\/wp-content\/uploads\/2011\/07\/foto2.gif\"><img loading=\"lazy\" class=\"alignleft size-medium wp-image-217\" title=\"foto2\" src=\"http:\/\/www.elmundodegallasalva.es\/wp-content\/uploads\/2011\/07\/foto2-300x225.gif\" alt=\"\" width=\"300\" height=\"225\" srcset=\"http:\/\/www.elmundodegallasalva.es\/wp-content\/uploads\/2011\/07\/foto2-300x225.gif 300w, http:\/\/www.elmundodegallasalva.es\/wp-content\/uploads\/2011\/07\/foto2.gif 400w\" sizes=\"(max-width: 300px) 100vw, 300px\" \/><\/a><span style=\"color: #808080;\"><strong> Sin duda el final de la era de Piscis, con todas sus miserias que no son pocas, es la m\u00e1s fascinante de todas ya que en ella se culmina la Gran Obra!<\/strong><\/span><\/p>\n<p><span style=\"color: #808080;\"><strong>A lo largo de las eras transcurridas hemos recorrido un proceso alqu\u00edmico en el que el gran Plut\u00f3n, siendo como es considerado el gran mal\u00e9fico, a es sin duda el gran maestro.<\/strong><\/span><\/p>\n<p><span style=\"color: #808080;\"><strong>Plut\u00f3n representa el dios de los infiernos o reino de los muertos y como no podr\u00eda ser de otra manera es el gran alquimista, pues conoce todos los secretos de la vida, de la muerte y de la mism\u00edsima inmortalidad.<\/strong><\/span><\/p>\n<p><span style=\"color: #808080;\"><strong>Como ya nos ense\u00f1aron los sabios antiguos: al Final de los Tiempos ser\u00eda la Resurrecci\u00f3n de los Muertos, osea al final de nuestra increible era de Piscis. Esto viene a significar una victoria sobre la muerte ya que dejamos de ser mortales, resucitamos como dioses o retornamos a nuestro origen divino. Esto es la Gran Obra de la Creaci\u00f3n que llega a su Final, el Plomo se transmuta finalmente en Oro pur\u00edsimo!<\/strong><\/span><\/p>\n<p><span style=\"color: #808080;\"><strong>Cuando Plut\u00f3n entr\u00f3 en el signo del Escorpi\u00f3n se abri\u00f3 una puerta dimensional por la que penetr\u00f3 Sagitario. Plut\u00f3n en Sagitario propuls\u00f3 una ascensi\u00f3n del Fuego del Esp\u00edritu o Llama violeta que calent\u00f3 la gran Obra&#8230;Ahora que entra Plut\u00f3n en Capricornio se inicia el proceso de Fijaci\u00f3n de la Gran Obra, paso indispensable para que se transmute finalmente en Oro Pur\u00edsimo, un Trascender la Materia y transformarnos en Seres Divinos..<\/strong><\/span><\/p>\n<p><span style=\"color: #808080;\"><strong>La energ\u00eda de Plut\u00f3n es enorme, pero actua como el efecto tirachinas osea que primero te echa hacia atr\u00e1s y la tensi\u00f3n luego te proyecta. Por ello es previsible que al principio las cosas vayan hacia atr\u00e1s para poder tomar impulso!<\/strong><\/span><\/p>\n<p><span style=\"color: #808080;\"><strong>Capricornio es el gran protagonista de esta nueva etapa, tanto los hombres como los paises o ciudades Capricornio experimentar\u00e1n el efecto tirachinas del que venimos hablando. Las mujeres Capricornio no experimentan ese efecto directamente sino de manera indirecta a trav\u00e9s del padre o marido, ya que la mujer est\u00e1 bajo el gobierno de la luna como indica su menstrauci\u00f3n cada 28 d\u00edas. Eso significa que en el caso de la mujer las m\u00e1s afectadas, o que les afecte directamente el Tr\u00e1nsito de Plut\u00f3n, ser\u00e1n aquellas que tengan la Luna natal en el signo zodiacal de Capricornio.<\/strong><\/span><\/p>\n<p><span style=\"color: #808080;\"><strong>Pero todos tenemos algo en Capricornio, a lo menos una casa astrol\u00f3gica o alg\u00fan que otro planeta! As\u00ed que a\u00fan que Plut\u00f3n no transite nuestro Sol natal, como es el caso de los que son Capricornio, nos puede afectar de otras maneras.<\/strong><\/span><\/p>\n<p><span style=\"color: #808080;\"><strong>Seg\u00fan las observaciones de los antiguos, Capricornio tiene dominio sobre: Macedonia, Berber\u00eda, Portugal, Romandiola, Albania, Morcovia, Credosia, Thracia, Croacia, la India y parte de Esclavonia. Tambi\u00e9n tiene dominio sobre Argentina seg\u00fan observaciones modernas, que he efectuado yo misma.<\/strong><\/span><\/p>\n<p><span style=\"color: #808080;\"><strong>En ciudades, seg\u00fan los antiguos, Capricornio tiene dominio sobre: Verona, Forli, Saboya, Favencia y Constantinopla. En Espa\u00f1a sobre: Tortosa, Soria y Carmona.<\/strong><\/span><\/p>\n","protected":false},"excerpt":{"rendered":"<p>Sin duda el final de la era de Piscis, con todas sus miserias que no son pocas, es la m\u00e1s&hellip;<\/p>\n","protected":false},"author":1,"featured_media":0,"parent":2826,"menu_order":0,"comment_status":"open","ping_status":"open","template":"","meta":{"_monsterinsights_skip_tracking":false,"_monsterinsights_sitenote_active":false,"_monsterinsights_sitenote_note":"","_monsterinsights_sitenote_category":0},"_links":{"self":[{"href":"http:\/\/www.elmundodegallasalva.es\/index.php?rest_route=\/wp\/v2\/pages\/214"}],"collection":[{"href":"http:\/\/www.elmundodegallasalva.es\/index.php?rest_route=\/wp\/v2\/pages"}],"about":[{"href":"http:\/\/www.elmundodegallasalva.es\/index.php?rest_route=\/wp\/v2\/types\/page"}],"author":[{"embeddable":true,"href":"http:\/\/www.elmundodegallasalva.es\/index.php?rest_route=\/wp\/v2\/users\/1"}],"replies":[{"embeddable":true,"href":"http:\/\/www.elmundodegallasalva.es\/index.php?rest_route=%2Fwp%2Fv2%2Fcomments&post=214"}],"version-history":[{"count":0,"href":"http:\/\/www.elmundodegallasalva.es\/index.php?rest_route=\/wp\/v2\/pages\/214\/revisions"}],"up":[{"embeddable":true,"href":"http:\/\/www.elmundodegallasalva.es\/index.php?rest_route=\/wp\/v2\/pages\/2826"}],"wp:attachment":[{"href":"http:\/\/www.elmundodegallasalva.es\/index.php?rest_route=%2Fwp%2Fv2%2Fmedia&parent=214"}],"curies":[{"name":"wp","href":"https:\/\/api.w.org\/{rel}","templated":true}]}}