{"id":2294,"date":"2014-03-04T04:18:15","date_gmt":"2014-03-04T04:18:15","guid":{"rendered":"http:\/\/www.elmundodegallasalva.es\/?page_id=2294"},"modified":"2014-03-04T13:37:24","modified_gmt":"2014-03-04T13:37:24","slug":"la-tribu-de-dan-los-sodomitas-los-sionistas-y-el-anticristo","status":"publish","type":"page","link":"http:\/\/www.elmundodegallasalva.es\/?page_id=2294","title":{"rendered":"La tribu de Dan, los sodomitas, los sionistas y el Anticristo"},"content":{"rendered":"<p><a href=\"http:\/\/www.elmundodegallasalva.es\/wp-content\/uploads\/2014\/03\/tribu-de-dan-serpiente.jpg\"><img loading=\"lazy\" class=\"alignleft size-medium wp-image-2295\" alt=\"tribu-de-dan-serpiente\" src=\"http:\/\/www.elmundodegallasalva.es\/wp-content\/uploads\/2014\/03\/tribu-de-dan-serpiente-255x300.jpg\" width=\"255\" height=\"300\" srcset=\"http:\/\/www.elmundodegallasalva.es\/wp-content\/uploads\/2014\/03\/tribu-de-dan-serpiente-255x300.jpg 255w, http:\/\/www.elmundodegallasalva.es\/wp-content\/uploads\/2014\/03\/tribu-de-dan-serpiente.jpg 341w\" sizes=\"(max-width: 255px) 100vw, 255px\" \/><\/a>Seg\u00fan la tradici\u00f3n: fue en el monte Herm\u00f3n, en donde 200 \u00e1ngeles ca\u00eddos o vigilantes descendieron del cielo y fue en este monte donde habit\u00f3 la tribu de Dan, de la que habr\u00eda de nacer el Anticristo. Este monte es conocido tambi\u00e9n como Si\u00f3n, de donde toman nombre los sionistas y en este monte nace el r\u00edo Dan que es el mayor afluente del r\u00edo Jord\u00e1n, que es muy frecuentada por la realeza europea, traen esta agua en botellas para bautizar a los principitos. Algunos de los nombres de estos \u00e1ngeles caidos, empezando por el jefe y con relaci\u00f3n a su rango fueron: Shemihaza, Ar\u00b4taqof, Rama\u00b4el, Kokab\u00b4el,\u00a0 Dani\u00b4el, Zeq\u00b4el, Baraq\u00b4el, Asa\u00b4el, Harmoni, Matra\u00b4el, Anan\u00b4el, Sato\u00b4el, Shamsi\u00b4el, Sahari\u00b4el, Tumi\u00b4el, Turi\u00b4el, Yomi\u00b4el y Yehadi\u00b4el.<\/p>\n<p>El monte Herm\u00f3n era llamado tambi\u00e9n: m<i>onte Ba&#8217;al Herm\u00f3n<\/i> ,\u00a0 monte Senir por los amorreos,\u00a0 monte Siri\u00f3n por los fenicios y otros nombres.\u00a0 Fue considerado el lugar donde descendieron los \u00abhijos del cielo\u00bb o \u00ab\u00e1ngeles caidos\u00bb que dijeron: \u00abVayamos y escojamos mujeres de entre las hijas de los hombres y engendremos hijos\u00bb. Libro de Enoc cap\u00edtulo 6:6<\/p>\n<p>Dan es tambi\u00e9n el nombre de la ciudad, a donde fueran trasladados prisioneros el Santo Lot y los suyos, despu\u00e9s que perdieran una batalla y estaba repleta de sodomitas , que quisieron abusar de los \u00e1ngeles del Se\u00f1or seg\u00fan el G\u00e9nesis.\u00a0 Fue a causa de la perversi\u00f3n de los habitantes de Dan que se libr\u00f3 una tremenda batalla en la que Sodoma y Gomorra fueron destruidas y tambi\u00e9n la Atl\u00e1ntida.<\/p>\n<p><a href=\"http:\/\/www.elmundodegallasalva.es\/wp-content\/uploads\/2014\/03\/tribu-de-dan-aguila.jpg\"><img loading=\"lazy\" class=\"alignright size-medium wp-image-2297\" alt=\"tribu-de-dan-aguila\" src=\"http:\/\/www.elmundodegallasalva.es\/wp-content\/uploads\/2014\/03\/tribu-de-dan-aguila-256x300.jpg\" width=\"256\" height=\"300\" srcset=\"http:\/\/www.elmundodegallasalva.es\/wp-content\/uploads\/2014\/03\/tribu-de-dan-aguila-256x300.jpg 256w, http:\/\/www.elmundodegallasalva.es\/wp-content\/uploads\/2014\/03\/tribu-de-dan-aguila.jpg 330w\" sizes=\"(max-width: 256px) 100vw, 256px\" \/><\/a>En la antig\u00fcedad la palabra sodomita era sin\u00f3nimo de perversi\u00f3n, como por ejemplo: la necrofilia, la pedofilia, el vampirismo, homosexualidad, ritos sat\u00e1nicos, falta de amor al pr\u00f3jimo etc.<\/p>\n<p>La degeneraci\u00f3n\u00a0 y los enemigos del g\u00e9nero, siempre han sido se\u00f1ales del Final de los imperios. El g\u00e9nero es algo que marca el principio de la vida, es el Alfa o la Cabeza del Drag\u00f3n y el degenerar es el Omega,\u00a0 la Cola y ambas cosas se identifican con el dios Ano o Jano o Anak y por eso suele representarse con dos cabezas.\u00a0 El Principio y el Final son extremos que se tocan, es el Pez que se muerde la cola.<\/p>\n<p>No les era d\u00edficil a nuestros profetas antiguos el predecir el Final de los Tiempos, ya que los finales son m\u00e1s o menos todos iguales en esencia, es una transmutaci\u00f3n alqu\u00edmica en la que no podr\u00eda faltar el dios Ano, que sol\u00eda representarse ense\u00f1ando su ano y que es el cag\u00f3n del Pesebre, osea el famoso Cagan\u00e9 que es el emblema de Catalu\u00f1a . Esos perros guardianes\u00a0 del Averno o del infierno que lucieron los grandes sepulcros, el\u00a0 C\u00e0 o Can de\u00a0 Catalu\u00f1a o Cantabria , que marcan la salida del Sol y el Ocaso.<\/p>\n<p>Misi\u00f3n imposible fue para Abraham, que era un rey \u00edbero, salvar Sodoma y sus anonakis o adoradores del culo&#8230;..tan imposible como que entre el Anticristo en la nueva macroera de Escorpi\u00f3n, pues \u00e9l mismo se clavar\u00e1 el aguij\u00f3n, porque es muerte por definici\u00f3n, nigredo,\u00a0 descomposici\u00f3n y abono para el campo!<\/p>\n<p>Al observar los s\u00edmbolos de Dan, la balanza del signo astrol\u00f3gico de Libra, vemos que nos est\u00e1 hablando de la macroera de Libra que es la s\u00e9ptima y la serpiente del tropez\u00f3n, osea el mal, es la tribu de Dan. Hay que entender que Libra es la b\u00fasqueda del conocimiento, del equilibrio y del juicio&#8230;por ello ha de haber un Juicio al Final y eso es impepinable. El otro s\u00edmbolo de Dan es el \u00e1guila, osea el signo de Escorpio y ah\u00ed es cuando algunos entender\u00e1n la obsesi\u00f3n por el n\u00famero 11, que es el onceavo signo del zod\u00edaco . Osea que la tribu de Dan se corresponde con el signo astrol\u00f3gico de Escorpio y la nueva macroera que empieza es la de Escorpio, que es la octava macroera, pero la primera de las macroeras luminosas y la macroera actual de Libra es la \u00faltima de las macroeras oscuras, osea que ni de co\u00f1a tienen entrada los pervertidos o putrefactos, pues s\u00f3lo tienen cabida seres muy purificados&#8230;..<\/p>\n<p>Otra cuesti\u00f3n que habremos de abordar m\u00e1s ampliamente es donde estaba el onceavo cielo o el Cielo de Ra, de donde fueron expulsados los \u00e1ngeles caidos, osea el Cielo de Bienaventurados y los Campos Dorados! M\u00e1s informaci\u00f3n en el siguiente enlace:<\/p>\n<h2><a title=\"Los misterios de la regi\u00f3n de Buto, Sodoma y el Fin de los Tiempos\" href=\"http:\/\/www.elmundodegallasalva.es\/?page_id=2281\" rel=\"bookmark\">Los misterios de la regi\u00f3n de Buto, Sodoma y el Fin de los Tiempos<\/a><\/h2>\n","protected":false},"excerpt":{"rendered":"<p>Seg\u00fan la tradici\u00f3n: fue en el monte Herm\u00f3n, en donde 200 \u00e1ngeles ca\u00eddos o vigilantes descendieron del cielo y fue&hellip;<\/p>\n","protected":false},"author":1,"featured_media":0,"parent":1335,"menu_order":0,"comment_status":"closed","ping_status":"closed","template":"","meta":{"_monsterinsights_skip_tracking":false,"_monsterinsights_sitenote_active":false,"_monsterinsights_sitenote_note":"","_monsterinsights_sitenote_category":0},"_links":{"self":[{"href":"http:\/\/www.elmundodegallasalva.es\/index.php?rest_route=\/wp\/v2\/pages\/2294"}],"collection":[{"href":"http:\/\/www.elmundodegallasalva.es\/index.php?rest_route=\/wp\/v2\/pages"}],"about":[{"href":"http:\/\/www.elmundodegallasalva.es\/index.php?rest_route=\/wp\/v2\/types\/page"}],"author":[{"embeddable":true,"href":"http:\/\/www.elmundodegallasalva.es\/index.php?rest_route=\/wp\/v2\/users\/1"}],"replies":[{"embeddable":true,"href":"http:\/\/www.elmundodegallasalva.es\/index.php?rest_route=%2Fwp%2Fv2%2Fcomments&post=2294"}],"version-history":[{"count":0,"href":"http:\/\/www.elmundodegallasalva.es\/index.php?rest_route=\/wp\/v2\/pages\/2294\/revisions"}],"up":[{"embeddable":true,"href":"http:\/\/www.elmundodegallasalva.es\/index.php?rest_route=\/wp\/v2\/pages\/1335"}],"wp:attachment":[{"href":"http:\/\/www.elmundodegallasalva.es\/index.php?rest_route=%2Fwp%2Fv2%2Fmedia&parent=2294"}],"curies":[{"name":"wp","href":"https:\/\/api.w.org\/{rel}","templated":true}]}}