{"id":2378,"date":"2014-07-01T02:51:55","date_gmt":"2014-07-01T02:51:55","guid":{"rendered":"http:\/\/www.elmundodegallasalva.es\/?page_id=2378"},"modified":"2021-11-27T23:43:00","modified_gmt":"2021-11-27T23:43:00","slug":"mongrony-y-la-nueva-torre-de-david","status":"publish","type":"page","link":"http:\/\/www.elmundodegallasalva.es\/?page_id=2378","title":{"rendered":"Mongrony y la Nueva Torre de David"},"content":{"rendered":"<p><span style=\"color: #800000;\"><a href=\"http:\/\/www.elmundodegallasalva.es\/wp-content\/uploads\/2011\/07\/blancafort-029.jpg\"><img loading=\"lazy\" class=\"alignleft size-medium wp-image-1494\" src=\"http:\/\/www.elmundodegallasalva.es\/wp-content\/uploads\/2011\/07\/blancafort-029-300x225.jpg\" alt=\"blancafort 029\" width=\"300\" height=\"225\" srcset=\"http:\/\/www.elmundodegallasalva.es\/wp-content\/uploads\/2011\/07\/blancafort-029-300x225.jpg 300w, http:\/\/www.elmundodegallasalva.es\/wp-content\/uploads\/2011\/07\/blancafort-029.jpg 640w\" sizes=\"(max-width: 300px) 100vw, 300px\" \/><\/a>Es el gozo de la Virgen de Mongrony que nos dice lo siguiente: \u00ab&#8230;&#8230;.Cuando de los \u00e1rabes era Espa\u00f1a, subyugada por todo lugar, Catalu\u00f1a se sinti\u00f3 extra\u00f1a, sin fueros ni derechos. Compasivo Dios le fabrica Nueva Torre de David y \u00c9l mismo se fortifica por su madre Judith (femenino de Judah)&#8230;\u00bb<\/span><\/p>\n<p><span style=\"color: #800000;\">Es otro fragmento de \u00a0de la Rese\u00f1a hist\u00f3ria de Santa Mar\u00eda de Ripoll, de Jos\u00e9 M\u00aa Pellicer-1888, que nos dice lo siguiente:\u201c\u2026\u2026.Algunos a\u00f1os despu\u00e9s de la muerte de Carlomagno acaecida en Aix-la Chapelle el 28 de Febrero de 814, un godo llamado Aiz\u00f3n, logr\u00f3 turbar dicha paz con tan felices auspicios inaugurada, encendiendo de nuevo la guerra y devastando los pueblos del condado de Ausona, Ign\u00f3rase su patria, s\u00f3lo una antigua escritura menciona cerca de Roda (ciudad que arras\u00f3 completamente) una posesi\u00f3n \u201cquae fuit de Ezon traidore\u201d. Pr\u00f3fugo del palacio del rey Franco, entr\u00f3 ma\u00f1osamente en Vich, y hecha ya partidaria suya aquella ciudad, abri\u00f3 las puertas del condado \u00e1 los sectarios del Cor\u00e1n. Dos veces el agitador, coligado con su hermano y Willemundo, hijo del conde Bera, octuvo auxilio de los \u00e1rabes; la primera por medio de su hermano, la segunda recabado del califa Abderraman II, quien di\u00f3 por general del ej\u00e9cito al pr\u00edncipe Abu-Merwan. Los valles del Ter y del Fraser fueron de nuevo invadidos; de nuevo el monasterio sufri\u00f3 la mas terrible de las irrupciones agarenas , que del todo lo destruyeron. En sus t\u00e9rminos el s\u00edmbolo de la redenci\u00f3n fu\u00e9 sustituido por la media luna, las granjas incendiadas, los templos arrasados, <strong>y los cenobitas al huir con los fieles perseguidos \u00e1 las fragosidades de Sant Amand, Mongrony y Rivas, salvaron sol\u00edcitos las sacrosantas reliquias, los vasos sagrados y los c\u00f3dices, m\u00e1s preciosos que el oro y las perlas, custodios pur\u00edsimos de la religi\u00f3n de Cristo, fieles depositarios de las joyas literarias del mundo pagano. Era esto en 827.<\/strong>&#8230;&#8230;<\/span><\/p>\n<p><a href=\"http:\/\/www.elmundodegallasalva.es\/wp-content\/uploads\/2012\/04\/carmen_fotos-1109.jpg\"><img loading=\"lazy\" class=\"alignright wp-image-1385 size-medium\" src=\"http:\/\/www.elmundodegallasalva.es\/wp-content\/uploads\/2012\/04\/carmen_fotos-1109-300x240.jpg\" alt=\"carmen_fotos 1109\" width=\"300\" height=\"240\" srcset=\"http:\/\/www.elmundodegallasalva.es\/wp-content\/uploads\/2012\/04\/carmen_fotos-1109-300x240.jpg 300w, http:\/\/www.elmundodegallasalva.es\/wp-content\/uploads\/2012\/04\/carmen_fotos-1109.jpg 360w\" sizes=\"(max-width: 300px) 100vw, 300px\" \/><\/a>Vemos en el fragmento anterior que los cenobitas huyeron de Ripoll a los montes con sus valiosos tesoros del mundo antiguo, con vasos sagrados y que se identificaron \u00a0con c\u00f3dices el Santo Grial y los 25 miscelaneos de Monegals, que trajeron nuevamente a los valles del Ter los monjes cuando fue reconstruido de nuevo el monasterio de Recaredo por Wifredo el Peloso en el a\u00f1o 888.<\/p>\n<p>Fue en Mongrony donde se se construy\u00f3 la \u00abNueva Torre de David\u00bb, pues la antigua qued\u00f3 arrasada por los \u00e1rabes, junto con el Podio Salomonis que es como se llamaba una monta\u00f1ita que hay en Ripoll, actualmente llamada Puig Salom\u00f3 y que l\u00f3gicamente ten\u00eda que ver con Salom\u00f3n, Jes\u00fas y los ap\u00f3stoles que seg\u00fan la tradici\u00f3n popular ven\u00edan a Ripoll, que antiguamente estaba consagrada a Apollo y de ah\u00ed que en mapas antiguos apareciera mencionada como Ripollo y sabido es que a Apollo se consagraba el oro de las minas y que se identificaba con un Pollo o Gallo.<\/p>\n<p>Era Ripoll una \u00abCiudad Solar\u00bb, la Heliopolis del Pirineo y donde habitaba la Gran Reina del antiguo reino de Ceretania, osea la mism\u00edsima Pirene o quinta sibila Eritrea, que se identificaba con Oriente o el Este y con Venus al amanecer o la Estrella de la Ma\u00f1ana. Era pues la Copa del Santo Grial o la Gu\u00eda espiritual que deb\u00eda permanecer hasta el Final de los Tiempos para Guiar a los mortales y que ser\u00eda entregada al \u00abVENCEDOR\u00bb, al que gobernar\u00eda las naciones con Vara de Hierro o con el \u00abCetro de Henripolis\u00bb como dir\u00eda Nostradamus.<\/p>\n<p>No pod\u00eda ser de otra manera, que emulando a los profetas como Daniel o Ezequiel o San Juan&#8230;..Nostradamus hablara del Pirineo y es muy posible que viera con sus ojos los antiguos miscel\u00e1neos de Ripoll que ten\u00edan que ver con el pasado, el presente y el devenir de la iglesia de Dios. Todo fue detallado minuciosamente en las profec\u00edas de Ripoll, grabado en piedras o dibujado en mosaicos.<\/p>\n<p><a href=\"http:\/\/www.elmundodegallasalva.es\/wp-content\/uploads\/2012\/02\/DSC03027.jpg\"><img loading=\"lazy\" class=\"alignleft size-medium wp-image-1166\" src=\"http:\/\/www.elmundodegallasalva.es\/wp-content\/uploads\/2012\/02\/DSC03027-300x225.jpg\" alt=\"DSC03027\" width=\"300\" height=\"225\" srcset=\"http:\/\/www.elmundodegallasalva.es\/wp-content\/uploads\/2012\/02\/DSC03027-300x225.jpg 300w, http:\/\/www.elmundodegallasalva.es\/wp-content\/uploads\/2012\/02\/DSC03027.jpg 640w\" sizes=\"(max-width: 300px) 100vw, 300px\" \/><\/a>De muchas maneras se describi\u00f3 la victoria sobre el Anticristo en el Pirineo y a pesar que siempre han tratado de borrar y siguen falseando o destruyendo la historia por sus intereses particulares o su falta de entendederas. Es evidente que nadie puede tapar el Sol con un dedo y tampoco ocultar con oscuras tinieblas \u00a0la Gran Ciudad Solar que cual ave F\u00e9nix resurge siempre de sus cenizas, a pesar de haber sido tantas veces arrasada.<\/p>\n<address><span style=\"color: #800000;\">As\u00ed dice el Se\u00f1or Yahveh: Aquel d\u00eda te vendr\u00e1n al coraz\u00f3n proyectos y concebir\u00e1s perversos planes.<\/span><br \/>\n<span style=\"color: #800000;\"> Dir\u00e1s: \u201cVoy a subir contra una tierra abierta, marchar\u00e9 contra gente tranquila que habita en seguridad. Habitan todos en ciudades sin murallas, sin cerrojos ni puertas.\u201d<\/span><br \/>\n<span style=\"color: #800000;\"> Ir\u00e1s a saquear, a hacer bot\u00edn, a poner tu mano sobre ruinas repobladas, en un pueblo congregado de entre las naciones, entregado a reponer el ganado y la hacienda, que habita en el centro de la tierra.\u201d<\/span><br \/>\n<span style=\"color: #800000;\"> Sab\u00e1, Ded\u00e1n, los mercaderes de Tarsis y todos sus leoncillos te dir\u00e1n: \u201c\u00bfA saquear has venido? \u00bfPara hacer bot\u00edn has concentrado tu asamblea? \u00bfPara llevarte el oro y la plata, para apoderarte de ganados y haciendas, para hacer un gran bot\u00edn?\u201d<\/span><br \/>\n<span style=\"color: #800000;\"> Por eso, profetiza, hijo de hombre. Dir\u00e1s a Gog: As\u00ed dice el Se\u00f1or Yahveh: \u00bfNo es verdad que aquel d\u00eda, cuando mi pueblo Israel viva en seguridad, te pondr\u00e1s en movimiento?<\/span><br \/>\n<span style=\"color: #800000;\"> Vendr\u00e1s de tu lugar, del extremo norte, t\u00fa y pueblos numerosos contigo, todos montados a caballo, enorme asamblea, ej\u00e9rcito innumerable.<\/span><br \/>\n<span style=\"color: #800000;\"> Subir\u00e1s contra mi pueblo Israel como un nublado que recubre la tierra. Ser\u00e1 al fin de los d\u00edas; yo te har\u00e9 venir entonces contra mi tierra para que las naciones me conozcan, cuando yo manifieste mi santidad a sus ojos, a costa tuya, Gog.<\/span><br \/>\n<span style=\"color: #800000;\"> As\u00ed dice el Se\u00f1or Yahveh: T\u00fa eres aquel de quien yo habl\u00e9 anta\u00f1o, por medio de mis siervos los profetas de Israel, que profetizaron en aquel tiempo, durante a\u00f1os, que yo te har\u00eda venir contra ellos.<\/span><br \/>\n<span style=\"color: #800000;\"> Aquel d\u00eda, cuando Gog avance contra el suelo de Israel \u2013 or\u00e1culo del S<a href=\"http:\/\/www.elmundodegallasalva.es\/wp-content\/uploads\/2012\/03\/tumba-ram%C3%B3n-berenguer.jpg\"><img loading=\"lazy\" class=\"alignright size-medium wp-image-1355\" src=\"http:\/\/www.elmundodegallasalva.es\/wp-content\/uploads\/2012\/03\/tumba-ram%C3%B3n-berenguer-300x225.jpg\" alt=\"tumba ram\u00f3n berenguer\" width=\"300\" height=\"225\" \/><\/a>e\u00f1or Yahveh \u2013 estallar\u00e1 mi furor. En mi c\u00f3lera,<\/span><br \/>\n<span style=\"color: #800000;\"> en mis celos, en el ardor de mi furia lo digo: S\u00ed, aquel d\u00eda habr\u00e1 un gran terremoto en el suelo de Israel.<\/span><br \/>\n<span style=\"color: #800000;\"> Temblar\u00e1n entonces ante m\u00ed los peces del mar y los p\u00e1jaros del cielo, las bestias del campo y todos los reptiles que serpean por el suelo, y todos los hombres de sobre la haz de la tierra. Se desplomar\u00e1n los montes, caer\u00e1n las rocas, todas las murallas caer\u00e1n por tierra.<\/span><br \/>\n<span style=\"color: #800000;\"> Convocar\u00e9 contra \u00e9l toda clase de terrores, or\u00e1culo del Se\u00f1or Yahveh. Volver\u00e1n la espada unos contra otros.<\/span><br \/>\n<span style=\"color: #800000;\"> Le castigar\u00e9 con la peste y la sangre, har\u00e9 caer una lluvia torrencial, granizos, fuego y azufre, sobre \u00e9l, sobre sus huestes y sobre los numerosos pueblos que van con \u00e9l.<\/span><br \/>\n<span style=\"color: #800000;\"> Manifestar\u00e9 mi grandeza y mi santidad, me dar\u00e9 a conocer a los ojos de numerosas naciones y sabr\u00e1n que yo soy Yahveh.<\/span><\/address>\n<p>Vemos en las profec\u00edas de Ezequiel que se habla del pueblo de Israel y que no hay que confundirlo con la naci\u00f3n actual de Israel, sino que alude al pueblo verdadero y al rey de Israel que es Espa\u00f1a y al rey de Espa\u00f1a que es rey de Israel.<br \/>\n<strong>Vemos que Dios manda al mismo Anticristo, que profane el gran templo del pueblo de Israel, osea donde descansan o descansaban los reyes de Israel y estamos hablando de Ripoll.<\/strong><br \/>\nFrente la tumba del que fuera Rey de Israel de Facto, del heredero del reino de Arag\u00f3n seg\u00fan el testamento de Alfonso el Batallador, en que se re\u00fanen los independentistas catalanes para corear su independencia.<br \/>\nUn gran terremoto sacudir\u00e1 Catalu\u00f1a, fuegos y azufre; el Infierno espera a los adoradores del Becerro de Oro y seguidores de los banqueros sionistas o el Anticristo.<\/p>\n<p><strong><a href=\"http:\/\/www.elmundodegallasalva.es\/wp-content\/uploads\/2012\/06\/Imagen-196.jpg\"><img loading=\"lazy\" class=\"alignleft size-medium wp-image-1477\" src=\"http:\/\/www.elmundodegallasalva.es\/wp-content\/uploads\/2012\/06\/Imagen-196-225x300.jpg\" alt=\"Imagen 196\" width=\"225\" height=\"300\" srcset=\"http:\/\/www.elmundodegallasalva.es\/wp-content\/uploads\/2012\/06\/Imagen-196-225x300.jpg 225w, http:\/\/www.elmundodegallasalva.es\/wp-content\/uploads\/2012\/06\/Imagen-196.jpg 480w\" sizes=\"(max-width: 225px) 100vw, 225px\" \/><\/a>\u201cAl final de los tiempos habr\u00eda un consorcio divino formado por la Hilera de los santos\u201d y como e<\/strong><strong>n el Apocalipsis de San Juan podemos leer:<\/strong><\/p>\n<p><strong>Apo,2,7- \u201cAl que tenga oidos que oiga, lo que el esp\u00edritu dice a las Iglesias\u201d.\u201dAl vencedor le dar\u00e9 de comer del \u00e1rbol de la vida, que est\u00e1 en el paraiso de Dios\u201d<\/strong><\/p>\n<p><strong>Apo,11- \u201cEl vencedor no ser\u00e1 v\u00edctima de la segunda muerte\u2026\u201d<\/strong><\/p>\n<p><strong>Apo, 2,17 \u2013 \u201cAl vencedor, le dar\u00e9 el man\u00e1 escondido y una piedra blanca, y en la piedra escribir\u00e9 un nombre nuevo, que s\u00f3lo conoce el que lo recibe..\u201d<\/strong><\/p>\n<p><strong>Apo,2,26- \u201cAl vencedor, al que permanezca fiel a mi servicio hasta el fin, le dar\u00e9 poder sobre las naciones, a las que apacentar\u00e1 con una vara de hierro\u2026..y le dar\u00e9 la estrella de la ma\u00f1ana..\u201d <\/strong><\/p>\n<p><strong>Apo,3,5- \u201c..El vencedor ser\u00e1 revestido de vestiduras blancas. Yo no borrar\u00e9 jam\u00e1s su nombre del libro de la vida y reconocer\u00e9 su nombre delante de mi Padre y los \u00e1ngeles..\u201d<\/strong><\/p>\n<p><strong>Apo,3,12 \u2013 \u201cAl vencedor le har\u00e9 columna del templo de mi Dios, escribir\u00e9 sobre \u00e9l atel nombre de la ciudad\u00a0de mi Dios- La nueva Jerusal\u00e9n, que baja del cielo junto a mi Dios- y mi nombre nuevo\u201d <\/strong><\/p>\n<p><strong>Apo, 3,21 &#8211;\u00a0\u201cAl vencedor lo sentar\u00e9 conmigo en mi trono, igual que yo, que he vencido y me he sentado con mi padre en su trono\u2026\u201d<\/strong><\/p>\n<p>M\u00e1s informaci\u00f3n en el siguiente enlace:<\/p>\n<h2 class=\"title\"><a title=\"El Mes\u00edas \u00edbero y la Hija de la Aurora\" href=\"http:\/\/www.elmundodegallasalva.es\/?page_id=2231\" rel=\"bookmark\">El Mes\u00edas \u00edbero y la Hija de la Aurora<\/a><\/h2>\n<p>&nbsp;<\/p>\n","protected":false},"excerpt":{"rendered":"<p>Es el gozo de la Virgen de Mongrony que nos dice lo siguiente: \u00ab&#8230;&#8230;.Cuando de los \u00e1rabes era Espa\u00f1a, subyugada&hellip;<\/p>\n","protected":false},"author":1,"featured_media":0,"parent":2231,"menu_order":0,"comment_status":"closed","ping_status":"closed","template":"","meta":{"_monsterinsights_skip_tracking":false,"_monsterinsights_sitenote_active":false,"_monsterinsights_sitenote_note":"","_monsterinsights_sitenote_category":0},"_links":{"self":[{"href":"http:\/\/www.elmundodegallasalva.es\/index.php?rest_route=\/wp\/v2\/pages\/2378"}],"collection":[{"href":"http:\/\/www.elmundodegallasalva.es\/index.php?rest_route=\/wp\/v2\/pages"}],"about":[{"href":"http:\/\/www.elmundodegallasalva.es\/index.php?rest_route=\/wp\/v2\/types\/page"}],"author":[{"embeddable":true,"href":"http:\/\/www.elmundodegallasalva.es\/index.php?rest_route=\/wp\/v2\/users\/1"}],"replies":[{"embeddable":true,"href":"http:\/\/www.elmundodegallasalva.es\/index.php?rest_route=%2Fwp%2Fv2%2Fcomments&post=2378"}],"version-history":[{"count":1,"href":"http:\/\/www.elmundodegallasalva.es\/index.php?rest_route=\/wp\/v2\/pages\/2378\/revisions"}],"predecessor-version":[{"id":3886,"href":"http:\/\/www.elmundodegallasalva.es\/index.php?rest_route=\/wp\/v2\/pages\/2378\/revisions\/3886"}],"up":[{"embeddable":true,"href":"http:\/\/www.elmundodegallasalva.es\/index.php?rest_route=\/wp\/v2\/pages\/2231"}],"wp:attachment":[{"href":"http:\/\/www.elmundodegallasalva.es\/index.php?rest_route=%2Fwp%2Fv2%2Fmedia&parent=2378"}],"curies":[{"name":"wp","href":"https:\/\/api.w.org\/{rel}","templated":true}]}}