{"id":2681,"date":"2015-09-12T21:33:06","date_gmt":"2015-09-12T21:33:06","guid":{"rendered":"http:\/\/www.elmundodegallasalva.es\/?page_id=2681"},"modified":"2021-11-27T23:43:00","modified_gmt":"2021-11-27T23:43:00","slug":"el-gallinero-mundial-y-la-fuente-de-la-piedra-filosofal","status":"publish","type":"page","link":"http:\/\/www.elmundodegallasalva.es\/?page_id=2681","title":{"rendered":"El gallinero mundial y la fuente de la piedra Filosofal"},"content":{"rendered":"<p>&nbsp;<\/p>\n<p><a href=\"http:\/\/www.elmundodegallasalva.es\/wp-content\/uploads\/2015\/09\/11223804_719004814898331_4424037944032301415_n.jpg\"><img loading=\"lazy\" class=\"alignleft size-medium wp-image-2687\" src=\"http:\/\/www.elmundodegallasalva.es\/wp-content\/uploads\/2015\/09\/11223804_719004814898331_4424037944032301415_n-199x300.jpg\" alt=\"fuente de la piedra filosofal\" width=\"199\" height=\"300\" srcset=\"http:\/\/www.elmundodegallasalva.es\/wp-content\/uploads\/2015\/09\/11223804_719004814898331_4424037944032301415_n-199x300.jpg 199w, http:\/\/www.elmundodegallasalva.es\/wp-content\/uploads\/2015\/09\/11223804_719004814898331_4424037944032301415_n.jpg 637w\" sizes=\"(max-width: 199px) 100vw, 199px\" \/><\/a>He aqu\u00ed, pongo en Si\u00f3n la principal piedra de \u00e1ngulo, escogida, preciosa; y el que creyere en ella, no ser\u00e1 avergonzado. Para vosotros, pues los que cre\u00e9is, ella es preciosa; pero para los que no creen, la piedra que los edificadores desecharon , ha venido a ser la cabeza del tropiezo, y roca de hacer caer, porque tropieza en la palabra, siendo desobediendes; a lo cual fueron tambi\u00e9n destinados.<\/p>\n<p>Vemos en el texto b\u00edblico que nos habla de la \u00abpiedra del tropez\u00f3n\u00bb y que sin duda alude a la descubierta por Carmen Sal\u00f3 Niub\u00f3 y de la que se habla en el Libro \u00bb El gallinero mundial, los Castellanos y la Piedra Filosofal\u00bb. El hallazgo a sido comunicado a la Guardia Civil, que han estado en el lugar, han llamado a los arque\u00f3logos de la Generalitat y han tapado la entrada al lugar con una rama y se han marchado. Seguramente no le han dado importancia, la han desechado, pero ser\u00e1n bienaventurados los que crean en ella y ayuden a dar a conocer al mundo su existencia. Aquellos que crean en lo que ha sido revelado en el libro.<\/p>\n<p><a href=\"http:\/\/editorialcirculorojo.com\/el-gallinero-mundial-los-castellanos-y-la-piedra-filosofal\/\">http:\/\/editorialcirculorojo.com\/el-gallinero-mundial-los-castellanos-y-la-piedra-filosofal\/<\/a><\/p>\n<p><a href=\"http:\/\/www.elmundodegallasalva.es\/wp-content\/uploads\/2015\/09\/11205536_716282338503912_1822854174515238579_n.jpg\"><img loading=\"lazy\" class=\"alignright wp-image-2683 size-medium\" src=\"http:\/\/www.elmundodegallasalva.es\/wp-content\/uploads\/2015\/09\/11205536_716282338503912_1822854174515238579_n-225x300.jpg\" alt=\"11205536_716282338503912_1822854174515238579_n\" width=\"225\" height=\"300\" srcset=\"http:\/\/www.elmundodegallasalva.es\/wp-content\/uploads\/2015\/09\/11205536_716282338503912_1822854174515238579_n-225x300.jpg 225w, http:\/\/www.elmundodegallasalva.es\/wp-content\/uploads\/2015\/09\/11205536_716282338503912_1822854174515238579_n.jpg 720w\" sizes=\"(max-width: 225px) 100vw, 225px\" \/><\/a>Sin duda que el expediente m\u00e1s secreto del mundo gira en torno la tribu \u00edbera llamada Castellanos, que habitaron en Ripoll y parte de la Espa\u00f1a Citerior antes de que llegara el c\u00f3nsul romano Cat\u00f3n, que vino acompa\u00f1ado de los griegos a llevarse el oro de las minas de Salom\u00f3n. Es en una inscripci\u00f3n que hay en una fuente de San Mart\u00ed Surroca, en Ogassa pueblo cercano a Ripoll, que pone la fecha 7681 y son las cifras m\u00e1s antiguas del mundo que se conocen y que dejan entrever que fueron los Castellanos huidos de la colonia de Cat\u00f3n los primitivos cristianos hebreos y los que ense\u00f1aron los n\u00fameros a los \u00e1rabes.<\/p>\n<p><a href=\"http:\/\/www.ivoox.com\/gallinero-mundial-castellanos-piedra-audios-mp3_rf_7740191_1.html\">http:\/\/www.ivoox.com\/gallinero-mundial-castellanos-piedra-audios-mp3_rf_7740191_1.html<\/a><\/p>\n","protected":false},"excerpt":{"rendered":"<p>&nbsp; He aqu\u00ed, pongo en Si\u00f3n la principal piedra de \u00e1ngulo, escogida, preciosa; y el que creyere en ella, no&hellip;<\/p>\n","protected":false},"author":1,"featured_media":0,"parent":2840,"menu_order":0,"comment_status":"closed","ping_status":"closed","template":"","meta":{"_monsterinsights_skip_tracking":false,"_monsterinsights_sitenote_active":false,"_monsterinsights_sitenote_note":"","_monsterinsights_sitenote_category":0},"_links":{"self":[{"href":"http:\/\/www.elmundodegallasalva.es\/index.php?rest_route=\/wp\/v2\/pages\/2681"}],"collection":[{"href":"http:\/\/www.elmundodegallasalva.es\/index.php?rest_route=\/wp\/v2\/pages"}],"about":[{"href":"http:\/\/www.elmundodegallasalva.es\/index.php?rest_route=\/wp\/v2\/types\/page"}],"author":[{"embeddable":true,"href":"http:\/\/www.elmundodegallasalva.es\/index.php?rest_route=\/wp\/v2\/users\/1"}],"replies":[{"embeddable":true,"href":"http:\/\/www.elmundodegallasalva.es\/index.php?rest_route=%2Fwp%2Fv2%2Fcomments&post=2681"}],"version-history":[{"count":1,"href":"http:\/\/www.elmundodegallasalva.es\/index.php?rest_route=\/wp\/v2\/pages\/2681\/revisions"}],"predecessor-version":[{"id":3875,"href":"http:\/\/www.elmundodegallasalva.es\/index.php?rest_route=\/wp\/v2\/pages\/2681\/revisions\/3875"}],"up":[{"embeddable":true,"href":"http:\/\/www.elmundodegallasalva.es\/index.php?rest_route=\/wp\/v2\/pages\/2840"}],"wp:attachment":[{"href":"http:\/\/www.elmundodegallasalva.es\/index.php?rest_route=%2Fwp%2Fv2%2Fmedia&parent=2681"}],"curies":[{"name":"wp","href":"https:\/\/api.w.org\/{rel}","templated":true}]}}