{"id":2840,"date":"2016-10-03T20:11:49","date_gmt":"2016-10-03T20:11:49","guid":{"rendered":"http:\/\/www.elmundodegallasalva.es\/?page_id=2840"},"modified":"2021-11-27T23:43:00","modified_gmt":"2021-11-27T23:43:00","slug":"el-gallinero-mundial-los-castellanos-y-la-piedra-filosofal","status":"publish","type":"page","link":"http:\/\/www.elmundodegallasalva.es\/?page_id=2840","title":{"rendered":"El gallinero mundial, los Castellanos y la piedra filosofal"},"content":{"rendered":"<p><a href=\"http:\/\/www.elmundodegallasalva.es\/wp-content\/uploads\/2015\/10\/libro-gallinero-mundial3.jpg\"><img loading=\"lazy\" class=\"alignleft wp-image-2717 size-medium\" src=\"http:\/\/www.elmundodegallasalva.es\/wp-content\/uploads\/2015\/10\/libro-gallinero-mundial3-214x300.jpg\" alt=\"libro-gallinero-mundial3\" width=\"214\" height=\"300\" srcset=\"http:\/\/www.elmundodegallasalva.es\/wp-content\/uploads\/2015\/10\/libro-gallinero-mundial3-214x300.jpg 214w, http:\/\/www.elmundodegallasalva.es\/wp-content\/uploads\/2015\/10\/libro-gallinero-mundial3-731x1024.jpg 731w, http:\/\/www.elmundodegallasalva.es\/wp-content\/uploads\/2015\/10\/libro-gallinero-mundial3.jpg 800w\" sizes=\"(max-width: 214px) 100vw, 214px\" \/><\/a>Es en el libro de Cosmograf\u00eda de Tolomeo y en la descripci\u00f3n de las tribus \u00edberas de la Tarraconense, que podemos leer lo siguiente:<br \/>\nAl lado de los Corretanos (Ceretanos) est\u00e1n los Ausetanos, cuyas ciudades son: Aque Calide (Caldes de Montbuy), Ausa (Vic), Becula y Gerunda (Girona). A continuaci\u00f3n de ellos est\u00e1n los Castellanos, cuyas ciudades son:<br \/>\nSebellunum 16\u00ba 20\u00b4 42\u00ba 10\u00b4<br \/>\nBassi 17\u00ba 55\u00b4 42\u00ba 05\u00b4<br \/>\nEgosa 17\u00ba 10\u00b4 41\u00ba 45<br \/>\nBeseda 17\u00ba 30\u00b4 41\u00ba 50<\/p>\n<p>No est\u00e1 muy bien hecho el mapa de Tolomeo, pues confunde el r\u00edo Ter con el Muga y falta casualmente el r\u00edo Ter (antiguo Tigris, Tichis Ticis) que desemboca cerca de Torroella de Montgr\u00ed (Montigris), aunque dicen que las casualidades no existen. Tampoco las coordenadas que nos da coinciden con las actuales. Vemos a los Castellanos junto a la parte alta y media del r\u00edo Llobregat y que no tienen costa, aunque podemos entrever que pudiera ser Castellana la desembocadura del Ter y cierta intencionalidad en que no aparezca en los mapas.<br \/>\nLa ciudad de Sebellunum (que alude al famoso vell\u00f3n de oro) es la que hay m\u00e1s al norte, cerca de la costa y la relacionamos con Bell-Lloc (Belloc), que es un municipio de la provincia de Girona que est\u00e1 cerca de Castell d\u00b4Aro (Playa de Aro).<br \/>\nBassi debe de ser el antiguo Castell\u00f3n de Bas y en donde est\u00e1 la ermita de San Miguel de Castell\u00f3n, en la zona de Falgars y en el Valle de Bas (Vall d\u00b4en Bas), provincia de Girona.<br \/>\nEgosa se ha relacionado con Tarrasa (Terrassa en catal\u00e1n), que era la \u00c9gara romana y que es un municipio de la provincia de Barcelona. Sin embargo no est\u00e1 tan clara la cosa, ya que podr\u00eda tratarse de Ogassa (antigua Aguasa) que es un pueblo cercano a Ripoll (provincia de Girona). Actualmente vemos que cerca de Tarrasa se encuentran las poblaciones Castellanas como: Castellar del Vall\u00e9s, Castellar, Castellter\u00e7ol, Castellcir y que las laderas del Llobregat est\u00e1n llenas de lugares Castellanos y nunca mejor dicho, inclusive la mism\u00edsima Montserrat podr\u00eda ser Castellana.<br \/>\nBeseda se relaciona con Besal\u00fa y con los Berguistanos del Castrum Bergium (Berga) y con una revuelta de los \u00edberos contra Roma, que fue reprimida por el c\u00f3nsul Cat\u00f3n en el a\u00f1o 195 (a.C.). Tito Livio menciona siete castillos que se sublevaron contra Roma dos veces y que finalmente fueron sometidos a la esclavitud.<\/p>\n<p>Es Don Narciso Feliu, que en sus Anales de Catalu\u00f1a de 1709 nos dice lo siguiente:<br \/>\nElegido Marco Cat\u00f3n c\u00f3nsul, vino a Catalu\u00f1a con armada numerosa de bajeles, galeras y diecisiete mil quinientos soldados. Desembarc\u00f3 en Portvendres, o en Rosas y hay quien diga en Ampurias. Se dirigi\u00f3 al asedio y a\u00fan se hallan se\u00f1as de edificios derruidos en el lugar, que se llama Roma o Puig de Roma, que de all\u00ed deb\u00edan de tener bloqueada la plaza. Dio sus avances el Romano y pasados varios lances salieron de la plaza los catalanes y entraron a ocupar-la los romanos.<br \/>\nDe Rosas pas\u00f3 a Ampurias Cat\u00f3n y los griegos y marselleses que ocupaban la parte mar\u00edtima de la ciudad le recibieron con demostraci\u00f3n cari\u00f1osa, oponi\u00e9ndose a los catalanes o naturales que viv\u00edan en la parte de Alba. Lleg\u00f3 Cat\u00f3n a la Romana y Espa\u00f1ola metr\u00f3poli, Padre de los pueblos que con cari\u00f1oso afecto les atrajo a la amistad Romana, y en prenda de su aprecio le entregaron los prisioneros y le dieron resguardo para la certeza de su atento proceder en lo venidero.<br \/>\nPas\u00f3 Cat\u00f3n a los Bergusios, o Berguitanos Pueblos, y con s\u00f3lo su presencia les volvi\u00f3 a la obediencia de su Rep\u00fablica, de que se apartaron en muy breve tiempo, entendido esto por Cat\u00f3n, volvi\u00f3 all\u00ed con su ej\u00e9rcito, y despu\u00e9s de re\u00f1ido, y belicoso conflicto, qued\u00f3 vencedor; y abusando de la victoria con los vencidos, no contento de admitirlos prisioneros, les vendi\u00f3 esclavos, y a los pueblos les mand\u00f3 quitar las armas. Ofendidos de esto, unos se apartaron, y otros se defendieron y otros se mataron queriendo antes perder la vida, que las armas para defenderla, ejemplo de constancia invencible. (Libro V de los Anales de Catalu\u00f1a, de Don Narciso Feliu de la Pe\u00f1a 1709, caballero del Orden de Santiago)<\/p>\n<p>Vemos pues como los griegos recibieron a Cat\u00f3n con aplauso, como era aclamado Padre de aquella incipiente rep\u00fablica o colonia de Cat\u00f3n que ser\u00eda llamada Catalonia, pues hasta entonces se llamaba Hispania Citerior y lo que sucedi\u00f3 a los Castellanos que terminaron vendidos como esclavos y los que pudieron escaparon. As\u00ed fue como los Castellanos del Castrum Bergium o Berguitanos pasaron a ser Bagaudas (de Bag\u00e0 ciudad cercana a Berga) o vagabundos y anduvieron errantes por el mundo. ( Fragmento del primer cap\u00edtulo del libro: \u00abEl gallinero mundial, los Castellanos y la piedra filosofal)<\/p>\n<p><a href=\"https:\/\/vimeo.com\/134708297\">El gallinero mundial, los Castellanos y la piedra filosofal<\/a><\/p>\n","protected":false},"excerpt":{"rendered":"<p>Es en el libro de Cosmograf\u00eda de Tolomeo y en la descripci\u00f3n de las tribus \u00edberas de la Tarraconense, que&hellip;<\/p>\n","protected":false},"author":1,"featured_media":0,"parent":0,"menu_order":0,"comment_status":"closed","ping_status":"closed","template":"","meta":{"_monsterinsights_skip_tracking":false,"_monsterinsights_sitenote_active":false,"_monsterinsights_sitenote_note":"","_monsterinsights_sitenote_category":0},"_links":{"self":[{"href":"http:\/\/www.elmundodegallasalva.es\/index.php?rest_route=\/wp\/v2\/pages\/2840"}],"collection":[{"href":"http:\/\/www.elmundodegallasalva.es\/index.php?rest_route=\/wp\/v2\/pages"}],"about":[{"href":"http:\/\/www.elmundodegallasalva.es\/index.php?rest_route=\/wp\/v2\/types\/page"}],"author":[{"embeddable":true,"href":"http:\/\/www.elmundodegallasalva.es\/index.php?rest_route=\/wp\/v2\/users\/1"}],"replies":[{"embeddable":true,"href":"http:\/\/www.elmundodegallasalva.es\/index.php?rest_route=%2Fwp%2Fv2%2Fcomments&post=2840"}],"version-history":[{"count":1,"href":"http:\/\/www.elmundodegallasalva.es\/index.php?rest_route=\/wp\/v2\/pages\/2840\/revisions"}],"predecessor-version":[{"id":3872,"href":"http:\/\/www.elmundodegallasalva.es\/index.php?rest_route=\/wp\/v2\/pages\/2840\/revisions\/3872"}],"wp:attachment":[{"href":"http:\/\/www.elmundodegallasalva.es\/index.php?rest_route=%2Fwp%2Fv2%2Fmedia&parent=2840"}],"curies":[{"name":"wp","href":"https:\/\/api.w.org\/{rel}","templated":true}]}}