{"id":2843,"date":"2016-10-08T11:46:24","date_gmt":"2016-10-08T11:46:24","guid":{"rendered":"http:\/\/www.elmundodegallasalva.es\/?page_id=2843"},"modified":"2017-01-02T13:13:25","modified_gmt":"2017-01-02T13:13:25","slug":"espana-cataluna-ripoll-y-sus-miserias","status":"publish","type":"page","link":"http:\/\/www.elmundodegallasalva.es\/?page_id=2843","title":{"rendered":"Espa\u00f1a, Catalu\u00f1a, Ripoll y  sus miserias"},"content":{"rendered":"<figure id=\"attachment_1355\" aria-describedby=\"caption-attachment-1355\" style=\"width: 300px\" class=\"wp-caption alignleft\"><a href=\"http:\/\/www.elmundodegallasalva.es\/wp-content\/uploads\/2012\/03\/tumba-ram\u00f3n-berenguer.jpg\"><img loading=\"lazy\" class=\"size-medium wp-image-1355\" src=\"http:\/\/www.elmundodegallasalva.es\/wp-content\/uploads\/2012\/03\/tumba-ram\u00f3n-berenguer-300x225.jpg\" alt=\"Ram.\u00f3n Berenguer IV el santo\" width=\"300\" height=\"225\" srcset=\"http:\/\/www.elmundodegallasalva.es\/wp-content\/uploads\/2012\/03\/tumba-ram\u00f3n-berenguer-300x225.jpg 300w, http:\/\/www.elmundodegallasalva.es\/wp-content\/uploads\/2012\/03\/tumba-ram\u00f3n-berenguer.jpg 640w\" sizes=\"(max-width: 300px) 100vw, 300px\" \/><\/a><figcaption id=\"caption-attachment-1355\" class=\"wp-caption-text\">Escudo de Ram\u00f3n Berenguer IV<\/figcaption><\/figure>\n<p>En el a\u00f1o del Se\u00f1or 1162, \u00e1 7 de agosto, falleci\u00f3 en Italia, en el burgo de San Dalmacio, el \u00ednclito Marqu\u00e9s y Seren\u00edsimo Se\u00f1or Ram\u00f3n Berenguer, Conde de Barcelona, Pr\u00edncipe y Rey de Arag\u00f3n, Duque de Provenza. Este, mediante la protecci\u00f3n divina, arranc\u00f3 del poder sarraceno Almer\u00eda, Tortosa, Ciurana y hasta cuatrocientas poblaciones cerca del Ebro. Tom\u00f3 L\u00e9rida y Fraga en un solo d\u00eda. Construy\u00f3 y dot\u00f3 hasta trecientas iglesias en los confines sarracenos. En la muerte fu\u00e9 esclarecido por milagros, tanto en Italia como en Provenza, y as\u00ed mismo durante todo el camino mientras era llevado el cad\u00e1ver al monasterio de Ripoll, en cuya iglesia est\u00e1 honor\u00edficamente sepultado en este sarc\u00f3fago, por disposici\u00f3n del mismo. En \u00e9l con mucha frecuencia ha obrado evidentes milagros. Se distingui\u00f3 en vida como guerrero valiente, expl\u00e9ndido y amable .<\/p>\n<p>Brill\u00f3 como admirable triunfador de los Sarracenos. Hizo tributarios suyos los reinos de Valencia, Murcia y casi todas las poblaciones de los dominios \u00e1rabes de Espa\u00f1a&#8230;&#8230;&#8230; (Rese\u00f1a hist\u00f3rica de Santa Mar\u00eda de Ripoll, de Jos\u00e9 M\u00aa Pellicer i Pag\u00e9s)<\/p>\n<p>Se le\u00eda el bell\u00edsimo elogio f\u00fanebre en una tablilla junto al sarc\u00f3fago de Berenguer IV quien , por haber muerto en olor de santidad, fue colocado dentro del templo de Santa Mar\u00eda de Ripoll, pero que fuera profanado por los migueletes de Barcelona. Lo cuenta as\u00ed Jos\u00e9 M\u00aa Pellicer :<\/p>\n<p>\u00ab..Agitaci\u00f3n ansiosa (seguida de profundo silencio) cundi\u00f3 en la villa cuando a las nueve y media de la ma\u00f1ana del d\u00eda de San Rom\u00e1n m\u00e1rtir (domingo 9 de agosto) se observ\u00f3 que un batall\u00f3n de migueletes volv\u00eda sobremanera excitado por la parte del Arquet, con nuevas ciertas de los sacr\u00edlegos excesos de Barcelona. Public\u00e1banlos a gritos, los comentaban, los aplaud\u00edan y animaban con diab\u00f3lica algazara a reproducirlos en el centro de la Monta\u00f1a. Los monjes aterrorizados reconocen por fin el peligro, pero firmes a toda costa de salvar el legado de tantos siglos, desoyen consejos, desechan ruegos y a\u00fan las l\u00e1grimas de algunos leales ripolleses que, en tan cr\u00edticos momentos, olvidando disensiones pasadas, no s\u00f3lo procuran su salvaci\u00f3n, sino que adem\u00e1s ocuparon las avenidas del monasterio, con la resoluci\u00f3n her\u00f3ica de salvarlo, o perecer en la demanda. Present\u00edan sin duda, que en la ruina del c\u00e9lebre monumento iba envuelta la de sus hogares y familia. \u00a1Harto pronto las discordias civiles confirmaron la realidad de tales presentimientos!<br \/>\nSecundaba la milicia nacional los intentos de los intr\u00e9pidos vecinos, y se ezforzaba, aunque en vano, a fustrar la horrible trama de los juramentados migueletes seguros esos en su fuerza, por toda contestaci\u00f3n a los pactos y transacciones propuestas, afilaban en el fondo de inmundos bodegones sus pu\u00f1ales, y distribu\u00edan las t\u00e9as incendiarias , entre los brindis de la org\u00eda y las amenazas de muerte, que alcanzaban tanto a los pobres cenobitas, como a la aristocracia de la villa\u2026\u2026\u201d<br \/>\nEn aquella tarde de agosto los miqueletes apu\u00f1alaron a dos cenobitas, en el coraz\u00f3n, pero como los dem\u00e1s hab\u00edan huido se quedaron con hambre asesino y se ensa\u00f1aron con los sarc\u00f3fagos. Desenterrando a los muertos y de entre ellos el de Ram\u00f3n Berenguer IV y luego incendiaron todo el pueblo.<br \/>\nPellicer a\u00f1ade tambi\u00e9n en su obra las siguientes palabras:<br \/>\n\u00a1Dichosas reliquias nuestras, si convertidas en ceniza, barridas, trasportadas , diseminadas por el Aquil\u00f3n a regiones m\u00e1s libres, logran escapar de la esclavitud en que volveis a sumir a la p\u00e1tria, despu\u00e9s de seis siglos de her\u00f3ica reconquista . \u00a1 Hay de Catalu\u00f1a y de sus hijos! \u00a1Hay de Ripoll!<br \/>\nMiles de pergaminos, de c\u00f3dices depositarios de la ciencia de miles de a\u00f1os, quedaron carbonizados, hasta que asfixiados por el humo, el calor y el olor pestilente los miqueletes se marcharon, aunque regresaron el d\u00eda 11 para continuar su fiesta.<br \/>\nEs trist\u00edsimo que nuevamente y al grito de indepencia se profane el monasterio de Ripoll y que se vac\u00eden los sarc\u00f3fagos de una estancia no abierta al p\u00fablico en el afan de reliquias, aunque sean para abastecer el museo Episcopal de Vic. Los cuerpos de los que all\u00ed reposaban y reposan merecen un respeto y que se les restituyan las dignidades y que no se les peguen escudos her\u00e1ldicos que no les pertenecen y m\u00e1s porque son padres de una naci\u00f3n y el cristianismo est\u00e1 en deuda con ellos y no porque lo diga yo que soy insignificante, sino porque as\u00ed lo dijeron Papas y alt\u00edsimas autoridades eclesi\u00e1sticas.<\/p>\n<p><a href=\"http:\/\/&lt;iframe width=&quot;560&quot; height=&quot;315&quot; src=&quot;https:\/\/www.youtube.com\/embed\/NM2PzocwSeY&quot; frameborder=&quot;0&quot; allowfullscreen&gt;&lt;\/iframe&gt;\" target=\"_blank\">http:\/\/<iframe loading=\"lazy\" src=\"https:\/\/www.youtube.com\/embed\/NM2PzocwSeY\" width=\"560\" height=\"315\" frameborder=\"0\" allowfullscreen=\"allowfullscreen\"><\/iframe><\/a><\/p>\n<p>Es pat\u00e9tico que nuevamente el pasado d\u00eda 11 de septiembre de 2016, el presidente Carles Puigdemont homenajeara a los migueletes de Barcelona y todo lo que viene sucediendo . \u00bfHasta cuando durar\u00e1 la prevalicaci\u00f3n desoladora, los insultos , las calumnias etc.?<\/p>\n","protected":false},"excerpt":{"rendered":"<p>En el a\u00f1o del Se\u00f1or 1162, \u00e1 7 de agosto, falleci\u00f3 en Italia, en el burgo de San Dalmacio, el&hellip;<\/p>\n","protected":false},"author":1,"featured_media":0,"parent":2,"menu_order":0,"comment_status":"closed","ping_status":"closed","template":"template-fullwidth.php","meta":{"_monsterinsights_skip_tracking":false,"_monsterinsights_sitenote_active":false,"_monsterinsights_sitenote_note":"","_monsterinsights_sitenote_category":0},"_links":{"self":[{"href":"http:\/\/www.elmundodegallasalva.es\/index.php?rest_route=\/wp\/v2\/pages\/2843"}],"collection":[{"href":"http:\/\/www.elmundodegallasalva.es\/index.php?rest_route=\/wp\/v2\/pages"}],"about":[{"href":"http:\/\/www.elmundodegallasalva.es\/index.php?rest_route=\/wp\/v2\/types\/page"}],"author":[{"embeddable":true,"href":"http:\/\/www.elmundodegallasalva.es\/index.php?rest_route=\/wp\/v2\/users\/1"}],"replies":[{"embeddable":true,"href":"http:\/\/www.elmundodegallasalva.es\/index.php?rest_route=%2Fwp%2Fv2%2Fcomments&post=2843"}],"version-history":[{"count":0,"href":"http:\/\/www.elmundodegallasalva.es\/index.php?rest_route=\/wp\/v2\/pages\/2843\/revisions"}],"up":[{"embeddable":true,"href":"http:\/\/www.elmundodegallasalva.es\/index.php?rest_route=\/wp\/v2\/pages\/2"}],"wp:attachment":[{"href":"http:\/\/www.elmundodegallasalva.es\/index.php?rest_route=%2Fwp%2Fv2%2Fmedia&parent=2843"}],"curies":[{"name":"wp","href":"https:\/\/api.w.org\/{rel}","templated":true}]}}