{"id":2919,"date":"2017-04-15T00:22:50","date_gmt":"2017-04-15T00:22:50","guid":{"rendered":"http:\/\/www.elmundodegallasalva.es\/?page_id=2919"},"modified":"2017-04-15T20:10:31","modified_gmt":"2017-04-15T20:10:31","slug":"damasco-jazarael-y-las-profecias-de-la-virgen-de-mogoronio","status":"publish","type":"page","link":"http:\/\/www.elmundodegallasalva.es\/?page_id=2919","title":{"rendered":"Damasco, Jazarael y las profec\u00edas de la Virgen de Mogoronio"},"content":{"rendered":"<figure id=\"attachment_334\" aria-describedby=\"caption-attachment-334\" style=\"width: 300px\" class=\"wp-caption alignleft\"><a href=\"http:\/\/www.elmundodegallasalva.es\/wp-content\/uploads\/2011\/09\/dsc02119.jpg\"><img loading=\"lazy\" class=\"size-medium wp-image-334\" src=\"http:\/\/www.elmundodegallasalva.es\/wp-content\/uploads\/2011\/09\/dsc02119-300x225.jpg\" alt=\"\" width=\"300\" height=\"225\" srcset=\"http:\/\/www.elmundodegallasalva.es\/wp-content\/uploads\/2011\/09\/dsc02119-300x225.jpg 300w, http:\/\/www.elmundodegallasalva.es\/wp-content\/uploads\/2011\/09\/dsc02119.jpg 640w\" sizes=\"(max-width: 300px) 100vw, 300px\" \/><\/a><figcaption id=\"caption-attachment-334\" class=\"wp-caption-text\">profec\u00edas de una mujer alemana, que firmaba con el seud\u00f3nimo de Ermita\u00f1o<\/figcaption><\/figure>\n<p>Seg\u00fan Tolomeo:\u00abDamasco de Siria fue fundada y bautizada por Damasco, hijo del administrador de Abraham; \u00a0anta\u00f1o tuvo la primac\u00eda en toda Siria, pues todav\u00eda no florec\u00edan all\u00ed Antioqu\u00eda, Laodicea y Apamea, ciudades que fueron construidas despu\u00e9s de Alejandro. \u00c9ste es el Damasco que Abrah\u00e1m dijo que ser\u00eda su heredero antes que fuese prometido a Isaac\u00bb.<\/p>\n<p>Vemos que Tolomeo nos habla de la fundaci\u00f3n de Damasco de Siria, dejando entrever la existencia de otra Damasco, a la que llama \u00abCampo Damasceno\u00bb en otro escrito y lo dice as\u00ed: \u00abEn el Para\u00edso estuvo Ad\u00e1n que fue creado en el Campo Damasceno y llevado cerca de la ciudad de Hebr\u00f3n, en Siria\u00bb.<\/p>\n<p>Tambi\u00e9n nos dice Tolomeo que: \u00abEn Sarapa es a donde fueron trasladados en cuerpo y alma Enoch (antes del Diluvio) y El\u00edas, nacido en Siria, al margen de la ley de las Escrituras, esperando la llegada del Anticristo bajo el cual sufrir\u00e1n martirio\u00bb.<\/p>\n<figure id=\"attachment_332\" aria-describedby=\"caption-attachment-332\" style=\"width: 300px\" class=\"wp-caption alignright\"><a href=\"http:\/\/www.elmundodegallasalva.es\/wp-content\/uploads\/2011\/09\/dsc02224.jpg\"><img loading=\"lazy\" class=\"wp-image-332 size-medium\" src=\"http:\/\/www.elmundodegallasalva.es\/wp-content\/uploads\/2011\/09\/dsc02224-300x225.jpg\" alt=\"\" width=\"300\" height=\"225\" srcset=\"http:\/\/www.elmundodegallasalva.es\/wp-content\/uploads\/2011\/09\/dsc02224-300x225.jpg 300w, http:\/\/www.elmundodegallasalva.es\/wp-content\/uploads\/2011\/09\/dsc02224.jpg 640w\" sizes=\"(max-width: 300px) 100vw, 300px\" \/><\/a><figcaption id=\"caption-attachment-332\" class=\"wp-caption-text\">profec\u00edas de una mujer de seud\u00f3nimo ermita\u00f1o<\/figcaption><\/figure>\n<p>Se consider\u00f3 antiguamente que el Para\u00edso Terrenal estaba en Siria, en una ciudad llamada Hebr\u00f3n. Pero tambi\u00e9n se menciona con la palabra Hebro, con h incluida ,\u00a0 al r\u00edo Ebro y la Sarapa que se supone est\u00e1 en la India tiene mucho parecido con Sapharad, que es como se llam\u00f3 tambi\u00e9n a Espa\u00f1a.<\/p>\n<p>Vemos en la versi\u00f3n del Apocalipsis firmada por un tal Ermita\u00f1o, que muy cerca de la palabra Ad\u00e1n est\u00e1 la pabra Henoch, aqu\u00ed con H, que se va elevando o abriendo paso entre las ramas de la Vi\u00f1a hasta alcanzar el florecimiento. El\u00edas aparece m\u00e1s tarde, a partir de la tercera rama\u00a0 y ambos se encuentran con el Anticristo, aqu\u00ed llamado Antecristo y lo vencen de alguna manera alcanzando juntos el florecimiento.<\/p>\n<p>Seg\u00fan Tolomeo El\u00edas, nace en Siria y protagoniza una de las profec\u00edas del Final de los Tiempos m\u00e1s enigm\u00e1ticas. Pero llegados aqu\u00ed debemos de mencionar a uno de los personajes m\u00e1s car\u00edsm\u00e1ticos de la profec\u00eda y que se trata de una mujer, la llamada Sibila Eritrea, la quinta Sibila y nacida en Babilonia, \u00a0que es la que profetiza sobre Cristo y habla as\u00ed:<\/p>\n<figure id=\"attachment_341\" aria-describedby=\"caption-attachment-341\" style=\"width: 225px\" class=\"wp-caption alignleft\"><a href=\"http:\/\/www.elmundodegallasalva.es\/wp-content\/uploads\/2011\/09\/dsc021143.jpg\"><img loading=\"lazy\" class=\"size-medium wp-image-341\" src=\"http:\/\/www.elmundodegallasalva.es\/wp-content\/uploads\/2011\/09\/dsc021143-225x300.jpg\" alt=\"\" width=\"225\" height=\"300\" srcset=\"http:\/\/www.elmundodegallasalva.es\/wp-content\/uploads\/2011\/09\/dsc021143-225x300.jpg 225w, http:\/\/www.elmundodegallasalva.es\/wp-content\/uploads\/2011\/09\/dsc021143.jpg 480w\" sizes=\"(max-width: 225px) 100vw, 225px\" \/><\/a><figcaption id=\"caption-attachment-341\" class=\"wp-caption-text\">profec\u00edas de una mujer que firm\u00f3 con seud\u00f3nimo de ermita\u00f1o<\/figcaption><\/figure>\n<p>\u201cEn el momento final Dios se volver\u00e1 humilde, se volver\u00e1 humilde su descendencia divina: yacer\u00e1 en el heno el cordero y nacer\u00e1 un dios hombre mediante la intervenci\u00f3n de una doncella. Le preceder\u00e1n se\u00f1ales entre los judios y una vetusta mujer concebir\u00e1 una criatura. Betes admirar\u00e1 al conductor del orbe y se preparar\u00e1 para el nacimiento\u201d<\/p>\n<p>El G\u00e9nesis b\u00edblico nos habla de Isaac y de sus dos hijos, de manera que llama Esa\u00fa a Damasco y llama Isaac \u00a0a Jacob y no dice que Isaac sea administrador de Abraham, sino que es su hijo. Jacob se identifica con Jazarael (Jazael) y con Isaac, que es el que da nombre a Israel. Tambi\u00e9n se identifica a Esa\u00fa con el Ben Abad que finalmente es ahogado con una toalla por Jazael.<\/p>\n<p>En G\u00e9nesis 27 nos dice: \u00abIsaac era ya viejo y se hab\u00eda quedado ciego. Llam\u00f3 a su hijo mayor Esa\u00fa y le dijo: \u00ab\u00a1Hijo m\u00edo!\u00bb. \u00ab\u00a1Aqu\u00ed estoy!\u00bb, respondi\u00f3 \u00e9l. \u00abComo ves, continu\u00f3 Isaac, yo soy viejo y no se cu\u00e1ndo morir\u00e9.\u00a0Toma tu aljaba, tu arco, \u00a0sal al campo y tr\u00e1eme caza. Prep\u00e1rame un guisado como a m\u00ed me gusta y tr\u00e1emelo para que yo te bendiga antes que muera.\u00a0 Rebeca hab\u00eda estado escuchando lo que Isaac dec\u00eda a su hijo Esa\u00fa, y en cuanto \u00e9ste se fue al campo en busca de caza para su padre,\u00a0lam\u00f3 a su hijo Jacob y le dijo: \u00abAcabo de o\u00edr a tu padre hablar con tu hermano y decirle\u00a0que le trajera caza y le preparara un guisado para com\u00e9rselo, y que le bendecir\u00e1 delante del Se\u00f1or antes de morir. Hijo m\u00edo, esc\u00fachame y haz lo que te mando. Vete al reba\u00f1o y traeme dos cabritos. Yo preparar\u00e9 a tu padre un guisado como a \u00e9l le gusta\u00bb y Jacob respondi\u00f3 a Rebeca: \u00abT\u00fa sabes que mi hermano Esa\u00fa es velludo, y que yo soy lampi\u00f1o;si por casualidad mi padre me palpa, y descubre que soy un impostor, atraer\u00eda sobre m\u00ed la maldici\u00f3n en lugar de la bendici\u00f3n.\u00a0Su madre le dijo: \u00abCaiga sobre m\u00ed la maldici\u00f3n, hijo m\u00edo. T\u00fa hazme caso y vete a buscar los cabritos\u00bb.\u00a0El fue a buscar los cabritos, se los trajo a su madre, y ella prepar\u00f3 el guiso como a su padre le gustaba.\u00a0Tom\u00f3 despu\u00e9s Rebeca vestidos de Esa\u00fa, lo mejor que ten\u00eda en casa, y se los puso a Jacob, su hijo menor.\u00a0Con las pieles de los cabritos cubri\u00f3 sus manos y la parte lisa de su cuello,\u00a0y puso en las manos de Jacob el guiso y el pan que hab\u00eda preparado.<\/p>\n<p>Jacob entr\u00f3 adonde estaba su padre y le dijo: \u00ab\u00a1Padre! El respondi\u00f3: \u00abS\u00ed, \u00bfqui\u00e9n eres, hijo m\u00edo?\u00bb Jacob dijo: \u00abSoy Esa\u00fa, tu primog\u00e9nito. He hecho lo que me mandaste. Ven, si\u00e9ntate, come lo que he cazado, y despu\u00e9s me bendecir\u00e1s\u00bb. Isaac pregunt\u00f3 a su hijo: \u00ab\u00bfC\u00f3mo la has encontrado tan pronto, hijo m\u00edo?\u00bb El respondi\u00f3: \u00abPorque el Se\u00f1or, tu Dios, me la ha puesto en las manos.\u00a0E Isaac le dijo: \u00abAc\u00e9rcate, hijo m\u00edo, para que te palpe, a ver si t\u00fa eres mi hijo Esa\u00fa, o no\u00bb. Jacob se acerc\u00f3 a su padre Isaac, que lo palp\u00f3 y le dijo: \u00abLa voz es la de Jacob, pero las manos son las de Esa\u00fa\u00bb.\u00a0No lo reconoci\u00f3, porque las manos eran velludas como las de su hermano Esa\u00fa, y se dispuso a bendecirlo.\u00a0Pero todavia insisti\u00f3: \u00ab\u00bfEres t\u00fa de verdad mi hijo Esa\u00fa?\u00bb El contest\u00f3: \u00abS\u00ed, yo soy\u00bb.\u00a0Entonces le dijo: \u00abAc\u00e9rcame la caza, hijo m\u00edo, para que coma, y te bendecir\u00e9\u00bb. Jacob se la sirvi\u00f3, y \u00e9l comi\u00f3; le trajo tambi\u00e9n vino, y bebi\u00f3.\u00a0Despu\u00e9s Isaac, su padre, le dijo: \u00abAhora ac\u00e9rcate y b\u00e9same, hijo m\u00edo\u00bb.\u00a0El se acerc\u00f3 y lo bes\u00f3. Y cuando Isaac oli\u00f3 su ropa lo bendijo diciendo: El aroma de mi hijo es como el de un campo bendecido por el Se\u00f1or.\u00a0Que Dios te conceda el roc\u00edo del cielo, la fertilidad de la tierra, y trigo y mosto en abundancia.\u00a0Que los pueblos te sirvan, y las naciones se inclinen ante ti. S\u00e9 se\u00f1or de tus hermanos y que se postren ante ti los hijos de tu madre. Maldito sea quien te maldiga, y quien te bendiga sea bendito\u00bb. Tan pronto\u00a0termin\u00f3 Isaac de bendecir a Jacob; nada m\u00e1s salir \u00e9ste de su presencia, volvi\u00f3 de la caza su hermano Esa\u00fa.\u00a0Prepar\u00f3 tambi\u00e9n \u00e9l un guiso, se lo llev\u00f3 a su padre y le dijo: \u00abPadre, lev\u00e1ntate y come la caza de tu hijo, y despu\u00e9s me bendecir\u00e1s\u00bb.\u00a0Pero Isaac le dijo: \u00ab\u00bfQui\u00e9n eres t\u00fa?\u00bb El respondi\u00f3: \u00abEsa\u00fa, tu hijo primog\u00e9nito\u00bb.\u00a0Entonces Isaac se estremeci\u00f3 fuertmente y dijo: \u00ab\u00bfPues qui\u00e9n ha sido el que me ha tra\u00eddo la caza? Com\u00ed de ella antes de que t\u00fa vinieras, lo he bendecido, y quedar\u00e1 bendito\u00bb.\u00a0Al o\u00edr Esa\u00fa las palabras de su padre, dio un gran grito y, lleno de amargura, dijo a su padre: \u00abBend\u00edceme tambi\u00e9n a m\u00ed, padre\u00bb.\u00a0Pero \u00e9l le respondi\u00f3: \u00abTu hermano vino con enga\u00f1o y se llev\u00f3 tu bendici\u00f3n.\u00a0Esa\u00fa exclam\u00f3: \u00abCon raz\u00f3n se llama Jacob, me ha suplantado ya dos veces, primero se llev\u00f3 mis derechos de primog\u00e9nito y ahora se lleva mi bendici\u00f3n. Y a\u00f1adi\u00f3: \u00ab\u00bfNo tienes otra bendici\u00f3n para mi?\u00bb. Isaac le respondi\u00f3: \u00abYa lo he constituido se\u00f1or tuyo, y le he dado por siervos a todos sus parientes; le he asegurado el trigo y el vino, \u00bfqu\u00e9 puedo hacer por ti, hijo mio?\u00bb. Entonces Esa\u00fa insisti\u00f3: \u00ab\u00bfNo tienes m\u00e1s que una bendici\u00f3n, padre?\u00bb Bend\u00edceme tambi\u00e9n a m\u00ed, padre m\u00edo\u00bb. Esa\u00fa \u00a0llor\u00f3 a gritos.\u00a0Entonces su padre Isaac dijo: \u00abVivir\u00e1s lejos de tu tierra, lejos del roc\u00edo del cielo.\u00a0Vivir\u00e1s de tu espada y servir\u00e1s a tu hermano; pero cuando te emancipes, sacudir\u00e1s su yugo de tu cuello\u00bb.<\/p>\n<p>Desde entonces Esa\u00fa odi\u00f3 a Jacob por la bendici\u00f3n que su padre le habla dado, y se dijo para sus adentros: \u00abSe acerca el d\u00eda en que se har\u00e1 duelo por mi padre; entonces matar\u00e9 a mi hermano Jacob\u00bb. Le contaron a Rebeca lo que habla dicho su hijo mayor, y \u00e9sta mand\u00f3 llamar a Jacob para decirle: \u00abMira, tu hermano Esa\u00fa quiere matarte para vengarse de ti. Por tanto, hijo m\u00edo, esc\u00fachame: huye en seguida a casa de mi hermano Lab\u00e1n, a Jar\u00e1n. Qu\u00e9date con \u00e9l por alg\u00fan tiempo hasta que se haya calmado el rencor de tu hermano contra ti, y se olvide de lo que le has hecho. Entonces yo mandar\u00e9 a buscarte . No quiero perderos a los dos el mismo d\u00eda\u00bb.<\/p>\n<p>Despu\u00e9s Rebeca dijo a Isaac: \u00abEstoy asqueada de la vida, a causa de las mujeres hititas. \u00bfSi Jacob se casa con \u00a0una hitita como \u00e9stas, no me importa la vida\u00bb.\u00bb<\/p>\n<p><span id=\"verse-container1\" class=\"verse-container\" data-verse=\"1\"><span id=\"annotation-container1\" class=\"annotation-container\"><span id=\"verse-content-1\" class=\"verse-content\"><span class=\"verse-text\">G\u00e9nesis 28: \u00abIsaac llam\u00f3 a Jacob, lo bendijo y le dio esta orden: \u00abNo te cases con una mujer cananea. <\/span><\/span><\/span><\/span><span id=\"verse-container2\" class=\"verse-container\" data-verse=\"2\"><span id=\"annotation-container2\" class=\"annotation-container\"><span id=\"verse-content-2\" class=\"verse-content\"><span class=\"verse-text\">Anda, vete a Pad\u00e1n Ar\u00e1n, a casa de tu abuelo Betuel, y toma all\u00ed por mujer a una de las hijas de tu t\u00edo Lab\u00e1n. <\/span><\/span><\/span><\/span><span id=\"verse-container3\" class=\"verse-container\" data-verse=\"3\"><span id=\"annotation-container3\" class=\"annotation-container\"><span id=\"verse-content-3\" class=\"verse-content\"><span class=\"verse-text\">Que el Dios Poderoso te bendiga y te haga tan fecundo y numeroso que llegues a ser una muchedumbre de naciones. <\/span><\/span><\/span><\/span><span id=\"verse-container4\" class=\"verse-container\" data-verse=\"4\"><span id=\"annotation-container4\" class=\"annotation-container\"><span id=\"verse-content-4\" class=\"verse-content\"><span class=\"verse-text\">Que \u00e9l te conceda la bendici\u00f3n de Abrah\u00e1n a ti y a tus descendientes, y llegues a poseer la tierra en la que resides como emigrante, la que Dios entreg\u00f3 a Abraham. <\/span><\/span><\/span><\/span><span id=\"verse-container5\" class=\"verse-container\" data-verse=\"5\"><span id=\"annotation-container5\" class=\"annotation-container\"><span id=\"verse-content-5\" class=\"verse-content\"><span class=\"verse-text\">Isaac despidi\u00f3 a Jacob, y \u00e9ste se fue a Pad\u00e1n Ar\u00e1n, a casa de Lab\u00e1n, hijo del arameo Betuel, y hermano de Rebeca, madre de Esa\u00fa y Jacob.<\/span><\/span><\/span><\/span><\/p>\n<p><span id=\"verse-container6\" class=\"verse-container\" data-verse=\"6\"><span id=\"annotation-container6\" class=\"annotation-container\"><span id=\"verse-content-6\" class=\"verse-content\"><span class=\"verse-text\">\u00a0Esa\u00fa supo de que Isaac hab\u00eda bendecido a Jacob y le habla enviado a Pad\u00e1n Ar\u00e1n para tomar all\u00ed esposa, y de que al bendecirlo le habla ordenado que no se casara con una mujer cananea, <\/span><\/span><\/span><\/span><span id=\"verse-container7\" class=\"verse-container\" data-verse=\"7\"><span id=\"annotation-container7\" class=\"annotation-container\"><span id=\"verse-content-7\" class=\"verse-content\"><span class=\"verse-text\">y de que Jacob, obedeciendo a sus padres, habla partido en direcci\u00f3n a Pad\u00e1n Ar\u00e1n\u00a0<\/span><\/span><\/span><\/span><span id=\"verse-container8\" class=\"verse-container\" data-verse=\"8\"><span id=\"annotation-container8\" class=\"annotation-container\"><span id=\"verse-content-8\" class=\"verse-content\"><span class=\"verse-text\">y comprendi\u00f3 que las mujeres cananeas eran mal vistas por su padre Isaac. Entonces Esa\u00fa fue donde viv\u00eda Ismael <\/span><\/span><\/span><\/span><span id=\"verse-container9\" class=\"verse-container\" data-verse=\"9\"><span id=\"annotation-container9\" class=\"annotation-container\"><span id=\"verse-content-9\" class=\"verse-content\"><span class=\"verse-text\">y, adem\u00e1s de las que ya ten\u00eda, tom\u00f3 por mujer a Majalat, hija de Ismael, el hijo de Abrah\u00e1n, y hermana de Nebayot.<\/span><\/span><\/span><\/span><\/p>\n<p><span id=\"verse-container10\" class=\"verse-container\" data-verse=\"10\"><span id=\"annotation-container10\" class=\"annotation-container\"><span id=\"verse-content-10\" class=\"verse-content\"><span class=\"verse-text\">Sali\u00f3 Jacob de Berseba con direcci\u00f3n a Jar\u00e1n. <\/span><\/span><\/span><\/span><span id=\"verse-container11\" class=\"verse-container\" data-verse=\"11\"><span id=\"annotation-container11\" class=\"annotation-container\"><span id=\"verse-content-11\" class=\"verse-content\"><span class=\"verse-text\">Llegado a cierto lugar, se dispuso a pasar all\u00ed la noche, porque ya el sol se hab\u00eda puesto. Tom\u00f3 una piedra, se la puso de cabezal, y se acost\u00f3. T<\/span><\/span><\/span><\/span><span id=\"verse-container12\" class=\"verse-container\" data-verse=\"12\"><span id=\"annotation-container12\" class=\"annotation-container\"><span id=\"verse-content-12\" class=\"verse-content\"><span class=\"verse-text\">uvo un sue\u00f1o. Ve\u00eda una escalera que, apoy\u00e1ndose en tierra, tocaba con su cima el cielo. Por ella sub\u00edan y bajaban los \u00e1ngeles del Se\u00f1or. \u00a0Arriba estaba el Se\u00f1or, \u00e9l cual dijo: \u00ab<\/span><\/span><\/span><\/span><span id=\"verse-container13\" class=\"verse-container\" data-verse=\"13\"><span id=\"annotation-container13\" class=\"annotation-container\"><span id=\"verse-content-13\" class=\"verse-content\"><span class=\"verse-text\">Yo soy el Se\u00f1or, el Dios de tu abuelo Abrah\u00e1n y el Dios de Isaac; yo te dar\u00e9 a ti y a tu descendencia la tierra sobre la que est\u00e1s acostado. <\/span><\/span><\/span><\/span><span id=\"verse-container14\" class=\"verse-container\" data-verse=\"14\"><span id=\"annotation-container14\" class=\"annotation-container\"><span id=\"verse-content-14\" class=\"verse-content\"><span class=\"verse-text\">Tu descendencia ser\u00e1 como el polvo de la tierra; te extender\u00e1s al este y al oeste, al norte y al sur. Todas las naciones recibir\u00e1n la bendici\u00f3n a trav\u00e9s de ti y de tu descendencia. <\/span><\/span><\/span><\/span><span id=\"verse-container15\" class=\"verse-container\" data-verse=\"15\"><span id=\"annotation-container15\" class=\"annotation-container\"><span id=\"verse-content-15\" class=\"verse-content\"><span class=\"verse-text\">Yo estoy contigo. Te proteger\u00e9 adondequiera que vayas y har\u00e9 que vuelvas a esta tierra, porque no te abandonar\u00e9 hasta que haya cumplido lo que te he prometido. <\/span><\/span><\/span><\/span><span id=\"verse-container16\" class=\"verse-container\" data-verse=\"16\"><span id=\"annotation-container16\" class=\"annotation-container\"><span id=\"verse-content-16\" class=\"verse-content\"><span class=\"verse-text\">Al despertar Jacob de su sue\u00f1o, dijo: \u00abCiertamente el Se\u00f1or est\u00e1 en este lugar, y yo no lo sab\u00eda\u00bb. Tuvo miedo y<\/span><\/span><\/span><\/span><span id=\"verse-container17\" class=\"verse-container\" data-verse=\"17\"><span id=\"annotation-container17\" class=\"annotation-container\"><span id=\"verse-content-17\" class=\"verse-content\"><span class=\"verse-text\">\u00a0a\u00f1adi\u00f3: \u00ab\u00a1Qu\u00e9 terrible es este lugar! \u00a1Nada menos que la casa de Dios y la puerta del cielo!\u00bb.\u00a0<\/span><\/span><\/span><\/span><span id=\"verse-container18\" class=\"verse-container\" data-verse=\"18\"><span id=\"annotation-container18\" class=\"annotation-container\"><span id=\"verse-content-18\" class=\"verse-content\"><span class=\"verse-text\">Y levant\u00e1ndose temprano tom\u00f3 la piedra que se hab\u00eda puesto por cabezal, la erigi\u00f3 a modo de estela y derram\u00f3 aceite sobre ella. <\/span><\/span><\/span><\/span><span id=\"verse-container19\" class=\"verse-container\" data-verse=\"19\"><span id=\"annotation-container19\" class=\"annotation-container\"><span id=\"verse-content-19\" class=\"verse-content\"><span class=\"verse-text\">Y llam\u00f3 a aquel lugar Betel , antes se llamaba Luz. <\/span><\/span><\/span><\/span><\/p>\n<p><span id=\"verse-container20\" class=\"verse-container\" data-verse=\"20\"><span id=\"annotation-container20\" class=\"annotation-container\"><span id=\"verse-content-20\" class=\"verse-content\"><span class=\"verse-text\">Jacob hizo tambi\u00e9n esta promesa: \u00abSi Dios est\u00e1 conmigo, si me protege en este viaje que estoy haciendo y me da pan y vestidos para cubrirme,\u00a0<\/span><\/span><\/span><\/span><span id=\"verse-container21\" class=\"verse-container\" data-verse=\"21\"><span id=\"annotation-container21\" class=\"annotation-container\"><span id=\"verse-content-21\" class=\"verse-content\"><span class=\"verse-text\">y si puedo volver sano y salvo a casa de mi padre; entonces el Se\u00f1or ser\u00e1 mi Dios, <\/span><\/span><\/span><\/span><span id=\"verse-container22\" class=\"verse-container\" data-verse=\"22\"><span id=\"annotation-container22\" class=\"annotation-container\"><span id=\"verse-content-22\" class=\"verse-content\"><span class=\"verse-text\">y esta piedra que he levantado a modo de estela ser\u00e1 un santuario\u00bb.<\/span><\/span><\/span><\/span><\/p>\n<figure id=\"attachment_358\" aria-describedby=\"caption-attachment-358\" style=\"width: 300px\" class=\"wp-caption alignright\"><a href=\"http:\/\/www.elmundodegallasalva.es\/wp-content\/uploads\/2011\/09\/dsc02111.jpg\"><img loading=\"lazy\" class=\"size-medium wp-image-358\" src=\"http:\/\/www.elmundodegallasalva.es\/wp-content\/uploads\/2011\/09\/dsc02111-300x225.jpg\" alt=\"\" width=\"300\" height=\"225\" srcset=\"http:\/\/www.elmundodegallasalva.es\/wp-content\/uploads\/2011\/09\/dsc02111-300x225.jpg 300w, http:\/\/www.elmundodegallasalva.es\/wp-content\/uploads\/2011\/09\/dsc02111.jpg 640w\" sizes=\"(max-width: 300px) 100vw, 300px\" \/><\/a><figcaption id=\"caption-attachment-358\" class=\"wp-caption-text\">La Virgen conducida por El\u00edas Profeta en su carro de fuego<\/figcaption><\/figure>\n<p>Cuando se dice en el Apocalipsis lo de:\u00a0\u201cTENER OIDOS PARA ESCUCHAR LO QUE EL ESPIRITU DICE A LAS IGLESIAS\u201d y que \u201cal vencedor le dar\u00e1 la Estrella de La Ma\u00f1ana\u201d, que representa a Venus; debemos de saber que el s\u00edmbolo de Venus o Anj simboliza la INMORTALIDAD. Tambi\u00e9n la piedrecita blanca es s\u00edmbolo de la inmortalidad<\/p>\n<p>\u00abVuestra Luz, Sagrada Aurora de los mortales es guia y norte, sois Estrella Matutina de una luz que no confunde&#8230;\u00bb reza la canci\u00f3n a la Virgen de Mongrony (Mogoronio). Venus siempre est\u00e1 al lado del Sol, o sea que si es de noche anuncia la salida del sol Y ES LA ESTRELLA DE LA MA\u00d1ANA.<\/p>\n<p>Cuando Venus sale por la tarde est\u00e1 junto a la puesta de Sol y es estrella Vespertina. O sea s\u00f3lo est\u00e1 cerca del Sol y s\u00f3lo se puede ver al amanecer o al atardecer. Venus es la diosa que representa nuestra macroera de Libra y que no podr\u00eda faltar al Final de los Tiempos, en el Jucio Final.\u00a0 Una macroera de Libra, siendo este signo zodiacal representado por la balanza y que por lo tanto representa\u00a0 la\u00a0 justicia , se ver\u00eda\u00a0 rid\u00edcula o sin sentido de no tener su Juicio Final.<\/p>\n<p>&nbsp;<\/p>\n<p>&nbsp;<\/p>\n","protected":false},"excerpt":{"rendered":"<p>Seg\u00fan Tolomeo:\u00abDamasco de Siria fue fundada y bautizada por Damasco, hijo del administrador de Abraham; \u00a0anta\u00f1o tuvo la primac\u00eda en&hellip;<\/p>\n","protected":false},"author":1,"featured_media":0,"parent":2,"menu_order":0,"comment_status":"closed","ping_status":"closed","template":"template-fullwidth.php","meta":{"_monsterinsights_skip_tracking":false,"_monsterinsights_sitenote_active":false,"_monsterinsights_sitenote_note":"","_monsterinsights_sitenote_category":0},"_links":{"self":[{"href":"http:\/\/www.elmundodegallasalva.es\/index.php?rest_route=\/wp\/v2\/pages\/2919"}],"collection":[{"href":"http:\/\/www.elmundodegallasalva.es\/index.php?rest_route=\/wp\/v2\/pages"}],"about":[{"href":"http:\/\/www.elmundodegallasalva.es\/index.php?rest_route=\/wp\/v2\/types\/page"}],"author":[{"embeddable":true,"href":"http:\/\/www.elmundodegallasalva.es\/index.php?rest_route=\/wp\/v2\/users\/1"}],"replies":[{"embeddable":true,"href":"http:\/\/www.elmundodegallasalva.es\/index.php?rest_route=%2Fwp%2Fv2%2Fcomments&post=2919"}],"version-history":[{"count":0,"href":"http:\/\/www.elmundodegallasalva.es\/index.php?rest_route=\/wp\/v2\/pages\/2919\/revisions"}],"up":[{"embeddable":true,"href":"http:\/\/www.elmundodegallasalva.es\/index.php?rest_route=\/wp\/v2\/pages\/2"}],"wp:attachment":[{"href":"http:\/\/www.elmundodegallasalva.es\/index.php?rest_route=%2Fwp%2Fv2%2Fmedia&parent=2919"}],"curies":[{"name":"wp","href":"https:\/\/api.w.org\/{rel}","templated":true}]}}