{"id":2927,"date":"2017-05-01T12:11:42","date_gmt":"2017-05-01T12:11:42","guid":{"rendered":"http:\/\/www.elmundodegallasalva.es\/?page_id=2927"},"modified":"2017-05-01T14:13:37","modified_gmt":"2017-05-01T14:13:37","slug":"anales-de-los-reyes-israel-de-cataluna-y-de-espana","status":"publish","type":"page","link":"http:\/\/www.elmundodegallasalva.es\/?page_id=2927","title":{"rendered":"Anales de los reyes Israel, de Catalu\u00f1a y de Espa\u00f1a"},"content":{"rendered":"<figure id=\"attachment_57\" aria-describedby=\"caption-attachment-57\" style=\"width: 300px\" class=\"wp-caption alignleft\"><a href=\"http:\/\/www.elmundodegallasalva.es\/wp-content\/uploads\/2011\/06\/portal-dimensional1.jpg\"><img loading=\"lazy\" class=\"size-medium wp-image-57\" src=\"http:\/\/www.elmundodegallasalva.es\/wp-content\/uploads\/2011\/06\/portal-dimensional1-300x225.jpg\" alt=\"\" width=\"300\" height=\"225\" srcset=\"http:\/\/www.elmundodegallasalva.es\/wp-content\/uploads\/2011\/06\/portal-dimensional1-300x225.jpg 300w, http:\/\/www.elmundodegallasalva.es\/wp-content\/uploads\/2011\/06\/portal-dimensional1.jpg 640w\" sizes=\"(max-width: 300px) 100vw, 300px\" \/><\/a><figcaption id=\"caption-attachment-57\" class=\"wp-caption-text\">Fragmento de la portalada del monasterio de Ripoll, con el Ibis a la derecha y un enorme ano que se abre, simbolizando la purificaci\u00f3n, la trasmutaci\u00f3n y el oro m\u00edstico.<\/figcaption><\/figure>\n<p>Narciso Feliu de la Pe\u00f1a i Farell (nacido en Barcelona en a\u00f1o 1646, muerto en 1712) nos habla de los reyes de Espa\u00f1a en sus Anales de Catalu\u00f1a\u00a0(tres vol\u00famenes editados en a\u00f1o 1709) y nos dice lo siguiente:<\/p>\n<p><em> \u00abPartido Atlas de Espa\u00f1a, gobern\u00f3 Sicoro con todo acierto, nombr\u00f3 al Segre Sicoro, al Estanque de Capsir, \u00f3 r\u00edo Teth le di\u00f3 el nombre por Tetis su Abuela. Por este rey el r\u00edo Segre se nombr\u00f3 Sicoro, y la tierra Sicania. Sicoro, \u00f3 Sicorio fund\u00f3 en Catalu\u00f1a Ager, por Agger, defensa de las crecidas avenidas de aguas de aquellos llanos&#8230;..Muerto Sicoro, \u00a0fue admitido Sic\u00e0no su hijo en Espa\u00f1a por rey famoso por su valor, y prudencia. A los principios de su govierno, entendiendo que en Italia se hab\u00eda movido sangrienta Guerra, con los italianos, y Espa\u00f1oles que avian passado con Atlas, y otros como est\u00e1 dicho, eligi\u00f3 passar alla para componerles; pass\u00f3 \u00e0 Sicilia, diole el nombre de Cicania, dexando el de Tinacria antiguo. Compuso los disgustos, pele\u00f3 contra los obstinados, y reduxolo todo \u00e0 suma quietud. \u00a0Tuvo por muger \u00e0 Ceres que ense\u00f1\u00f3 \u00e0 arar, la cultura de los Campos, y la noticia de las semillas, introduciendo el Pan; viviendo antes los hombres, de bellotas, yervas , y frutas silvestres. Llamose Jupiter Sic\u00e0no por su valor. Concluyendo Sic\u00e0no con la quietud de Italia, lleno de victorias, bolvi\u00f2 \u00e0 Espa\u00f1a, y aviendo Reynado 31 a\u00f1os, acab\u00f3 sus dias a\u00f1o del mundo 2373.\u00a0<\/em><\/p>\n<p><em>Siceleo magnanimo, fuerte, y liberal, despues de su Padre Sic\u00e0no , domin\u00f3 \u00e0 Espa\u00f1a, passo con poderoso Exercito de Espa\u00f1oles \u00e0 Italia, favoreciendo a Jazio, \u00f2 Jason hijo de Eletra contra Dardano, que mat\u00f3 \u00e0 Jason vilmente, ampar\u00f3 \u00e0 su hijo Colibanto, dexando los Espa\u00f1oles para su resguardo, llamandose Siceleos, los cuales se pretende que dieron nombre \u00e0 Sicilia, en lugar de Sicanio. Passaron alli grandes cosas, y consiguieron gloriosos triunfos; lealo el curioso en Florian, y Medina, dexolo por no ser de mi intento, bolvi\u00f2 \u00e0 Espa\u00f1a, Reyn\u00f3 44 a\u00f1os, muri\u00f3 a\u00f1o del mundo 2417\u00bb.<\/em><\/p>\n<figure id=\"attachment_2683\" aria-describedby=\"caption-attachment-2683\" style=\"width: 225px\" class=\"wp-caption alignright\"><a href=\"http:\/\/www.elmundodegallasalva.es\/wp-content\/uploads\/2015\/09\/11205536_716282338503912_1822854174515238579_n.jpg\"><img loading=\"lazy\" class=\"size-medium wp-image-2683\" src=\"http:\/\/www.elmundodegallasalva.es\/wp-content\/uploads\/2015\/09\/11205536_716282338503912_1822854174515238579_n-225x300.jpg\" alt=\"Fuente de la piedra filosofal\" width=\"225\" height=\"300\" srcset=\"http:\/\/www.elmundodegallasalva.es\/wp-content\/uploads\/2015\/09\/11205536_716282338503912_1822854174515238579_n-225x300.jpg 225w, http:\/\/www.elmundodegallasalva.es\/wp-content\/uploads\/2015\/09\/11205536_716282338503912_1822854174515238579_n.jpg 720w\" sizes=\"(max-width: 225px) 100vw, 225px\" \/><\/a><figcaption id=\"caption-attachment-2683\" class=\"wp-caption-text\">la necr\u00f3polis de Ripoll ha quedado muy limpia.<\/figcaption><\/figure>\n<p>Se identifica al rey Sicoro con Sic\u00e0no y Siceleo, son la misma persona los tres \u00a0y tambi\u00e9n los identificamos con el Isaac b\u00edblico. En la lista de reyes de Espa\u00f1a a Sicileo le sucede su hijo Lvso, al que podemos identificar con el rey Auso que da nombre a los Ausetanos u Osonencos \u00a0y con Osiris. Tambi\u00e9n se identifica a Lvso con el Esa\u00fa b\u00edblico, se van repitiendo a tres reyes todo el rato. Sic\u00e0no es el Ano o Jano o el Pan que da nombre a Hispania y cuya \u00abesposa\u00bb era Ceres, que daba nombre a Ceretania y que es llamada Sara en la comarca del Ripoll\u00e9s y que es la hija de T\u00fabal, a la que los griegos llamaron Pirene<\/p>\n<p><em>En G\u00e9nesis 27 \u00a0dice: \u00abIsaac era ya viejo y se hab\u00eda quedado ciego. Llam\u00f3 a su hijo mayor Esa\u00fa y le dijo: \u201c\u00a1Hijo m\u00edo!\u201d. \u201c\u00a1Aqu\u00ed estoy!\u201d, respondi\u00f3 \u00e9l. \u201cComo ves, continu\u00f3 Isaac, yo soy viejo y no se cu\u00e1ndo morir\u00e9.\u00a0Toma tu aljaba, tu arco, \u00a0sal al campo y tr\u00e1eme caza. Prep\u00e1rame un guisado como a m\u00ed me gusta y tr\u00e1emelo para que yo te bendiga antes que muera.\u00a0 Rebeca hab\u00eda estado escuchando lo que Isaac dec\u00eda a su hijo Esa\u00fa, y en cuanto \u00e9ste se fue al campo en busca de caza para su padre,\u00a0lam\u00f3 a su hijo Jacob y le dijo: \u201cAcabo de o\u00edr a tu padre hablar con tu hermano y decirle\u00a0que le trajera caza y le preparara un guisado para com\u00e9rselo, y que le bendecir\u00e1 delante del Se\u00f1or antes de morir. Hijo m\u00edo, esc\u00fachame y haz lo que te mando. Vete al reba\u00f1o y traeme dos cabritos. Yo preparar\u00e9 a tu padre un guisado como a \u00e9l le gusta\u201d y Jacob respondi\u00f3 a Rebeca: \u201cT\u00fa sabes que mi hermano Esa\u00fa es velludo, y que yo soy lampi\u00f1o;si por casualidad mi padre me palpa, y descubre que soy un impostor, atraer\u00eda sobre m\u00ed la maldici\u00f3n en lugar de la bendici\u00f3n.\u00a0Su madre le dijo: \u201cCaiga sobre m\u00ed la maldici\u00f3n, hijo m\u00edo. T\u00fa hazme caso y vete a buscar los cabritos\u201d.\u00a0El fue a buscar los cabritos, se los trajo a su madre, y ella prepar\u00f3 el guiso como a su padre le gustaba.\u00a0Tom\u00f3 despu\u00e9s Rebeca vestidos de Esa\u00fa, lo mejor que ten\u00eda en casa, y se los puso a Jacob, su hijo menor.\u00a0Con las pieles de los cabritos cubri\u00f3 sus manos y la parte lisa de su cuello,\u00a0y puso en las manos de Jacob el guiso y el pan que hab\u00eda preparado.<\/em><\/p>\n<p><em>Jacob entr\u00f3 adonde estaba su padre y le dijo: \u201c\u00a1Padre! El respondi\u00f3: \u201cS\u00ed, \u00bfqui\u00e9n eres, hijo m\u00edo?\u201d Jacob dijo: \u201cSoy Esa\u00fa, tu primog\u00e9nito. He hecho lo que me mandaste. Ven, si\u00e9ntate, come lo que he cazado, y despu\u00e9s me bendecir\u00e1s\u201d. Isaac pregunt\u00f3 a su hijo: \u201c\u00bfC\u00f3mo la has encontrado tan pronto, hijo m\u00edo?\u201d El respondi\u00f3: \u201cPorque el Se\u00f1or, tu Dios, me la ha puesto en las manos.\u00a0E Isaac le dijo: \u201cAc\u00e9rcate, hijo m\u00edo, para que te palpe, a ver si t\u00fa eres mi hijo Esa\u00fa, o no\u201d. Jacob se acerc\u00f3 a su padre Isaac, que lo palp\u00f3 y le dijo: \u201cLa voz es la de Jacob, pero las manos son las de Esa\u00fa\u201d.\u00a0No lo reconoci\u00f3, porque las manos eran velludas como las de su hermano Esa\u00fa, y se dispuso a bendecirlo.\u00a0Pero todavia insisti\u00f3: \u201c\u00bfEres t\u00fa de verdad mi hijo Esa\u00fa?\u201d El contest\u00f3: \u201cS\u00ed, yo soy\u201d.\u00a0Entonces le dijo: \u201cAc\u00e9rcame la caza, hijo m\u00edo, para que coma, y te bendecir\u00e9\u201d. Jacob se la sirvi\u00f3, y \u00e9l comi\u00f3; le trajo tambi\u00e9n vino, y bebi\u00f3.\u00a0Despu\u00e9s Isaac, su padre, le dijo: \u201cAhora ac\u00e9rcate y b\u00e9same, hijo m\u00edo\u201d.\u00a0El se acerc\u00f3 y lo bes\u00f3. Y cuando Isaac oli\u00f3 su ropa lo bendijo diciendo: El aroma de mi hijo es como el de un campo bendecido por el Se\u00f1or.\u00a0Que Dios te conceda el roc\u00edo del cielo, la fertilidad de la tierra, y trigo y mosto en abundancia.\u00a0Que los pueblos te sirvan, y las naciones se inclinen ante ti. S\u00e9 se\u00f1or de tus hermanos y que se postren ante ti los hijos de tu madre. Maldito sea quien te maldiga, y quien te bendiga sea bendito\u201d. Tan pronto\u00a0termin\u00f3 Isaac de bendecir a Jacob; nada m\u00e1s salir \u00e9ste de su presencia, volvi\u00f3 de la caza su hermano Esa\u00fa.\u00a0Prepar\u00f3 tambi\u00e9n \u00e9l un guiso, se lo llev\u00f3 a su padre y le dijo: \u201cPadre, lev\u00e1ntate y come la caza de tu hijo, y despu\u00e9s me bendecir\u00e1s\u201d.\u00a0Pero Isaac le dijo: \u201c\u00bfQui\u00e9n eres t\u00fa?\u201d El respondi\u00f3: \u201cEsa\u00fa, tu hijo primog\u00e9nito\u201d.\u00a0Entonces Isaac se estremeci\u00f3 fuertmente y dijo: \u201c\u00bfPues qui\u00e9n ha sido el que me ha tra\u00eddo la caza? Com\u00ed de ella antes de que t\u00fa vinieras, lo he bendecido, y quedar\u00e1 bendito\u201d.\u00a0Al o\u00edr Esa\u00fa las palabras de su padre, dio un gran grito y, lleno de amargura, dijo a su padre: \u201cBend\u00edceme tambi\u00e9n a m\u00ed, padre\u201d.\u00a0Pero \u00e9l le respondi\u00f3: \u201cTu hermano vino con enga\u00f1o y se llev\u00f3 tu bendici\u00f3n.\u00a0Esa\u00fa exclam\u00f3: \u201cCon raz\u00f3n se llama Jacob, me ha suplantado ya dos veces, primero se llev\u00f3 mis derechos de primog\u00e9nito y ahora se lleva mi bendici\u00f3n. Y a\u00f1adi\u00f3: \u201c\u00bfNo tienes otra bendici\u00f3n para mi?\u201d. Isaac le respondi\u00f3: \u201cYa lo he constituido se\u00f1or tuyo, y le he dado por siervos a todos sus parientes; le he asegurado el trigo y el vino, \u00bfqu\u00e9 puedo hacer por ti, hijo mio?\u201d. Entonces Esa\u00fa insisti\u00f3: \u201c\u00bfNo tienes m\u00e1s que una bendici\u00f3n, padre?\u201d Bend\u00edceme tambi\u00e9n a m\u00ed, padre m\u00edo\u201d. Esa\u00fa \u00a0llor\u00f3 a gritos.\u00a0Entonces su padre Isaac dijo: \u201cVivir\u00e1s lejos de tu tierra, lejos del roc\u00edo del cielo.\u00a0Vivir\u00e1s de tu espada y servir\u00e1s a tu hermano; pero cuando te emancipes, sacudir\u00e1s su yugo de tu cuello\u201d.<\/em><\/p>\n<p><em>Desde entonces Esa\u00fa odi\u00f3 a Jacob por la bendici\u00f3n que su padre le habla dado, y se dijo para sus adentros: \u201cSe acerca el d\u00eda en que se har\u00e1 duelo por mi padre; entonces matar\u00e9 a mi hermano Jacob\u201d. Le contaron a Rebeca lo que habla dicho su hijo mayor, y \u00e9sta mand\u00f3 llamar a Jacob para decirle: \u201cMira, tu hermano Esa\u00fa quiere matarte para vengarse de ti. Por tanto, hijo m\u00edo, esc\u00fachame: huye en seguida a casa de mi hermano Lab\u00e1n, a Jar\u00e1n. Qu\u00e9date con \u00e9l por alg\u00fan tiempo hasta que se haya calmado el rencor de tu hermano contra ti, y se olvide de lo que le has hecho. Entonces yo mandar\u00e9 a buscarte. No quiero perderos a los dos el mismo d\u00eda\u201d\u00bb.<\/em><\/p>\n<p><iframe loading=\"lazy\" title=\"El gallinero mundial, los Castellanos y la piedra filosofal, el expediente m\u00e1s secreto del mundo\" width=\"688\" height=\"387\" src=\"https:\/\/www.youtube.com\/embed\/oVaIblpfjSE?feature=oembed\" frameborder=\"0\" allow=\"accelerometer; autoplay; clipboard-write; encrypted-media; gyroscope; picture-in-picture\" allowfullscreen><\/iframe><\/p>\n<p>Lo que quiero recalcar es que \u00a0\u00aben la lista de reyes de Espa\u00f1a figuran los del Israel b\u00edblico\u00bb . Vemos que Narciso Feliu nos dice que \u00bb\u00a0<em>Sicileo\u00a0favoreci\u00f3 a Jazio, \u00f2 Jason hijo de Eletra contra Dardano, que mat\u00f3 \u00e0 Jason vilmente\u00bb \u00a0<\/em>y ello se identifica con lo que nos dice la Biblia(<em>\u00a02Reyes 8,7), \u00a0nos cuentan que:<\/em><\/p>\n<p><em> \u00abFue Eliseo a Damasco. Estaba enfermo Ben Adad, rey de Aram, y le avisaron diciendo: \u201cEst\u00e1 aqu\u00ed el hombre de Dios\u201d. El rey dijo a Jazael: \u201cToma contigo un presente y vete a ver al hombre de Dios, y consulta por m\u00ed a Jehov\u00e1 si curar\u00e9 de esta enfermedad\u201d. Fue Jazael a su encuentro, llevando consigo un presente, todo lo mejor que hab\u00eda en Damasco, la carga de cuarenta camellos. Llegado, se present\u00f3 a \u00e9l y le dijo: \u201cTu hijo Ben Adad, rey de Siria, me manda a ti para preguntarte: \u00bfCurar\u00e9 de esta enfermedad?\u201d Eliseo le respondi\u00f3: \u201cVe y dile: T\u00fa curar\u00e1s\u201d, pero Jehov\u00e1 me ha revelado que \u00e9l morir\u00e1\u201d. El hombre de Dios puso sus ojos sobre Jazael y los fij\u00f3 en \u00e9l hasta hacerle enrojecer; luego se puso a llorar. El se pregunt\u00f3: \u201c\u00bfPor qu\u00e9 lloras mi se\u00f1or?\u201d Y Eliseo le respondi\u00f3: \u201cPorque s\u00e9 el mal que vas a hacer a los hijos de Israel; incendiar\u00e1s sus ciudades fuertes, pasar\u00e1s a cuchillo a sus mancebos, estrellar\u00e1s a sus ni\u00f1os y abrir\u00e1s el seno a sus pre\u00f1adas\u201d. Y Jazael dijo: \u201cPues \u00bfqu\u00e9 es tu siervo, este perro, para hacer grandes cosas?\u201d Y Eliseo respondi\u00f3: \u201cJehov\u00e1 me ha revelado que ser\u00e1s rey de Aram\u201d. Jazael dej\u00f3 a Eliseo y volvi\u00f3 a su se\u00f1or, que le pregunt\u00f3: \u201c\u00bfQu\u00e9 te ha dicho Eliseo?\u201d Y \u00e9l respondi\u00f3: \u201cMe ha dicho: Curar\u00e1s\u201d. Al d\u00eda siguiente cogi\u00f3 Jazael una manta, la empap\u00f3 en agua y la puso sobre el rostro del rey, que muri\u00f3. Jazael le sucedi\u00f3\u00bb.<\/em><\/p>\n<p>Lo mismo que sucede en los Anales de Catalu\u00f1a y que se superponen los reyes de Espa\u00f1a, sucede en los Anales de los reyes de Israel o en los anales de los reyes de Jud\u00e1 , como vemos en la muerte de Zorobo\u00e1n 1Reyes 14, 1:<\/p>\n<p><em> En aquel tiempo se enferm\u00f3 Ab\u00edas, el hijo de Jeroboam. \u00a0Entonces Jeroboam le dijo a su mujer: \u00abDisfr\u00e1zate para que nadie conozca que eres mi mujer, y vete a Sil\u00f3. All\u00ed est\u00e1 \u00a0Aj\u00edas, el profeta, el que me anunci\u00f3 que hab\u00eda de ser rey de este pueblo. Ll\u00e9vate diez \u00a0panes, unas tortas y un tarro de miel, y pres\u00e9ntale a \u00e9l. \u00c9l te dir\u00e1 lo que ha de ser del ni\u00f1o\u00bb. As\u00ed lo hizo; fue a Silo y entr\u00f3 en la casa de Aj\u00edas. Aj\u00edas no pod\u00eda ver, pues, por la vejez, ten\u00eda los ojos apagados.<\/em><\/p>\n<p><em>Pero el Se\u00f1or hab\u00eda diccho a Aj\u00edas: \u00abVa a venir la esposa la mujer de Jerobo\u00e1n a consultarte acerca de su hijo, que est\u00e1 enfermo. Le has de decir esto y esto\u00bb. Ella entr\u00f3 fingi\u00e9ndose otra. Aj\u00edas, al o\u00edr el ru\u00eddo de sus pasos cuando atravesaba el umbral, exclam\u00f3:\u00abEntra, mujer de Jerobo\u00e1n. \u00bfPor qu\u00e9 te haces pasar por otra? Tengo una mala noticia para ti. Ve y dile a Jerobo\u00e1n: Esto dice el Se\u00f1or. Yo te saqu\u00e9 de en medio del pueblo y te constru\u00ed jefe de mi pueblo Israel; quit\u00e9 el reino a la casa de David para d\u00e1rtelo a ti; pero t\u00fa no has sido como mi siervo David, el cual observ\u00f3 mis preceptos y me sigui\u00f3 de todo coraz\u00f3n, haciendo s\u00f3lo lo que es recto a mis ojos, sino que has obrado peor que todos los predecesores; has ido a fabricarte dioses extranjeros e im\u00e1genes fundidas, provocando con ello mi ira, y a mi me has dado la espalda; por eso voy \u00a0a traer la desventura sobre la casa de Jerobo\u00e1n: exterminar\u00e9 de ella a todos los varones, libres o esclavos, y barrer\u00e9 a la casa de Jerobo\u00e1n como se barre el estiercol, totalmente. Al que de la casa de Jerobo\u00e9n muera en la ciudad lo comer\u00e1n los perros; al que muera en el campo lo comer\u00e1n las aves del cielo. Porque as\u00ed lo ha dicho el Se\u00f1or. En cuanto a ti, lev\u00e1ntate y vete a tu casa; al pisar tus pies la ciudad el ni\u00f1o morir\u00e1.<\/em><\/p>\n<p><em>Todo Israel lo llorar\u00e1, y le enterrar\u00e1n, \u00e9ste ser\u00e1 el \u00fanico de Jerobo\u00e1n que vaya a parar a una sepultura, porque s\u00f3lo en \u00e9l , de la casa de Jerobo\u00e1n, se ha encontrado algo grato al Se\u00f1or, Dios de Israel. El Se\u00f1or pondr\u00e1 sobre Israel un rey que exterminar\u00e1 \u00a0la casa de Jerobo\u00e1n a su tiempo. \u00bfY que m\u00e1s? El Se\u00f1or golpear\u00e1 a Israel como una ca\u00f1a agitada por el agua y arrancar\u00e1 a Israel de la tierra f\u00e9rtil que dio a sus padres y los dispersar\u00e1 allende el r\u00edo, porque se hicieron estelas \u00a0irritando al Se\u00f1or. Entregar\u00e1 a Israel por causa de los pecados de Jerobo\u00e1n, los que \u00e9l ha cometido y los que ha hecho cometer a Israel\u00bb. La mujer de Jerobo\u00e1n se levant\u00f3 y sali\u00f3 para Tirs\u00e1. Cuando entraba por el umbral de la casa, el ni\u00f1o muri\u00f3 , y todo Israel le llor\u00f3, como el Se\u00f1or hab\u00eda diccho por medio de su siervo Aj\u00edas, el profeta.<\/em><\/p>\n<p>El resto de la historia de Jerobo\u00e1n , las guerras que hizo y como rein\u00f3, est\u00e1 escrito en los anales de los reyes de Israel. En los\u00a0Anales de Zurita, vemos que es el autor del Gesta Comitorum en el cap\u00edtulo XXIX que nos dice:<\/p>\n<p><em>\u00abLa superstici\u00f3n de los labriegos comarcanos, supone que hay en las espaciosas cavernas reyes encantados. \u00abEntre los cuales figura como principal el r\u00e9probo Arnau\u00bb y grandes caudales cuyo met\u00e1lico sonido se oye, sin que el ojo pueda ver m\u00e1s que piedra, hasta que alg\u00fan nuevo caballero andante devuelva a los soberanos el Cetro y las riquezas del pa\u00eds\u00bb.<\/em><\/p>\n<figure id=\"attachment_2928\" aria-describedby=\"caption-attachment-2928\" style=\"width: 300px\" class=\"wp-caption alignleft\"><a href=\"http:\/\/www.elmundodegallasalva.es\/wp-content\/uploads\/2017\/05\/gombr\u00e9n-074.jpg\"><img loading=\"lazy\" class=\"size-medium wp-image-2928\" src=\"http:\/\/www.elmundodegallasalva.es\/wp-content\/uploads\/2017\/05\/gombr\u00e9n-074-300x169.jpg\" alt=\"\" width=\"300\" height=\"169\" srcset=\"http:\/\/www.elmundodegallasalva.es\/wp-content\/uploads\/2017\/05\/gombr\u00e9n-074-300x169.jpg 300w, http:\/\/www.elmundodegallasalva.es\/wp-content\/uploads\/2017\/05\/gombr\u00e9n-074-768x432.jpg 768w, http:\/\/www.elmundodegallasalva.es\/wp-content\/uploads\/2017\/05\/gombr\u00e9n-074-1024x576.jpg 1024w, http:\/\/www.elmundodegallasalva.es\/wp-content\/uploads\/2017\/05\/gombr\u00e9n-074.jpg 1696w\" sizes=\"(max-width: 300px) 100vw, 300px\" \/><\/a><figcaption id=\"caption-attachment-2928\" class=\"wp-caption-text\">Iglesia de San Cipriano, en Bolmir (Cantabria)<\/figcaption><\/figure>\n<p>Reyes encantados, almas en pena, caballos de fuego, espaciosas estancias subterr\u00e1neas que se relacionan con el conde Arnau, con la Mina que en la canci\u00f3n se manda cerrar a la Viuda y que est\u00e1 a la espera del caballero andante o Mes\u00edas que habr\u00eda de venir al Final de los Tiempos a devolver el Cetro y las riquezas al pa\u00eds.\u00a0<i>E<\/i>n los Anales de Catalu\u00f1a de Narciso Feliu de la Pe\u00f1a, muy documentados, podemos ver a continuaci\u00f3n:<\/p>\n<p>\u00ab<em>Sucedi\u00f3 a Lvso Siculo, antes nombrado Vlo, y no queriendose nombrar Rey, sino Sic, juntos los dos t\u00e9rminos se llamaron Siculo, fue hijo de Luso, ay quien diga de Atlante, fue muy esfor\u00e7ado. tuvo grandes Armadas de Mar, y Tierra, Se\u00f1or del Mar por su valor, y arte: Los antiguos le llamaron Neptuno, fingido numen de aquellos siglos. En esta era, los Italianos inquietaron \u00e0 los Espa\u00f1oles, poblados en Italia, acudi\u00f2 prompto \u00e0 favorecerles Siculo, venci\u00f2 a los emulos, destruy\u00f3 sus Exercitos, domin\u00f3 los Pueblos ; y antes de su vuelta \u00e0 Espa\u00f1a, paraque los Espa\u00f1oles pudiessen mantener lo adquirido, mand\u00f2 quedassen muchas huestes de los que avia llevado de Espa\u00f1a, y que todos se nombrassen Siculos, y se dize que destos vltimos tom\u00f2 nombre Sicilia. Fund\u00f2 \u00e0 Olot , \u00f2 Aulot \u00a0en los Pirineos de Catalu\u00f1a, aunque se pretende fue su fundacion de Tubal, \u00f9 de Siceleo\u00bb.<\/em><\/p>\n<p>Vemos como los antiguos identifican a Siculo con Siceleo, con Neptuno y con el T\u00fabal fundador de Olot y que hemos identificado con el Santo Lot b\u00edblico, cuya esposa qued\u00f3 convertida en estatua de sal en la batalla de Sodoma y que es tambi\u00e9n el mism\u00edsimo Visn\u00fa de cuyo ombligo sale la flor de Loto, en la Trimurti ind\u00fa. Se identifica tambi\u00e9n con Ano, Jano y Oanes el hombre pez. Lo vemos representando ense\u00f1ando el culo o ano en los capiteles del monasterio de Ripoll o en la iglesia de san Cipriano de Bolmir, simbolizando la purificaci\u00f3n y es el patr\u00f3n de los anacoretas .<\/p>\n<p><iframe loading=\"lazy\" title=\"San Cipriano, Babilonia, el catarismo, el orfismo  y Catalonia\" width=\"688\" height=\"387\" src=\"https:\/\/www.youtube.com\/embed\/YXz1Bb97cG0?feature=oembed\" frameborder=\"0\" allow=\"accelerometer; autoplay; clipboard-write; encrypted-media; gyroscope; picture-in-picture\" allowfullscreen><\/iframe><\/p>\n<p>M\u00e1s informaci\u00f3n en el siguiente enlace:<\/p>\n<h2 class=\"title\"><a title=\"El demonio Jazarael, Ca\u00edn e Israel\" href=\"http:\/\/www.elmundodegallasalva.es\/?page_id=2898\" rel=\"bookmark\">El demonio Jazarael, Ca\u00edn e Israel<\/a><\/h2>\n<p>&nbsp;<\/p>\n<p>&nbsp;<\/p>\n<p>&nbsp;<\/p>\n","protected":false},"excerpt":{"rendered":"<p>Narciso Feliu de la Pe\u00f1a i Farell (nacido en Barcelona en a\u00f1o 1646, muerto en 1712) nos habla de los&hellip;<\/p>\n","protected":false},"author":1,"featured_media":0,"parent":2,"menu_order":0,"comment_status":"closed","ping_status":"closed","template":"template-fullwidth.php","meta":{"_monsterinsights_skip_tracking":false,"_monsterinsights_sitenote_active":false,"_monsterinsights_sitenote_note":"","_monsterinsights_sitenote_category":0},"_links":{"self":[{"href":"http:\/\/www.elmundodegallasalva.es\/index.php?rest_route=\/wp\/v2\/pages\/2927"}],"collection":[{"href":"http:\/\/www.elmundodegallasalva.es\/index.php?rest_route=\/wp\/v2\/pages"}],"about":[{"href":"http:\/\/www.elmundodegallasalva.es\/index.php?rest_route=\/wp\/v2\/types\/page"}],"author":[{"embeddable":true,"href":"http:\/\/www.elmundodegallasalva.es\/index.php?rest_route=\/wp\/v2\/users\/1"}],"replies":[{"embeddable":true,"href":"http:\/\/www.elmundodegallasalva.es\/index.php?rest_route=%2Fwp%2Fv2%2Fcomments&post=2927"}],"version-history":[{"count":0,"href":"http:\/\/www.elmundodegallasalva.es\/index.php?rest_route=\/wp\/v2\/pages\/2927\/revisions"}],"up":[{"embeddable":true,"href":"http:\/\/www.elmundodegallasalva.es\/index.php?rest_route=\/wp\/v2\/pages\/2"}],"wp:attachment":[{"href":"http:\/\/www.elmundodegallasalva.es\/index.php?rest_route=%2Fwp%2Fv2%2Fmedia&parent=2927"}],"curies":[{"name":"wp","href":"https:\/\/api.w.org\/{rel}","templated":true}]}}