{"id":2943,"date":"2017-05-04T02:16:35","date_gmt":"2017-05-04T02:16:35","guid":{"rendered":"http:\/\/www.elmundodegallasalva.es\/?page_id=2943"},"modified":"2017-05-04T13:00:05","modified_gmt":"2017-05-04T13:00:05","slug":"la-biblia-de-catalonia-jerusalen-y-babilonia","status":"publish","type":"page","link":"http:\/\/www.elmundodegallasalva.es\/?page_id=2943","title":{"rendered":"La Biblia de Catalonia, Jerusal\u00e9n y Babilonia"},"content":{"rendered":"<figure id=\"attachment_2683\" aria-describedby=\"caption-attachment-2683\" style=\"width: 225px\" class=\"wp-caption alignleft\"><a href=\"http:\/\/www.elmundodegallasalva.es\/wp-content\/uploads\/2015\/09\/11205536_716282338503912_1822854174515238579_n.jpg\"><img loading=\"lazy\" class=\"size-medium wp-image-2683\" src=\"http:\/\/www.elmundodegallasalva.es\/wp-content\/uploads\/2015\/09\/11205536_716282338503912_1822854174515238579_n-225x300.jpg\" alt=\"Fuente de la piedra filosofal\" width=\"225\" height=\"300\" srcset=\"http:\/\/www.elmundodegallasalva.es\/wp-content\/uploads\/2015\/09\/11205536_716282338503912_1822854174515238579_n-225x300.jpg 225w, http:\/\/www.elmundodegallasalva.es\/wp-content\/uploads\/2015\/09\/11205536_716282338503912_1822854174515238579_n.jpg 720w\" sizes=\"(max-width: 225px) 100vw, 225px\" \/><\/a><figcaption id=\"caption-attachment-2683\" class=\"wp-caption-text\">la necr\u00f3polis de Ripoll ha quedado muy limpia.<\/figcaption><\/figure>\n<p><em>Vencido Senacherib rey de Babilonia por Tarraco, \u00e0 quien la divina Escritura reg. 4. cap. 19. \u00e8 Isa\u00edas cap. 37. llama Tharaca, pass\u00f2 \u00e0 Espa\u00f1a este Rey con los Egipcios: Lleg\u00f2 \u00e0 Catalu\u00f1a que estava prevenida, y en Arma desde el Ebro hasta los Pirineos con su Capitan Theron, y sus Amigos: Hicieron frente al enemigo, vencieronle en varios rencuentros, y escaramu\u00e7as, y en algunas Batallas con grande perdida de los Enemigos; poco da\u00f1o, pero grande gloria nuestra: No obstante el poder de la Armada Maritima de los Egipcios, armaron los nuestros algunos Vasos para impedirles los hurtos, y aunque pocos no fueron vencidos, \u00e8 impidieron al enemigo los progressos; y para mas estrecharle, mand\u00f3 Theron que los Bastimentos se retirassen \u00e0 los Montes, con soldados de resguardo, y las familias: Valiole el ardid, y mas el valor, pues aviendo desecho, y muy disminuido al Enemigo, le oblig\u00f2 \u00e0 dexar la Tierra, y retirarse \u00e0 la Marina fortificandose en Tarragona, que se dize le di\u00f2 su nombre, y la bolvi\u00f2 \u00e0 redificar, porque se hallava destru\u00ecda por la seca, y no poblada: Detuvose en ella, perdidos dos tercios de su Exercito, y qued\u00f2 acovardado el otro.<\/em><\/p>\n<p><em>Baxaron de los Montes los Celtas, \u00f2 Catalanes que con las familias se avian retirado, Bolvieron a sus Pueblos, fundaron otros con los que victoriosos siguieron \u00e0 Theron. Viendo Tarraco perd\u00ecda su Armada, y destru\u00ecdo su Exercito, con algunos pocos Vasos que le avian quedado, y otros que vinieron para defenderle, bolvi\u00f2 a su Tierra triste, y vencido. Muri\u00f2 Theron en vna Batalla delante de Cadiz; duraron estas Guerras 35. a\u00f1os, la partida de Tarraco fue antes de Cristo 764. ( Anales de Catalu\u00f1a se\u00a0 Narciso Feliu de la Pe\u00f1a i Farell, a\u00f1o 1709)<\/em><\/p>\n<p><iframe loading=\"lazy\" title=\"Catalonia, el arameo y la antigua Babilonia\" width=\"688\" height=\"387\" src=\"https:\/\/www.youtube.com\/embed\/nEy2JTYEJnQ?feature=oembed\" frameborder=\"0\" allow=\"accelerometer; autoplay; clipboard-write; encrypted-media; gyroscope; picture-in-picture\" allowfullscreen><\/iframe><\/p>\n<p>Vemos que en los Anales de Catalu\u00f1a de Narciso Feliu nos hablan de Senacherib rey de Babilonia, que es derrotado por Tarraco y que luego se libra tremenda batalla en Catalu\u00f1a. En la Biblia Vulgata traducida al espa\u00f1ol, en el libro quarto de los reyes, capitulo XIX leemos lo siguiente:<\/p>\n<p>Oidas las blasphemias , Ezequ\u00edas e Isa\u00edas rogaron al Se\u00f1or que los librase. Y un \u00c1ngel del Se\u00f1or quita la vida a ciento ochenta y cinco mil Assyrios: huye Senaquerib, y es muerto por sus hijos un el templo de sus \u00eddolos. Y habiendo oido que dec\u00edan de Tharaca Rey de Ethiopia: Mira que se han puesto en camino para hacerte la guerra: al tiempo de salir contra \u00e9l, envi\u00f3 Embaxadores a Ezequ\u00edas, diciendo:\u00a0 Decid esto a Ezequ\u00edas Rey de Jud\u00e1: No te enga\u00f1e tu Dios, en quien tienes la confianza; ni digas : Jerusalem no ser\u00e1 entregada en manos del Rey de los Assyrios. Porque t\u00fa mismo has oido lo que hicieron los Reyes de los Assyrios con todas las tierras, y como las destruyeron: \u00bfser\u00e1s por ventura t\u00fa solo el que te librar\u00e1s?\u00bfAcaso los dioses de las Naciones han librado a alguna de aquellas que destruyeron mis padres, a saber es, a Goz\u00e1n y Har\u00e1n y a Res\u00e9ph y a los hijos de Ed\u00e9n que estaban en Thelass\u00e1r? \u00bfD\u00f3nde est\u00e1 el Rey de Em\u00e1th y el Rey de Arph\u00e1d y el Rey de la ciudad de Sepharva\u00edm, de Ana y de Ava?&#8230;&#8230;..<\/p>\n<p>Volvemos a los Anales de Catalu\u00f1a de Narciso Feliu de la Pe\u00f1a que nos explica lo que pas\u00f3 tras la cat\u00e1strofe conocida como la Seca, anterior al Diluvio y que seg\u00fan los an\u00e1lisis de los n\u00facleos de hielo sucedi\u00f3 hace m\u00e1s de 12.000 a\u00f1os:<\/p>\n<p><em>El oro que no conoc\u00ecan, \u00f2 despreciavan nuestros antiguos Catalanes, solicitos los Estrangeros le recogieron para su thesoro, y da\u00f1o destos Reynos, hechos Teatro de la Guerra por sus riquezas; Los primeros que acudieron al potos\u00ec del Thesoro fueron Phrigios, descendientes desta Tierra, \u00e8 hijos de los que salieron de ella reynando Brigo, como hemos visto; que como buenos cu\u00ecdaron de acudir \u00e0 su antigua Patria, pero para su provecho.<\/em><\/p>\n<p><em>Los Phenisses de las Ciudades de Tiro, que tambien descienden de Pa\u00ecsanos nuestros, como se refiri\u00f2 cap.4. de Brigo libro.2, y los de Sidon con sus Armadas Mar\u00edtimas, y Sicheo marido de la Reyna Dido, vinieron \u00e0 provar el Oro, que desecharon sus mayores: Con la simpat\u00eca del Origen , y buen trato, entendiendo la ocasion del viaje, les ense\u00f1aron los Pa\u00edsanos los Estanques de los apetecibles metales, de los cuales, hechas sus cargas, llevaron abundancia \u00e0 Assia, y esta es la primera venida, que sucedi\u00f2 a\u00f1o 828. antes de Chisto. Llegaron pues \u00e0 Tiro ricos, y contentos, con general aplauso, y pasmo de aquellos pueblos, por la cantidad del thesoro, cuya ancia les oblig\u00f2 \u00e0 bolver \u00e0 Espa\u00f1a , para poblarse entre tanta riqueza: Bolvieron pues, muerto y\u00e0 Sicheo, con valiente caudillo llamado Pigmalion, que desembarc\u00f2 en Cadiz, y hallandose los enemigos prevenidos de vasos, y fuegos, nos quemaron algunos Vaxeles, obligando \u00e0 retirarse nuestra Armada:Sentidos los Saguntinos con su General, y por vengarse, vnidos \u00e0 los Celtiberos poblados en Aragon, y Valencia, juntandoseles los Celtas, y Celtiberos, entraron en Castilla, Andaluzia, y Portugal con grande da\u00f1o de aquellos Pueblos, y poblaron varias Ciudades, y lugares: Podrasse v\u00e8r en Florian, y Garibay.<br \/>\n<\/em><\/p>\n<p>Vemos que se nos habla del rey Brigo, que fue famoso en Espa\u00f1a porque construy\u00f3 castillos y refugios subterr\u00e1neos por todo el planeta siguiendo las leyes de la geometr\u00eda sagrada, salvando la vida de la cat\u00e1strofe conocida como la Seca, anterior al Diluvio. Brigo fue el primero que us\u00f3 un castillo pintado de insignia y daba nombre a la tribu \u00edbera Castellanos y a los Brigas. Esos Castellanos ten\u00edan conocimientos astron\u00f3micos enormes y operaban en grados, es decir que sab\u00edan que la b\u00f3beda celeste ten\u00eda 360\u00ba y lo vemos en la Biblia Vulgata que ya nos habla de la sombra y los grados, ci\u00e9ncia antigua conocida como Gnom\u00f3tica que estudia las sombras, que med\u00eda la velocidad de inclinaci\u00f3n del eje terrestre, las eras y macroeras. Se usa tambi\u00e9n para medir la altitud de una monta\u00f1a o para hacer mapas.<\/p>\n<p>Volviendo a la Biblia Vulgata vemos que nos dice :<\/p>\n<p>&#8230;..<em> Ezequ\u00edas hab\u00eda dicho a Issa\u00edas. \u00bf Qu\u00e1l ser\u00e1 la se\u00f1al de que el Se\u00f1or me dar\u00e1 la salud , y de que aqu\u00ed a tres d\u00edas he de subir al Templo del Se\u00f1or? Issa\u00edas le respondi\u00f3: Esta ser\u00e1 la se\u00f1al de parte del Se\u00f1or, de que cumplir\u00e1 el Se\u00f1or la palabra que ha hablado: \u00bfQuieres que suba la sombra diez l\u00edneas, o que retroceda otros tantos grados? Y dijo Ezequ\u00edas: Cosa f\u00e1cil es que la sombra se adelante diez l\u00edneas: no quiero que eso sea; sino que vuelva atr\u00e1s diez grados. Entonces el profeta Issa\u00edas invoc\u00f3 al Se\u00f1or, e hizo volver la sombra por las l\u00edneas que hab\u00eda ya corrido en el reloj de Ac\u00e1z, diez grados atr\u00e1s. <\/em><\/p>\n<p><em>En aquel tiempo envi\u00f3 Berod\u00e1ch Balad\u00e1n, hijo de Balad\u00e1n Rey de los Babylonios, cartas y presentes a Ezequ\u00edas; porque hab\u00eda oido que hab\u00eda enfermado Ezequ\u00edas. Y Ezequ\u00edas alegr\u00f3se con su venida , y mostr\u00f3les la ca<\/em>sa de <em>los aromas, y el oro y la plata, y varios b\u00e1lsamos, y los ung\u00fcentos, y la estancia de sus vasos, y todo lo que pod\u00eda tener en sus thesoros. No hubo cosa en su casa y en todo su poder que Ezequ\u00edas no les mostrase. Mas el profeta Isa\u00edas vino a ver al rey Ezequ\u00edas, y dixole: \u00a1Qu\u00e9 han dicho estos hombres? \u00bf o de d\u00f3nde vinierona t\u00ed?Ezequ\u00edas le respondi\u00f3: Han venido a verme de una tierra distante de<\/em> <em>Babylonia. Y \u00e9l respondi\u00f3: \u00bf Qu\u00e9 han visto en tu casa? Dixo Ezeq\u00faias:Han visto todo quanto hay en mi casa: nada hay en mis thesoros que yo no les haya mostrado.<\/em><\/p>\n<p>Vemos como la tierra de Jud\u00e1 estaba en Espa\u00f1a, en la parte que hoy es Catalonia y\u00a0 podemos identificar Jerusal\u00e9n con la actual Gerona y hay bastante documentaci\u00f3n antigua que nos habla del Ther\u00f3n que luch\u00f3 contra el gigante Geri\u00f3n o Tharaca, al que se identifica tambi\u00e9n con T\u00fabal y Goliat. Siendo Ther\u00f3n identificado con J\u00fapiter -Osiris-David-Esa\u00fa y el rey Auso que daba nombre a los Ausetanos. Sin embargo una parte del t\u00e9rmino municipal actual de Gerona pertenec\u00eda a la tribu Castellanos liderada por el rey Brigo, que se identifica con Jacob y el demonio Jazarael que daba nombre a Israel. As\u00ed que la ciudad de Babilonia antigua no estaba en paises lejanos, aunque Tolomeo nos habla de una Babilonia en Asiria y otra en \u00c1frica.<\/p>\n<p><iframe loading=\"lazy\" src=\"https:\/\/www.youtube.com\/embed\/oVaIblpfjSE?feature=oembed\" width=\"500\" height=\"281\" frameborder=\"0\" allowfullscreen=\"allowfullscreen\" data-mce-fragment=\"1\"><\/iframe><\/p>\n","protected":false},"excerpt":{"rendered":"<p>Vencido Senacherib rey de Babilonia por Tarraco, \u00e0 quien la divina Escritura reg. 4. cap. 19. \u00e8 Isa\u00edas cap. 37.&hellip;<\/p>\n","protected":false},"author":1,"featured_media":0,"parent":0,"menu_order":0,"comment_status":"closed","ping_status":"closed","template":"","meta":{"_monsterinsights_skip_tracking":false,"_monsterinsights_sitenote_active":false,"_monsterinsights_sitenote_note":"","_monsterinsights_sitenote_category":0},"_links":{"self":[{"href":"http:\/\/www.elmundodegallasalva.es\/index.php?rest_route=\/wp\/v2\/pages\/2943"}],"collection":[{"href":"http:\/\/www.elmundodegallasalva.es\/index.php?rest_route=\/wp\/v2\/pages"}],"about":[{"href":"http:\/\/www.elmundodegallasalva.es\/index.php?rest_route=\/wp\/v2\/types\/page"}],"author":[{"embeddable":true,"href":"http:\/\/www.elmundodegallasalva.es\/index.php?rest_route=\/wp\/v2\/users\/1"}],"replies":[{"embeddable":true,"href":"http:\/\/www.elmundodegallasalva.es\/index.php?rest_route=%2Fwp%2Fv2%2Fcomments&post=2943"}],"version-history":[{"count":0,"href":"http:\/\/www.elmundodegallasalva.es\/index.php?rest_route=\/wp\/v2\/pages\/2943\/revisions"}],"wp:attachment":[{"href":"http:\/\/www.elmundodegallasalva.es\/index.php?rest_route=%2Fwp%2Fv2%2Fmedia&parent=2943"}],"curies":[{"name":"wp","href":"https:\/\/api.w.org\/{rel}","templated":true}]}}