{"id":3139,"date":"2019-06-06T14:26:10","date_gmt":"2019-06-06T14:26:10","guid":{"rendered":"http:\/\/www.elmundodegallasalva.es\/?page_id=3139"},"modified":"2019-06-06T14:28:49","modified_gmt":"2019-06-06T14:28:49","slug":"profecias-de-elias-la-mujer-del-cordero-y-el-anticristo","status":"publish","type":"page","link":"http:\/\/www.elmundodegallasalva.es\/?page_id=3139","title":{"rendered":"Profec\u00edas de El\u00edas, la Mujer del Cordero y el Anticristo"},"content":{"rendered":"\n<div class=\"wp-block-image\"><figure class=\"aligncenter\"><a href=\"http:\/\/www.elmundodegallasalva.es\/wp-content\/uploads\/2011\/09\/dsc021191.jpg\"><img loading=\"lazy\" width=\"300\" height=\"225\" src=\"http:\/\/www.elmundodegallasalva.es\/wp-content\/uploads\/2011\/09\/dsc021191-300x225.jpg\" alt=\"\" class=\"wp-image-360\" srcset=\"http:\/\/www.elmundodegallasalva.es\/wp-content\/uploads\/2011\/09\/dsc021191-300x225.jpg 300w, http:\/\/www.elmundodegallasalva.es\/wp-content\/uploads\/2011\/09\/dsc021191.jpg 640w\" sizes=\"(max-width: 300px) 100vw, 300px\" \/><\/a><figcaption>profec\u00edas del ermita\u00f1o, supuestamente de una mujer alemana que firmaba con dicho seud\u00f3nimo<\/figcaption><\/figure><\/div>\n\n\n\n<p>Nos dice Tolomeo que: \u00abEn Sarapa es a donde fueron trasladados en cuerpo y alma Enoch(antes del Diluvio) y El\u00edas, nacido en Siria, al margen de la ley de las Escrituras, esperando la llegada del Anticristo bajo el cual sufrir\u00e1n martirio\u00bb.<\/p>\n\n\n\n<div class=\"wp-block-image\"><figure class=\"alignright\"><a href=\"http:\/\/www.elmundodegallasalva.es\/wp-content\/uploads\/2011\/09\/dsc02224.jpg\"><img loading=\"lazy\" width=\"300\" height=\"225\" src=\"http:\/\/www.elmundodegallasalva.es\/wp-content\/uploads\/2011\/09\/dsc02224-300x225.jpg\" alt=\"\" class=\"wp-image-332\" srcset=\"http:\/\/www.elmundodegallasalva.es\/wp-content\/uploads\/2011\/09\/dsc02224-300x225.jpg 300w, http:\/\/www.elmundodegallasalva.es\/wp-content\/uploads\/2011\/09\/dsc02224.jpg 640w\" sizes=\"(max-width: 300px) 100vw, 300px\" \/><\/a><figcaption>profec\u00edas de una mujer de seud\u00f3nimo ermita\u00f1o<\/figcaption><\/figure><\/div>\n\n\n\n<p>Hay otra&nbsp;versi\u00f3n del Apocalipsis firmada por un tal Ermita\u00f1o, que muy cerca de la palabra Ad\u00e1n est\u00e1&nbsp;<\/p>\n\n\n\n<p>&nbsp;la palabra Henoch, aqu\u00ed con H, que se va elevando o abriendo paso entre las ramas de la Vi\u00f1a hasta alcanzar el florecimiento. El\u00edas aparece m\u00e1s tarde, a partir de la tercera rama&nbsp; y ambos se encuentran con el Anticristo, aqu\u00ed llamado Antecristo y lo vencen de alguna manera alcanzando juntos el florecimiento.&nbsp;<\/p>\n\n\n\n<p>Otro personaje que aparece en las profec\u00edas es la Mujer del Cordero, que va armada con dos espadas que echan fuego y acompa\u00f1ada de tres \u00e1ngeles. Podemos ver que siempre aparecen las palabras Iglesia Cat\u00f3lica en el encabezado, sin embargo quiz\u00e1s sean s\u00f3lo una manera de protecci\u00f3n frente a la inquisici\u00f3n que reinaba en aquel entonces. Hay que tener en cuenta que las litograf\u00edas pon\u00edan la direcci\u00f3n del lugar donde se hac\u00edan, que en este caso era la calle Ripoll de Barcelona y la censura era muy dura, tanto que pod\u00eda conllevar pena de muerte con tortura de propina.<\/p>\n\n\n\n<div class=\"wp-block-image\"><figure class=\"aligncenter\"><a href=\"http:\/\/www.elmundodegallasalva.es\/wp-content\/uploads\/2011\/09\/dsc02111.jpg\"><img loading=\"lazy\" width=\"300\" height=\"225\" src=\"http:\/\/www.elmundodegallasalva.es\/wp-content\/uploads\/2011\/09\/dsc02111-300x225.jpg\" alt=\"\" class=\"wp-image-358\" srcset=\"http:\/\/www.elmundodegallasalva.es\/wp-content\/uploads\/2011\/09\/dsc02111-300x225.jpg 300w, http:\/\/www.elmundodegallasalva.es\/wp-content\/uploads\/2011\/09\/dsc02111.jpg 640w\" sizes=\"(max-width: 300px) 100vw, 300px\" \/><\/a><figcaption>La Virgen conducida por El\u00edas Profeta en su carro de fuego<\/figcaption><\/figure><\/div>\n\n\n\n<p>El\u00edas, nace en Siria y protagoniza una de las profec\u00edas del Final de los Tiempos m\u00e1s enigm\u00e1ticas. Pero llegados aqu\u00ed debemos de mencionar a uno de los personajes m\u00e1s car\u00edsm\u00e1ticos de la profec\u00eda que se trata de una mujer, la llamada Sibila Eritrea.<\/p>\n\n\n\n<p>Seg\u00fan la Cosmolog\u00eda de Tolomeo&nbsp; la Sibila Eritrea, la quinta Sibila y nacida en Babilonia,&nbsp; es la que profetiza sobre Cristo y habla as\u00ed:<\/p>\n\n\n\n<p>\u00abEn el momento final Dios se volver\u00e1 humilde, se volver\u00e1 humilde su descendencia divina: yacer\u00e1 en el heno el cordero y nacer\u00e1 un dios hombre mediante la intervenci\u00f3n de una doncella. Le preceder\u00e1n se\u00f1ales entre los judios y una vetusta mujer concebir\u00e1 una criatura. Betes admirar\u00e1 al conductor del orbe y se preparar\u00e1 para el nacimiento\u00bb<\/p>\n\n\n\n<p>En otras p\u00e1ginas hemos hablado de Babilonia o las Ruinas de Babi y que LONIA es una terminaci\u00f3n en aram\u00e9o que significaba ciudad y con el tiempo Colonia , que rima con Catalonia y algo m\u00e1s. Consta que el rey Senacherib de Babilonia fue derrotado por Tarraco y as\u00ed lo firman en los Anales de Catalu\u00f1a de Narciso Feliu de la Pe\u00f1a y otros.&nbsp;<\/p>\n\n\n\n<p>Es Narciso Feliu de la Pe\u00f1a que lo cuenta as\u00ed:&nbsp;<em>Vencido Senacherib rey de Babilonia por Tarraco, \u00e0 quien la divina Escritura reg. 4. cap. 19. \u00e8 Isa\u00edas cap. 37. llama Tharaca, pass\u00f2 \u00e0 Espa\u00f1a este Rey con los Egipcios: Lleg\u00f2 \u00e0 Catalu\u00f1a que estava prevenida, y en Arma desde el Ebro hasta los Pirineos con su Capitan Theron, y sus Amigos: Hicieron frente al enemigo, vencieronle en varios rencuentros, y escaramu\u00e7as, y en algunas Batallas con grande perdida de los Enemigos; poco da\u00f1o, pero grande gloria nuestra: No obstante el poder de la Armada Maritima de los Egipcios, armaron los nuestros algunos Vasos para impedirles los hurtos, y aunque pocos no fueron vencidos, \u00e8 impidieron al enemigo los progressos; y para mas estrecharle, mand\u00f3 Theron que los Bastimentos se retirassen \u00e0 los Montes, con soldados de resguardo, y las familias: Valiole el ardid, y mas el valor, pues aviendo desecho, y muy disminuido al Enemigo, le oblig\u00f2 \u00e0 dexar la Tierra, y retirarse \u00e0 la Marina fortificandose en Tarragona, que se dize le di\u00f2 su nombre, y la bolvi\u00f2 \u00e0 redificar, porque se hallava destru\u00ecda por la seca, y no poblada: Detuvose en ella, perdidos dos tercios de su Exercito, y qued\u00f2 acovardado el otro.<\/em><\/p>\n\n\n\n<p><em>Baxaron de los Montes los Celtas, \u00f2 Catalanes que con las familias se avian retirado, Bolvieron a sus Pueblos, fundaron otros con los que victoriosos siguieron \u00e0 Theron. Viendo Tarraco perd\u00ecda su Armada, y destru\u00ecdo su Exercito, con algunos pocos Vasos que le avian quedado, y otros que vinieron para defenderle, bolvi\u00f2 a su Tierra triste, y vencido. Muri\u00f2 Theron en vna Batalla delante de Cadiz; duraron estas Guerras 35. a\u00f1os, la partida de Tarraco fue antes de Cristo 764. ( Anales de Catalu\u00f1a se&nbsp; Narciso Feliu de la Pe\u00f1a i Farell, a\u00f1o 1709)<\/em><\/p>\n\n\n\n<h1><a href=\"http:\/\/www.elmundodegallasalva.es\/?page_id=2943\">La Biblia de Catalonia, Jerusal\u00e9n y Babilonia<\/a><\/h1>\n\n\n\n<p><strong>La Sibila Eritrea es tambi\u00e9n la portadora de la \u00faltima profec\u00eda y la guardiana del p\u00f3rtico de la Gloria, tal como se representa en la catedral de Santiago de Compostela.<\/strong><\/p>\n","protected":false},"excerpt":{"rendered":"<p>Nos dice Tolomeo que: \u00abEn Sarapa es a donde fueron trasladados en cuerpo y alma Enoch(antes del Diluvio) y El\u00edas,&hellip;<\/p>\n","protected":false},"author":1,"featured_media":0,"parent":0,"menu_order":0,"comment_status":"closed","ping_status":"closed","template":"","meta":{"_monsterinsights_skip_tracking":false,"_monsterinsights_sitenote_active":false,"_monsterinsights_sitenote_note":"","_monsterinsights_sitenote_category":0},"_links":{"self":[{"href":"http:\/\/www.elmundodegallasalva.es\/index.php?rest_route=\/wp\/v2\/pages\/3139"}],"collection":[{"href":"http:\/\/www.elmundodegallasalva.es\/index.php?rest_route=\/wp\/v2\/pages"}],"about":[{"href":"http:\/\/www.elmundodegallasalva.es\/index.php?rest_route=\/wp\/v2\/types\/page"}],"author":[{"embeddable":true,"href":"http:\/\/www.elmundodegallasalva.es\/index.php?rest_route=\/wp\/v2\/users\/1"}],"replies":[{"embeddable":true,"href":"http:\/\/www.elmundodegallasalva.es\/index.php?rest_route=%2Fwp%2Fv2%2Fcomments&post=3139"}],"version-history":[{"count":2,"href":"http:\/\/www.elmundodegallasalva.es\/index.php?rest_route=\/wp\/v2\/pages\/3139\/revisions"}],"predecessor-version":[{"id":3142,"href":"http:\/\/www.elmundodegallasalva.es\/index.php?rest_route=\/wp\/v2\/pages\/3139\/revisions\/3142"}],"wp:attachment":[{"href":"http:\/\/www.elmundodegallasalva.es\/index.php?rest_route=%2Fwp%2Fv2%2Fmedia&parent=3139"}],"curies":[{"name":"wp","href":"https:\/\/api.w.org\/{rel}","templated":true}]}}