{"id":946,"date":"2012-01-24T19:23:07","date_gmt":"2012-01-24T19:23:07","guid":{"rendered":"http:\/\/www.elmundodegallasalva.es\/?page_id=946"},"modified":"2013-02-24T03:38:22","modified_gmt":"2013-02-24T03:38:22","slug":"profecia-de-la-rosa","status":"publish","type":"page","link":"http:\/\/www.elmundodegallasalva.es\/?page_id=946","title":{"rendered":"Profec\u00eda de la Rosa"},"content":{"rendered":"<address style=\"text-align: center;\"><strong>Romano pont\u00edfice no te acerques <\/strong><\/address>\n<address style=\"text-align: center;\"><strong>a la ciudad que dos r\u00edos riegan<\/strong><\/address>\n<address style=\"text-align: center;\"><strong>tu sangre vendr\u00e1 a verter cerca de all\u00ed<\/strong><\/address>\n<address style=\"text-align: center;\"><strong>t\u00fa y los tuyos,cuando florecer\u00e1\u00a0 la rosa<\/strong><\/address>\n<address style=\"text-align: center;\"><span style=\"color: #993300;\">(II\u00aa Centuria de Nostrasdamus,\u00a0 cuarteta n\u00ba 49)<\/span><strong><br \/>\n<\/strong><\/address>\n<address style=\"text-align: center;\">\u00a0<\/address>\n<p style=\"text-align: center;\"><a href=\"http:\/\/www.elmundodegallasalva.es\/wp-content\/uploads\/2012\/01\/Rotaci\u00f3ncarmen_fotos-1436.jpg\"><img loading=\"lazy\" class=\"aligncenter size-medium wp-image-948\" title=\"Rotaci\u00f3ncarmen_fotos 1436\" alt=\"\" src=\"http:\/\/www.elmundodegallasalva.es\/wp-content\/uploads\/2012\/01\/Rotaci\u00f3ncarmen_fotos-1436-245x300.jpg\" width=\"245\" height=\"300\" srcset=\"http:\/\/www.elmundodegallasalva.es\/wp-content\/uploads\/2012\/01\/Rotaci\u00f3ncarmen_fotos-1436-245x300.jpg 245w, http:\/\/www.elmundodegallasalva.es\/wp-content\/uploads\/2012\/01\/Rotaci\u00f3ncarmen_fotos-1436.jpg 288w\" sizes=\"(max-width: 245px) 100vw, 245px\" \/><\/a><\/p>\n<p style=\"text-align: center;\"><strong>Sin duda esa profec\u00eda de Nostradamus se ha interpretado de muchas maneras y hasta hay quien la relaciona con el partido socialista,\u00a0 pero la rosa es un s\u00edmbolo muy antiguo que se relaciona con la Virgen Mar\u00eda.<\/strong><\/p>\n<p style=\"text-align: center;\"><strong>Podem\u00f3s ver por ejemplo en la canci\u00f3n de la Virgen de Montserrat que dice:<\/strong><\/p>\n<address style=\"text-align: center;\"><strong>\u00abRosa de Abril\u00a0 morena de la sierra, de Montserrat lucero<\/strong><\/address>\n<address style=\"text-align: center;\"><strong>iluminad la catalana tierra y guiadnos hacia el cielo\u00bb<\/strong><\/address>\n<address style=\"text-align: center;\">\u00a0<\/address>\n<p style=\"text-align: center;\"><a href=\"http:\/\/www.elmundodegallasalva.es\/wp-content\/uploads\/2012\/01\/Rotaci\u00f3ncarmen_fotos-1454.jpg\"><img loading=\"lazy\" class=\"aligncenter size-medium wp-image-947\" title=\"Rotaci\u00f3ncarmen_fotos 1454\" alt=\"\" src=\"http:\/\/www.elmundodegallasalva.es\/wp-content\/uploads\/2012\/01\/Rotaci\u00f3ncarmen_fotos-1454-245x300.jpg\" width=\"245\" height=\"300\" srcset=\"http:\/\/www.elmundodegallasalva.es\/wp-content\/uploads\/2012\/01\/Rotaci\u00f3ncarmen_fotos-1454-245x300.jpg 245w, http:\/\/www.elmundodegallasalva.es\/wp-content\/uploads\/2012\/01\/Rotaci\u00f3ncarmen_fotos-1454.jpg 288w\" sizes=\"(max-width: 245px) 100vw, 245px\" \/><\/a><\/p>\n<p style=\"text-align: center;\"><strong>La rosa roja se ha identificado con la sangre de los m\u00e1rtires, concretamente con la de los c\u00e1taros y la profec\u00eda alude a las rosas c\u00e1taras o suicidios colectivos que hac\u00edan mujeres, ancianos y\u00a0 ni\u00f1os para evitar torturas indeseables por parte de la inquisici\u00f3n.<\/strong><\/p>\n<p style=\"text-align: center;\"><strong>No es un secreto que se ha relacionado el florecimiento de la rosa con la caida de la iglesia cat\u00f3lica y Nostradamus lo deja entrever en otras cuartetas.<\/strong><\/p>\n<p style=\"text-align: center;\"><strong>Ya en las I\u00aa centuria, cuarteta 18 Nostramus dice:<\/strong><\/p>\n<address style=\"text-align: center;\"><strong>Por la discorde negligencia Gala<\/strong><\/address>\n<address style=\"text-align: center;\"><strong>Ser\u00e1 paso a Mahoma abierto:<\/strong><\/address>\n<address style=\"text-align: center;\"><strong>De sangre empapada la tierra y el mar del Sena,<\/strong><\/address>\n<address style=\"text-align: center;\"><strong>El puerto Foceo de velas y naves cubierto.<\/strong><\/address>\n<p style=\"text-align: center;\"><strong>S\u00f3lo digo que Par\u00eds tiene dos R\u00edos y casualmente fueron los reyes de Francia que aliados con el Papa\u00a0 propiciaron la muerte de los c\u00e1taros, se quedaron con sus tierras<\/strong>!<\/p>\n","protected":false},"excerpt":{"rendered":"<p>Romano pont\u00edfice no te acerques a la ciudad que dos r\u00edos riegan tu sangre vendr\u00e1 a verter cerca de all\u00ed&hellip;<\/p>\n","protected":false},"author":1,"featured_media":0,"parent":214,"menu_order":0,"comment_status":"open","ping_status":"open","template":"","meta":{"_monsterinsights_skip_tracking":false,"_monsterinsights_sitenote_active":false,"_monsterinsights_sitenote_note":"","_monsterinsights_sitenote_category":0},"_links":{"self":[{"href":"http:\/\/www.elmundodegallasalva.es\/index.php?rest_route=\/wp\/v2\/pages\/946"}],"collection":[{"href":"http:\/\/www.elmundodegallasalva.es\/index.php?rest_route=\/wp\/v2\/pages"}],"about":[{"href":"http:\/\/www.elmundodegallasalva.es\/index.php?rest_route=\/wp\/v2\/types\/page"}],"author":[{"embeddable":true,"href":"http:\/\/www.elmundodegallasalva.es\/index.php?rest_route=\/wp\/v2\/users\/1"}],"replies":[{"embeddable":true,"href":"http:\/\/www.elmundodegallasalva.es\/index.php?rest_route=%2Fwp%2Fv2%2Fcomments&post=946"}],"version-history":[{"count":0,"href":"http:\/\/www.elmundodegallasalva.es\/index.php?rest_route=\/wp\/v2\/pages\/946\/revisions"}],"up":[{"embeddable":true,"href":"http:\/\/www.elmundodegallasalva.es\/index.php?rest_route=\/wp\/v2\/pages\/214"}],"wp:attachment":[{"href":"http:\/\/www.elmundodegallasalva.es\/index.php?rest_route=%2Fwp%2Fv2%2Fmedia&parent=946"}],"curies":[{"name":"wp","href":"https:\/\/api.w.org\/{rel}","templated":true}]}}